{"id":1378,"date":"2019-12-12T07:48:29","date_gmt":"2019-12-12T12:48:29","guid":{"rendered":"http:\/\/agenciajumpers.com\/centromundolengua\/?page_id=1378"},"modified":"2026-01-30T14:30:44","modified_gmt":"2026-01-30T19:30:44","slug":"accreditations","status":"publish","type":"page","link":"https:\/\/centromundolengua.com\/es\/acreditaciones\/","title":{"rendered":"Acreditaciones"},"content":{"rendered":"<div class=\"wpb-content-wrapper\"><div class=\"vc_row wpb_row section vc_row-fluid\" style='background-color:#ffffff; padding-top:60px; padding-bottom:60px; text-align:left;'><div class=\"full_section_inner clearfix\"><div class=\"wpb_column vc_column_container vc_col-sm-12\"><div class=\"vc_column-inner\"><div class=\"wpb_wrapper\">\n\t<div class=\"wpb_text_column wpb_content_element  accreditation-mobile\">\n\t\t<div class=\"wpb_wrapper\">\n\t\t\t<p style=\"text-align: center;\" class=\" translation-block\">Centro MundoLengua cuenta con los <strong>principales sellos de calidad<\/strong> en la ense\u00f1anza del espa\u00f1ol para extranjeros. <br>Nuestro inter\u00e9s por la mejora continua nos ha llevado a ser reconocidos por <strong>instituciones nacionales e internacionales<\/strong>, que suponen una garant\u00eda para los alumnos.<\/p>\n\n\t\t<\/div>\n\t<\/div><\/div><\/div><\/div><\/div><\/div><div      class=\"vc_row wpb_row section vc_row-fluid  vc_custom_1576189619948 grid_section\" style='background-color:#ffffff; padding-top:100px; padding-bottom:100px; text-align:left;'><div class=\"section_inner clearfix\"><div class='section_inner_margin clearfix'><div class=\"wpb_column vc_column_container vc_col-sm-12 vc_hidden-xs\"><div class=\"vc_column-inner\"><div class=\"wpb_wrapper\"><div      class=\"vc_row wpb_row section vc_row-fluid vc_inner  vc_custom_1576188933333\" style=' text-align:center;'><div class=\"full_section_inner clearfix\"><div class=\"wpb_column vc_column_container vc_col-sm-3\"><div class=\"vc_column-inner\"><div class=\"wpb_wrapper\">\n\t<div class=\"wpb_single_image wpb_content_element vc_align_center\">\n\t\t<div class=\"wpb_wrapper\">\n\t\t\t\n\t\t\t<a href=\"https:\/\/acreditacion.cervantes.es\/\" target=\"_blank\"><div class=\"vc_single_image-wrapper   vc_box_border_grey\"><img loading=\"lazy\" decoding=\"async\" width=\"2034\" height=\"1144\" src=\"https:\/\/centromundolengua.com\/wp-content\/uploads\/2019\/12\/Logo-Instituto-Cervantes-y-Centro-MundoLengua.jpg\" class=\"vc_single_image-img attachment-full\" alt=\"Accreditations - Instituto Cervantes\" title=\"Accreditations - Instituto Cervantes\" srcset=\"https:\/\/centromundolengua.com\/wp-content\/uploads\/2019\/12\/Logo-Instituto-Cervantes-y-Centro-MundoLengua.jpg 2034w, https:\/\/centromundolengua.com\/wp-content\/uploads\/2019\/12\/Logo-Instituto-Cervantes-y-Centro-MundoLengua-300x169.jpg 300w, https:\/\/centromundolengua.com\/wp-content\/uploads\/2019\/12\/Logo-Instituto-Cervantes-y-Centro-MundoLengua-1024x576.jpg 1024w, https:\/\/centromundolengua.com\/wp-content\/uploads\/2019\/12\/Logo-Instituto-Cervantes-y-Centro-MundoLengua-768x432.jpg 768w, https:\/\/centromundolengua.com\/wp-content\/uploads\/2019\/12\/Logo-Instituto-Cervantes-y-Centro-MundoLengua-1536x864.jpg 1536w, https:\/\/centromundolengua.com\/wp-content\/uploads\/2019\/12\/Logo-Instituto-Cervantes-y-Centro-MundoLengua-700x394.jpg 700w, https:\/\/centromundolengua.com\/wp-content\/uploads\/2019\/12\/Logo-Instituto-Cervantes-y-Centro-MundoLengua-539x303.jpg 539w, https:\/\/centromundolengua.com\/wp-content\/uploads\/2019\/12\/Logo-Instituto-Cervantes-y-Centro-MundoLengua-600x337.jpg 600w, https:\/\/centromundolengua.com\/wp-content\/uploads\/2019\/12\/Logo-Instituto-Cervantes-y-Centro-MundoLengua-64x36.jpg 64w, https:\/\/centromundolengua.com\/wp-content\/uploads\/2019\/12\/Logo-Instituto-Cervantes-y-Centro-MundoLengua-107x60.jpg 107w, https:\/\/centromundolengua.com\/wp-content\/uploads\/2019\/12\/Logo-Instituto-Cervantes-y-Centro-MundoLengua-160x90.jpg 160w\" sizes=\"auto, (max-width: 2034px) 100vw, 2034px\" \/><\/div><\/a>\n\t\t<\/div>\n\t<\/div>\n<\/div><\/div><\/div><div class=\"wpb_column vc_column_container vc_col-sm-9\"><div class=\"vc_column-inner\"><div class=\"wpb_wrapper\">\n\t<div class=\"wpb_text_column wpb_content_element  title-accreditation-mobile\">\n\t\t<div class=\"wpb_wrapper\">\n\t\t\t<h4 style=\"text-align: left;\"><a href=\"https:\/\/www.cervantes.es\/default.htm\">Instituto Cervantes<\/a><\/h4>\n\n\t\t<\/div>\n\t<\/div>\n\t<div class=\"wpb_text_column wpb_content_element\">\n\t\t<div class=\"wpb_wrapper\">\n\t\t\t<p style=\"text-align: left;\">Nuestro centro de Sevilla ha obtenido la acreditaci\u00f3n del Instituto Cervantes, lo que significa que cumple con las condiciones establecidas por el Sistema de Acreditaci\u00f3n de Centros Instituto Cervantes, la \u00fanica acreditaci\u00f3n en el \u00e1mbito internacional centrada exclusivamente en la ense\u00f1anza de espa\u00f1ol como lengua extranjera. Entre los objetivos de esta instituci\u00f3n est\u00e1n la promoci\u00f3n y la ense\u00f1anza de la lengua espa\u00f1ola y la difusi\u00f3n de la cultura de Espa\u00f1a e Hispanoam\u00e9rica.<\/p>\n\n\t\t<\/div>\n\t<\/div><\/div><\/div><\/div><\/div><\/div><div      class=\"vc_row wpb_row section vc_row-fluid vc_inner  vc_custom_1576188916027\" style=' text-align:center;'><div class=\"full_section_inner clearfix\"><div class=\"wpb_column vc_column_container vc_col-sm-3\"><div class=\"vc_column-inner\"><div class=\"wpb_wrapper\">\n\t<div class=\"wpb_single_image wpb_content_element vc_align_center\">\n\t\t<div class=\"wpb_wrapper\">\n\t\t\t\n\t\t\t<a href=\"https:\/\/eventreg.collegeboard.org\/c\/calendar\/54ae034d-96ef-4609-8458-c7c7a76ad3b9\" target=\"_blank\"><div class=\"vc_single_image-wrapper   vc_box_border_grey\"><img loading=\"lazy\" decoding=\"async\" width=\"780\" height=\"480\" src=\"https:\/\/centromundolengua.com\/wp-content\/uploads\/2019\/12\/Logo-College-Board.jpg\" class=\"vc_single_image-img attachment-full\" alt=\"Accreditations - College Board\" title=\"Accreditations - College Board\" srcset=\"https:\/\/centromundolengua.com\/wp-content\/uploads\/2019\/12\/Logo-College-Board.jpg 780w, https:\/\/centromundolengua.com\/wp-content\/uploads\/2019\/12\/Logo-College-Board-300x185.jpg 300w, https:\/\/centromundolengua.com\/wp-content\/uploads\/2019\/12\/Logo-College-Board-768x473.jpg 768w, https:\/\/centromundolengua.com\/wp-content\/uploads\/2019\/12\/Logo-College-Board-700x431.jpg 700w, https:\/\/centromundolengua.com\/wp-content\/uploads\/2019\/12\/Logo-College-Board-600x369.jpg 600w, https:\/\/centromundolengua.com\/wp-content\/uploads\/2019\/12\/Logo-College-Board-64x39.jpg 64w, https:\/\/centromundolengua.com\/wp-content\/uploads\/2019\/12\/Logo-College-Board-98x60.jpg 98w, https:\/\/centromundolengua.com\/wp-content\/uploads\/2019\/12\/Logo-College-Board-146x90.jpg 146w\" sizes=\"auto, (max-width: 780px) 100vw, 780px\" \/><\/div><\/a>\n\t\t<\/div>\n\t<\/div>\n<\/div><\/div><\/div><div class=\"wpb_column vc_column_container vc_col-sm-9\"><div class=\"vc_column-inner\"><div class=\"wpb_wrapper\">\n\t<div class=\"wpb_text_column wpb_content_element  title-accreditation-mobile\">\n\t\t<div class=\"wpb_wrapper\">\n\t\t\t<h4 style=\"text-align: left;\"><a href=\"https:\/\/apcentral.collegeboard.org\/professional-learning\"><a href=\"https:\/\/www.collegeboard.org\/\" target=\"_self\"><strong>College Board<\/strong><\/a><\/a><\/h4>\n\n\t\t<\/div>\n\t<\/div>\n\t<div class=\"wpb_text_column wpb_content_element\">\n\t\t<div class=\"wpb_wrapper\">\n\t\t\t<p style=\"text-align: left;\">Esta organizaci\u00f3n sin \u00e1nimo de lucro desarrolla y administra ex\u00e1menes estandarizados para educaci\u00f3n primaria y secundaria: su objetivo es garantizar una correcta preparaci\u00f3n de los alumnos de cara al ingreso en la universidad. Centro MundoLengua es el \u00fanico centro en Espa\u00f1a acreditado para impartir formaciones a profesores preparadores del curso y del examen de AP\u00ae Lengua y Cultura y AP\u00ae Literatura y Cultura.<\/p>\n\n\t\t<\/div>\n\t<\/div><\/div><\/div><\/div><\/div><\/div><div      class=\"vc_row wpb_row section vc_row-fluid vc_inner  vc_custom_1576188921393\" style=' text-align:center;'><div class=\"full_section_inner clearfix\"><div class=\"wpb_column vc_column_container vc_col-sm-12 vc_col-has-fill\"><div class=\"vc_column-inner vc_custom_1596596206243\"><div class=\"wpb_wrapper\">\n\t<div class=\"wpb_text_column wpb_content_element\">\n\t\t<div class=\"wpb_wrapper\">\n\t\t\t<p style=\"text-align: left;\"><span style=\"font-size: 14px;\"><em>Los seminarios de verano de Centro MundoLengua de AP\u00ae Espa\u00f1ol est\u00e1n avalados por el College Board\u00ae.\u00a0<\/em><\/span><span style=\"font-size: 14px;\"><em>College Board,\u00a0 <\/em><\/span><span style=\"font-size: 14px;\"><em>AP\u00ae, Advanced Placement\u00ae, Advanced Placement Program\u00ae, AP\u00ae Vertical Teams, Pre-AP\u00ae y su logo de la bellota son marcas registradas del College Board. Usados con permiso.<\/em><\/span><\/p>\n\n\t\t<\/div>\n\t<\/div><\/div><\/div><\/div><\/div><\/div><\/div><\/div><\/div><\/div><\/div><\/div><div      class=\"vc_row wpb_row section vc_row-fluid  vc_custom_1576189619948 grid_section\" style='background-color:#ffffff; padding-top:100px; padding-bottom:100px; text-align:left;'><div class=\"section_inner clearfix\"><div class='section_inner_margin clearfix'><div class=\"wpb_column vc_column_container vc_col-sm-12 vc_hidden-lg vc_hidden-md vc_hidden-sm\"><div class=\"vc_column-inner\"><div class=\"wpb_wrapper\"><div      class=\"vc_row wpb_row section vc_row-fluid vc_inner  vc_custom_1576188933333\" style=' text-align:center;'><div class=\"full_section_inner clearfix\"><div class=\"wpb_column vc_column_container vc_col-sm-3\"><div class=\"vc_column-inner\"><div class=\"wpb_wrapper\">\n\t<div class=\"wpb_single_image wpb_content_element vc_align_center\">\n\t\t<div class=\"wpb_wrapper\">\n\t\t\t\n\t\t\t<a href=\"https:\/\/www.cervantes.es\/default.htm\" target=\"_blank\"><div class=\"vc_single_image-wrapper   vc_box_border_grey\"><img loading=\"lazy\" decoding=\"async\" width=\"2034\" height=\"1144\" src=\"https:\/\/centromundolengua.com\/wp-content\/uploads\/2019\/12\/Logo-Instituto-Cervantes-y-Centro-MundoLengua.jpg\" class=\"vc_single_image-img attachment-full\" alt=\"Accreditations - Instituto Cervantes\" title=\"Accreditations - Instituto Cervantes\" srcset=\"https:\/\/centromundolengua.com\/wp-content\/uploads\/2019\/12\/Logo-Instituto-Cervantes-y-Centro-MundoLengua.jpg 2034w, https:\/\/centromundolengua.com\/wp-content\/uploads\/2019\/12\/Logo-Instituto-Cervantes-y-Centro-MundoLengua-300x169.jpg 300w, https:\/\/centromundolengua.com\/wp-content\/uploads\/2019\/12\/Logo-Instituto-Cervantes-y-Centro-MundoLengua-1024x576.jpg 1024w, https:\/\/centromundolengua.com\/wp-content\/uploads\/2019\/12\/Logo-Instituto-Cervantes-y-Centro-MundoLengua-768x432.jpg 768w, https:\/\/centromundolengua.com\/wp-content\/uploads\/2019\/12\/Logo-Instituto-Cervantes-y-Centro-MundoLengua-1536x864.jpg 1536w, https:\/\/centromundolengua.com\/wp-content\/uploads\/2019\/12\/Logo-Instituto-Cervantes-y-Centro-MundoLengua-700x394.jpg 700w, https:\/\/centromundolengua.com\/wp-content\/uploads\/2019\/12\/Logo-Instituto-Cervantes-y-Centro-MundoLengua-539x303.jpg 539w, https:\/\/centromundolengua.com\/wp-content\/uploads\/2019\/12\/Logo-Instituto-Cervantes-y-Centro-MundoLengua-600x337.jpg 600w, https:\/\/centromundolengua.com\/wp-content\/uploads\/2019\/12\/Logo-Instituto-Cervantes-y-Centro-MundoLengua-64x36.jpg 64w, https:\/\/centromundolengua.com\/wp-content\/uploads\/2019\/12\/Logo-Instituto-Cervantes-y-Centro-MundoLengua-107x60.jpg 107w, https:\/\/centromundolengua.com\/wp-content\/uploads\/2019\/12\/Logo-Instituto-Cervantes-y-Centro-MundoLengua-160x90.jpg 160w\" sizes=\"auto, (max-width: 2034px) 100vw, 2034px\" \/><\/div><\/a>\n\t\t<\/div>\n\t<\/div>\n<\/div><\/div><\/div><div class=\"wpb_column vc_column_container vc_col-sm-9\"><div class=\"vc_column-inner\"><div class=\"wpb_wrapper\">\n\t<div class=\"wpb_text_column wpb_content_element  title-accreditation-mobile vc_custom_1597699545062\">\n\t\t<div class=\"wpb_wrapper\">\n\t\t\t<h4 style=\"text-align: center;\">Instituto Cervantes<\/h4>\n\n\t\t<\/div>\n\t<\/div>\n\t<div class=\"wpb_text_column wpb_content_element\">\n\t\t<div class=\"wpb_wrapper\">\n\t\t\t<p style=\"text-align: left;\">Nuestro centro de Sevilla ha obtenido la acreditaci\u00f3n del Instituto Cervantes, lo que significa que cumple con las condiciones establecidas por el Sistema de Acreditaci\u00f3n de Centros Instituto Cervantes, la \u00fanica acreditaci\u00f3n en el \u00e1mbito internacional centrada exclusivamente en la ense\u00f1anza de espa\u00f1ol como lengua extranjera. Entre los objetivos de esta instituci\u00f3n est\u00e1n la promoci\u00f3n y la ense\u00f1anza de la lengua espa\u00f1ola y la difusi\u00f3n de la cultura de Espa\u00f1a e Hispanoam\u00e9rica.<\/p>\n\n\t\t<\/div>\n\t<\/div><\/div><\/div><\/div><\/div><\/div><div      class=\"vc_row wpb_row section vc_row-fluid vc_inner  vc_custom_1576188916027\" style=' text-align:center;'><div class=\"full_section_inner clearfix\"><div class=\"wpb_column vc_column_container vc_col-sm-3\"><div class=\"vc_column-inner\"><div class=\"wpb_wrapper\">\n\t<div class=\"wpb_single_image wpb_content_element vc_align_center\">\n\t\t<div class=\"wpb_wrapper\">\n\t\t\t\n\t\t\t<a href=\"https:\/\/www.collegeboard.org\/\" target=\"_blank\"><div class=\"vc_single_image-wrapper   vc_box_border_grey\"><img loading=\"lazy\" decoding=\"async\" width=\"780\" height=\"480\" src=\"https:\/\/centromundolengua.com\/wp-content\/uploads\/2019\/12\/Logo-College-Board.jpg\" class=\"vc_single_image-img attachment-full\" alt=\"Accreditations - College Board\" title=\"Accreditations - College Board\" srcset=\"https:\/\/centromundolengua.com\/wp-content\/uploads\/2019\/12\/Logo-College-Board.jpg 780w, https:\/\/centromundolengua.com\/wp-content\/uploads\/2019\/12\/Logo-College-Board-300x185.jpg 300w, https:\/\/centromundolengua.com\/wp-content\/uploads\/2019\/12\/Logo-College-Board-768x473.jpg 768w, https:\/\/centromundolengua.com\/wp-content\/uploads\/2019\/12\/Logo-College-Board-700x431.jpg 700w, https:\/\/centromundolengua.com\/wp-content\/uploads\/2019\/12\/Logo-College-Board-600x369.jpg 600w, https:\/\/centromundolengua.com\/wp-content\/uploads\/2019\/12\/Logo-College-Board-64x39.jpg 64w, https:\/\/centromundolengua.com\/wp-content\/uploads\/2019\/12\/Logo-College-Board-98x60.jpg 98w, https:\/\/centromundolengua.com\/wp-content\/uploads\/2019\/12\/Logo-College-Board-146x90.jpg 146w\" sizes=\"auto, (max-width: 780px) 100vw, 780px\" \/><\/div><\/a>\n\t\t<\/div>\n\t<\/div>\n<\/div><\/div><\/div><div class=\"wpb_column vc_column_container vc_col-sm-9\"><div class=\"vc_column-inner\"><div class=\"wpb_wrapper\">\n\t<div class=\"wpb_text_column wpb_content_element  title-accreditation-mobile vc_custom_1597699559774\">\n\t\t<div class=\"wpb_wrapper\">\n\t\t\t<h4 style=\"text-align: center;\"><a href=\"https:\/\/www.collegeboard.org\/\" target=\"_self\"><strong>College Board<\/strong><\/a><\/h4>\n\n\t\t<\/div>\n\t<\/div>\n\t<div class=\"wpb_text_column wpb_content_element\">\n\t\t<div class=\"wpb_wrapper\">\n\t\t\t<p style=\"text-align: left;\">Esta organizaci\u00f3n sin \u00e1nimo de lucro desarrolla y administra ex\u00e1menes estandarizados para educaci\u00f3n primaria y secundaria: su objetivo es garantizar una correcta preparaci\u00f3n de los alumnos de cara al ingreso en la universidad. Centro MundoLengua es el \u00fanico centro en Espa\u00f1a acreditado para impartir formaciones a profesores preparadores del curso y del examen de AP\u00ae Lengua y Cultura y AP\u00ae Literatura y Cultura.<\/p>\n\n\t\t<\/div>\n\t<\/div><\/div><\/div><\/div><\/div><\/div><div      class=\"vc_row wpb_row section vc_row-fluid vc_inner  vc_custom_1576188921393\" style=' text-align:center;'><div class=\"full_section_inner clearfix\"><div class=\"wpb_column vc_column_container vc_col-sm-3\"><div class=\"vc_column-inner\"><div class=\"wpb_wrapper\">\n\t<div class=\"wpb_single_image wpb_content_element vc_align_center\">\n\t\t<div class=\"wpb_wrapper\">\n\t\t\t\n\t\t\t<a href=\"http:\/\/www.bildungsurlaub.de\/\" target=\"_blank\"><div class=\"vc_single_image-wrapper   vc_box_border_grey\"><img loading=\"lazy\" decoding=\"async\" width=\"324\" height=\"226\" src=\"https:\/\/centromundolengua.com\/wp-content\/uploads\/2019\/12\/Logo_bildungsurlaub-3.jpg\" class=\"vc_single_image-img attachment-full\" alt=\"Accreditations - Bildungsurlaub\" title=\"Accreditations - Bildungsurlaub\" srcset=\"https:\/\/centromundolengua.com\/wp-content\/uploads\/2019\/12\/Logo_bildungsurlaub-3.jpg 324w, https:\/\/centromundolengua.com\/wp-content\/uploads\/2019\/12\/Logo_bildungsurlaub-3-300x209.jpg 300w, https:\/\/centromundolengua.com\/wp-content\/uploads\/2019\/12\/Logo_bildungsurlaub-3-64x45.jpg 64w, https:\/\/centromundolengua.com\/wp-content\/uploads\/2019\/12\/Logo_bildungsurlaub-3-86x60.jpg 86w, https:\/\/centromundolengua.com\/wp-content\/uploads\/2019\/12\/Logo_bildungsurlaub-3-129x90.jpg 129w\" sizes=\"auto, (max-width: 324px) 100vw, 324px\" \/><\/div><\/a>\n\t\t<\/div>\n\t<\/div>\n<\/div><\/div><\/div><div class=\"wpb_column vc_column_container vc_col-sm-9\"><div class=\"vc_column-inner\"><div class=\"wpb_wrapper\">\n\t<div class=\"wpb_text_column wpb_content_element  title-accreditation-mobile vc_custom_1597699577101\">\n\t\t<div class=\"wpb_wrapper\">\n\t\t\t<h4 style=\"text-align: center;\">Bildungsurlaub<\/h4>\n\n\t\t<\/div>\n\t<\/div>\n\t<div class=\"wpb_text_column wpb_content_element\">\n\t\t<div class=\"wpb_wrapper\">\n\t\t\t<p style=\"text-align: left;\">Centro MundoLengua ofrece cursos reconocidos como vacaciones de formaci\u00f3n en distintos estados federales de Alemania. Todo empleado alem\u00e1n tiene derecho a cinco d\u00edas de vacaciones de formaci\u00f3n anuales, aparte de sus vacaciones habituales. Esto implica un reconocimiento oficial del valor de nuestros cursos de espa\u00f1ol. Si eres posible beneficiario y est\u00e1s interesado, ponte en contacto con nosotros y te informaremos de los cursos disponibles. Los contenidos y las fechas se adaptan a las necesidades del trabajador.<\/p>\n\n\t\t<\/div>\n\t<\/div><\/div><\/div><\/div><\/div><\/div><div      class=\"vc_row wpb_row section vc_row-fluid vc_inner  vc_custom_1576188921393\" style=' text-align:center;'><div class=\"full_section_inner clearfix\"><div class=\"wpb_column vc_column_container vc_col-sm-12 vc_col-has-fill\"><div class=\"vc_column-inner vc_custom_1596596206243\"><div class=\"wpb_wrapper\">\n\t<div class=\"wpb_text_column wpb_content_element\">\n\t\t<div class=\"wpb_wrapper\">\n\t\t\t<p style=\"text-align: left;\"><span style=\"font-size: 14px;\"><em>Los talleres de verano de Centro MundoLengua de espa\u00f1ol AP\u00ae est\u00e1n avalados por el College Board\u00ae.<\/em><\/span><\/p>\n<p style=\"text-align: left;\"><span style=\"font-size: 14px;\"><em>College Board,\u00a0 <\/em><\/span><span style=\"font-size: 14px;\"><em>AP\u00ae, Advanced Placement\u00ae, Advanced Placement Program\u00ae, AP\u00ae Vertical Teams, Pre-AP\u00ae y su logo de la bellota son marcas registradas del College Board. Usados con permiso.<\/em><\/span><\/p>\n\n\t\t<\/div>\n\t<\/div><\/div><\/div><\/div><\/div><\/div><\/div><\/div><\/div><\/div><\/div><\/div>\n<\/div>","protected":false},"excerpt":{"rendered":"Centro MundoLengua is proud to have received the highest seals of quality and accreditations available for any entity that teaches Spanish to international students. Our pursuit of continuous development has helped us earn official recognition and accreditations from national and international institutions \u2013 which in...","protected":false},"author":1,"featured_media":0,"parent":0,"menu_order":0,"comment_status":"closed","ping_status":"closed","template":"full_width.php","meta":{"_acf_changed":false,"content-type":"","footnotes":""},"class_list":["post-1378","page","type-page","status-publish","hentry"],"acf":[],"yoast_head":"<!-- This site is optimized with the Yoast SEO plugin v27.0 - https:\/\/yoast.com\/product\/yoast-seo-wordpress\/ -->\n<title>Accreditations | Accredited study abroad programs | Centro MundoLengua<\/title>\n<meta name=\"description\" content=\"Our study abroad programs have been accredited or recognized by renowned institutions and organizations. Learn more about our accreditations!\" \/>\n<meta name=\"robots\" content=\"index, follow, max-snippet:-1, max-image-preview:large, max-video-preview:-1\" \/>\n<link rel=\"canonical\" href=\"https:\/\/centromundolengua.com\/es\/acreditaciones\/\" \/>\n<meta property=\"og:locale\" content=\"es_ES\" \/>\n<meta property=\"og:type\" content=\"article\" \/>\n<meta property=\"og:title\" content=\"Accreditations | Accredited study abroad programs | Centro MundoLengua\" \/>\n<meta property=\"og:description\" content=\"Our study abroad programs have been accredited or recognized by renowned institutions and organizations. Learn more about our accreditations!\" \/>\n<meta property=\"og:url\" content=\"https:\/\/centromundolengua.com\/es\/acreditaciones\/\" \/>\n<meta property=\"og:site_name\" content=\"Centro MundoLengua\" \/>\n<meta property=\"article:modified_time\" content=\"2026-01-30T19:30:44+00:00\" \/>\n<meta name=\"twitter:card\" content=\"summary_large_image\" \/>\n<meta name=\"twitter:label1\" content=\"Tiempo de lectura\" \/>\n\t<meta name=\"twitter:data1\" content=\"5 minutos\" \/>\n<script type=\"application\/ld+json\" class=\"yoast-schema-graph\">{\"@context\":\"https:\/\/schema.org\",\"@graph\":[{\"@type\":\"WebPage\",\"@id\":\"https:\/\/centromundolengua.com\/accreditations\/\",\"url\":\"https:\/\/centromundolengua.com\/accreditations\/\",\"name\":\"Accreditations | Accredited study abroad programs | Centro MundoLengua\",\"isPartOf\":{\"@id\":\"https:\/\/centromundolengua.com\/es\/#website\"},\"datePublished\":\"2019-12-12T12:48:29+00:00\",\"dateModified\":\"2026-01-30T19:30:44+00:00\",\"description\":\"Our study abroad programs have been accredited or recognized by renowned institutions and organizations. Learn more about our accreditations!\",\"breadcrumb\":{\"@id\":\"https:\/\/centromundolengua.com\/accreditations\/#breadcrumb\"},\"inLanguage\":\"es\",\"potentialAction\":[{\"@type\":\"ReadAction\",\"target\":[\"https:\/\/centromundolengua.com\/accreditations\/\"]}]},{\"@type\":\"BreadcrumbList\",\"@id\":\"https:\/\/centromundolengua.com\/accreditations\/#breadcrumb\",\"itemListElement\":[{\"@type\":\"ListItem\",\"position\":1,\"name\":\"Home\",\"item\":\"https:\/\/centromundolengua.com\/\"},{\"@type\":\"ListItem\",\"position\":2,\"name\":\"Accreditations\"}]},{\"@type\":\"WebSite\",\"@id\":\"https:\/\/centromundolengua.com\/es\/#website\",\"url\":\"https:\/\/centromundolengua.com\/es\/\",\"name\":\"Centro MundoLengua\",\"description\":\"Language academy\",\"potentialAction\":[{\"@type\":\"SearchAction\",\"target\":{\"@type\":\"EntryPoint\",\"urlTemplate\":\"https:\/\/centromundolengua.com\/es\/?s={search_term_string}\"},\"query-input\":{\"@type\":\"PropertyValueSpecification\",\"valueRequired\":true,\"valueName\":\"search_term_string\"}}],\"inLanguage\":\"es\"}]}<\/script>\n<!-- \/ Yoast SEO plugin. -->","yoast_head_json":{"title":"Accreditations | Accredited study abroad programs | Centro MundoLengua","description":"Our study abroad programs have been accredited or recognized by renowned institutions and organizations. Learn more about our accreditations!","robots":{"index":"index","follow":"follow","max-snippet":"max-snippet:-1","max-image-preview":"max-image-preview:large","max-video-preview":"max-video-preview:-1"},"canonical":"https:\/\/centromundolengua.com\/es\/acreditaciones\/","og_locale":"es_ES","og_type":"article","og_title":"Accreditations | Accredited study abroad programs | Centro MundoLengua","og_description":"Our study abroad programs have been accredited or recognized by renowned institutions and organizations. Learn more about our accreditations!","og_url":"https:\/\/centromundolengua.com\/es\/acreditaciones\/","og_site_name":"Centro MundoLengua","article_modified_time":"2026-01-30T19:30:44+00:00","twitter_card":"summary_large_image","twitter_misc":{"Tiempo de lectura":"5 minutos"},"schema":{"@context":"https:\/\/schema.org","@graph":[{"@type":"WebPage","@id":"https:\/\/centromundolengua.com\/accreditations\/","url":"https:\/\/centromundolengua.com\/accreditations\/","name":"Accreditations | Accredited study abroad programs | Centro MundoLengua","isPartOf":{"@id":"https:\/\/centromundolengua.com\/es\/#website"},"datePublished":"2019-12-12T12:48:29+00:00","dateModified":"2026-01-30T19:30:44+00:00","description":"Our study abroad programs have been accredited or recognized by renowned institutions and organizations. Learn more about our accreditations!","breadcrumb":{"@id":"https:\/\/centromundolengua.com\/accreditations\/#breadcrumb"},"inLanguage":"es","potentialAction":[{"@type":"ReadAction","target":["https:\/\/centromundolengua.com\/accreditations\/"]}]},{"@type":"BreadcrumbList","@id":"https:\/\/centromundolengua.com\/accreditations\/#breadcrumb","itemListElement":[{"@type":"ListItem","position":1,"name":"Home","item":"https:\/\/centromundolengua.com\/"},{"@type":"ListItem","position":2,"name":"Accreditations"}]},{"@type":"WebSite","@id":"https:\/\/centromundolengua.com\/es\/#website","url":"https:\/\/centromundolengua.com\/es\/","name":"Centro MundoLengua","description":"Language academy","potentialAction":[{"@type":"SearchAction","target":{"@type":"EntryPoint","urlTemplate":"https:\/\/centromundolengua.com\/es\/?s={search_term_string}"},"query-input":{"@type":"PropertyValueSpecification","valueRequired":true,"valueName":"search_term_string"}}],"inLanguage":"es"}]}},"_links":{"self":[{"href":"https:\/\/centromundolengua.com\/es\/wp-json\/wp\/v2\/pages\/1378","targetHints":{"allow":["GET"]}}],"collection":[{"href":"https:\/\/centromundolengua.com\/es\/wp-json\/wp\/v2\/pages"}],"about":[{"href":"https:\/\/centromundolengua.com\/es\/wp-json\/wp\/v2\/types\/page"}],"author":[{"embeddable":true,"href":"https:\/\/centromundolengua.com\/es\/wp-json\/wp\/v2\/users\/1"}],"replies":[{"embeddable":true,"href":"https:\/\/centromundolengua.com\/es\/wp-json\/wp\/v2\/comments?post=1378"}],"version-history":[{"count":2,"href":"https:\/\/centromundolengua.com\/es\/wp-json\/wp\/v2\/pages\/1378\/revisions"}],"predecessor-version":[{"id":194643,"href":"https:\/\/centromundolengua.com\/es\/wp-json\/wp\/v2\/pages\/1378\/revisions\/194643"}],"wp:attachment":[{"href":"https:\/\/centromundolengua.com\/es\/wp-json\/wp\/v2\/media?parent=1378"}],"curies":[{"name":"wp","href":"https:\/\/api.w.org\/{rel}","templated":true}]}}