{"id":179960,"date":"2023-02-17T07:25:09","date_gmt":"2023-02-17T12:25:09","guid":{"rendered":"https:\/\/centromundolengua.com\/?page_id=179960"},"modified":"2025-05-15T08:58:10","modified_gmt":"2025-05-15T12:58:10","slug":"participant-rules-college-students","status":"publish","type":"page","link":"https:\/\/centromundolengua.com\/es\/reglas-para-estudiantes-universitarios\/","title":{"rendered":"Normas para participantes<br>Estudiantes universitarios"},"content":{"rendered":"<div class=\"wpb-content-wrapper\"><div      class=\"vc_row wpb_row section vc_row-fluid  vc_custom_1573299983980\" style=' text-align:left;'><div class=\"full_section_inner clearfix\"><div class=\"wpb_column vc_column_container vc_col-sm-12\"><div class=\"vc_column-inner\"><div class=\"wpb_wrapper\">\n\t<div class=\"wpb_text_column wpb_content_element\">\n\t\t<div class=\"wpb_wrapper\">\n\t\t\t<p>Los Estudiantes de Intercambio deben estar en regla con su universidad\/colegio de origen y cumplir con las normas del programa de MundoLengua durante el Programa<\/p>\n<p>&nbsp;<\/p>\n<p>2. Los Participantes del Programa deben obedecer todas las leyes locales y nacionales.<\/p>\n<p>&nbsp;<\/p>\n<p>3. Los participantes del programa tienen prohibido traer a sus mascotas mientras asisten al programa.<\/p>\n<p>&nbsp;<\/p>\n<p>4. Los Participantes del Programa deben asumir la responsabilidad de todos los bienes personales: MundoLengua no se hace responsable de los bienes personales de ning\u00fan Participante del Programa que se pierdan o roben.<\/p>\n<p>&nbsp;<\/p>\n<p>5. Se espera que los Estudiantes de Intercambio mantengan un est\u00e1ndar de comportamiento acorde con la vida en una familia de acogida\/otro alojamiento que compartan con otros. Se proh\u00edbe el ruido excesivo, la destrucci\u00f3n de la propiedad u otros comportamientos antisociales. Se proh\u00edbe a los Estudiantes de Intercambio traer consigo a sus mascotas durante el Programa. Los Estudiantes de Intercambio son responsables de la sustituci\u00f3n de las cerraduras en caso de p\u00e9rdida o robo de las llaves. Los Estudiantes de Intercambio son tambi\u00e9n responsables de la reposici\u00f3n de los enseres dom\u00e9sticos u otros bienes da\u00f1ados.<\/p>\n<p>&nbsp;<\/p>\n<p>6. Actividades tales como invitar a los hu\u00e9spedes a la casa de la familia anfitriona, fumar dentro de la casa, el uso del tel\u00e9fono de la familia y, si corresponde, el uso de Internet de la familia, deben ser aprobados por la familia.<\/p>\n<p>&nbsp;<\/p>\n<p>7. Los Participantes del Programa no discutir\u00e1n los asuntos privados de su familia anfitriona con nadie que no sea un representante de MundoLengua.<\/p>\n<p>&nbsp;<\/p>\n<p>8. Los Participantes del Programa no pueden cambiar de familia de acogida sin el permiso de un representante de Mundo Lengua en el caso de incluir el alojamiento en una familia de Mundo lengua.<\/p>\n<p>&nbsp;<\/p>\n<p>9. Los participantes del programa deben consumir alcohol de manera responsable. En el caso de que un Participante del Programa llegue a clase, a la casa de su familia anfitriona o a cualquier evento o actividad organizada por MundoLengua en un estado no apto debido al consumo irresponsable de alcohol, MundoLengua informar\u00e1 a la universidad de origen del Participante del Programa sobre el incidente y discutir\u00e1 las posibles consecuencias con dicha universidad. Tras esta discusi\u00f3n, y en colaboraci\u00f3n con dicha universidad, MundoLengua tomar\u00e1 una decisi\u00f3n sobre las consecuencias del incidente.<\/p>\n<p>&nbsp;<\/p>\n<p>10. El uso de drogas ilegales, o la asociaci\u00f3n con cualquier persona involucrada con drogas ilegales, tendr\u00e1 como consecuencia que el Participante del Programa sea expulsado del Programa y enviado de regreso a su pa\u00eds de origen, sin recurso y a su cargo. Dicha expulsi\u00f3n se dar\u00e1 a conocer al Participante del Programa y a su familia tanto verbalmente como por escrito. Los Participantes del Programa tambi\u00e9n perder\u00e1n su derecho a cualquier reembolso de dinero por partes no utilizadas del Programa. Es responsabilidad del Participante del Programa organizar la supervisi\u00f3n para su regreso a casa. MundoLengua puede proporcionar asistencia, bajo la condici\u00f3n de que los Participantes del Programa y su familia paguen todos y cada uno de los costes asociados por adelantado como resultado de dicha expulsi\u00f3n y regreso a casa. Estos costes se comunicar\u00e1n por escrito a los Participantes del Programa el d\u00eda siguiente a su expulsi\u00f3n del Programa.<\/p>\n<p>&nbsp;<\/p>\n<p>Desde Centro MundoLengua, no recomendamos el uso de patinetes el\u00e9ctricos. Estos veh\u00edculos pueden generar riesgos tanto para los usuarios como para los peatones, suponiendo un desaf\u00edo en t\u00e9rminos de seguridad vial. En caso de uso, el participante del programa deber\u00e1 hacerlo de forma responsable.<\/p>\n<div><\/div>\n\n\t\t<\/div>\n\t<\/div><\/div><\/div><\/div><\/div><\/div>\n<\/div>","protected":false},"excerpt":{"rendered":"1. Exchange Students must be in good standing with their home university\/college and also abide by the MundoLengua program rules during the Program. &nbsp; 2. Program Participants must obey all local and national laws. &nbsp; 3. Program Participants are prohibited from bringing their pets while...","protected":false},"author":2694,"featured_media":0,"parent":0,"menu_order":0,"comment_status":"closed","ping_status":"closed","template":"","meta":{"_acf_changed":false,"content-type":"","footnotes":""},"class_list":["post-179960","page","type-page","status-publish","hentry"],"acf":[],"yoast_head":"<!-- This site is optimized with the Yoast SEO plugin v27.0 - https:\/\/yoast.com\/product\/yoast-seo-wordpress\/ -->\n<title>Participant RulesCollege Students - Centro MundoLengua<\/title>\n<meta name=\"robots\" content=\"index, follow, max-snippet:-1, max-image-preview:large, max-video-preview:-1\" \/>\n<link rel=\"canonical\" href=\"https:\/\/centromundolengua.com\/es\/reglas-para-estudiantes-universitarios\/\" \/>\n<meta property=\"og:locale\" content=\"es_ES\" \/>\n<meta property=\"og:type\" content=\"article\" \/>\n<meta property=\"og:title\" content=\"Participant RulesCollege Students - Centro MundoLengua\" \/>\n<meta property=\"og:url\" content=\"https:\/\/centromundolengua.com\/es\/reglas-para-estudiantes-universitarios\/\" \/>\n<meta property=\"og:site_name\" content=\"Centro MundoLengua\" \/>\n<meta property=\"article:modified_time\" content=\"2025-05-15T12:58:10+00:00\" \/>\n<meta name=\"twitter:card\" content=\"summary_large_image\" \/>\n<meta name=\"twitter:label1\" content=\"Tiempo de lectura\" \/>\n\t<meta name=\"twitter:data1\" content=\"3 minutos\" \/>\n<script type=\"application\/ld+json\" class=\"yoast-schema-graph\">{\"@context\":\"https:\/\/schema.org\",\"@graph\":[{\"@type\":\"WebPage\",\"@id\":\"https:\/\/centromundolengua.com\/participant-rules-college-students\/\",\"url\":\"https:\/\/centromundolengua.com\/participant-rules-college-students\/\",\"name\":\"Participant Rules College Students - Centro MundoLengua\",\"isPartOf\":{\"@id\":\"https:\/\/centromundolengua.com\/es\/#website\"},\"datePublished\":\"2023-02-17T12:25:09+00:00\",\"dateModified\":\"2025-05-15T12:58:10+00:00\",\"breadcrumb\":{\"@id\":\"https:\/\/centromundolengua.com\/participant-rules-college-students\/#breadcrumb\"},\"inLanguage\":\"es\",\"potentialAction\":[{\"@type\":\"ReadAction\",\"target\":[\"https:\/\/centromundolengua.com\/participant-rules-college-students\/\"]}]},{\"@type\":\"BreadcrumbList\",\"@id\":\"https:\/\/centromundolengua.com\/participant-rules-college-students\/#breadcrumb\",\"itemListElement\":[{\"@type\":\"ListItem\",\"position\":1,\"name\":\"Home\",\"item\":\"https:\/\/centromundolengua.com\/\"},{\"@type\":\"ListItem\",\"position\":2,\"name\":\"Participant RulesCollege Students\"}]},{\"@type\":\"WebSite\",\"@id\":\"https:\/\/centromundolengua.com\/es\/#website\",\"url\":\"https:\/\/centromundolengua.com\/es\/\",\"name\":\"Centro MundoLengua\",\"description\":\"Language academy\",\"potentialAction\":[{\"@type\":\"SearchAction\",\"target\":{\"@type\":\"EntryPoint\",\"urlTemplate\":\"https:\/\/centromundolengua.com\/es\/?s={search_term_string}\"},\"query-input\":{\"@type\":\"PropertyValueSpecification\",\"valueRequired\":true,\"valueName\":\"search_term_string\"}}],\"inLanguage\":\"es\"}]}<\/script>\n<!-- \/ Yoast SEO plugin. -->","yoast_head_json":{"title":"Participant RulesCollege Students - Centro MundoLengua","robots":{"index":"index","follow":"follow","max-snippet":"max-snippet:-1","max-image-preview":"max-image-preview:large","max-video-preview":"max-video-preview:-1"},"canonical":"https:\/\/centromundolengua.com\/es\/reglas-para-estudiantes-universitarios\/","og_locale":"es_ES","og_type":"article","og_title":"Participant RulesCollege Students - Centro MundoLengua","og_url":"https:\/\/centromundolengua.com\/es\/reglas-para-estudiantes-universitarios\/","og_site_name":"Centro MundoLengua","article_modified_time":"2025-05-15T12:58:10+00:00","twitter_card":"summary_large_image","twitter_misc":{"Tiempo de lectura":"3 minutos"},"schema":{"@context":"https:\/\/schema.org","@graph":[{"@type":"WebPage","@id":"https:\/\/centromundolengua.com\/participant-rules-college-students\/","url":"https:\/\/centromundolengua.com\/participant-rules-college-students\/","name":"Participant Rules College Students - Centro MundoLengua","isPartOf":{"@id":"https:\/\/centromundolengua.com\/es\/#website"},"datePublished":"2023-02-17T12:25:09+00:00","dateModified":"2025-05-15T12:58:10+00:00","breadcrumb":{"@id":"https:\/\/centromundolengua.com\/participant-rules-college-students\/#breadcrumb"},"inLanguage":"es","potentialAction":[{"@type":"ReadAction","target":["https:\/\/centromundolengua.com\/participant-rules-college-students\/"]}]},{"@type":"BreadcrumbList","@id":"https:\/\/centromundolengua.com\/participant-rules-college-students\/#breadcrumb","itemListElement":[{"@type":"ListItem","position":1,"name":"Home","item":"https:\/\/centromundolengua.com\/"},{"@type":"ListItem","position":2,"name":"Participant RulesCollege Students"}]},{"@type":"WebSite","@id":"https:\/\/centromundolengua.com\/es\/#website","url":"https:\/\/centromundolengua.com\/es\/","name":"Centro MundoLengua","description":"Language academy","potentialAction":[{"@type":"SearchAction","target":{"@type":"EntryPoint","urlTemplate":"https:\/\/centromundolengua.com\/es\/?s={search_term_string}"},"query-input":{"@type":"PropertyValueSpecification","valueRequired":true,"valueName":"search_term_string"}}],"inLanguage":"es"}]}},"_links":{"self":[{"href":"https:\/\/centromundolengua.com\/es\/wp-json\/wp\/v2\/pages\/179960","targetHints":{"allow":["GET"]}}],"collection":[{"href":"https:\/\/centromundolengua.com\/es\/wp-json\/wp\/v2\/pages"}],"about":[{"href":"https:\/\/centromundolengua.com\/es\/wp-json\/wp\/v2\/types\/page"}],"author":[{"embeddable":true,"href":"https:\/\/centromundolengua.com\/es\/wp-json\/wp\/v2\/users\/2694"}],"replies":[{"embeddable":true,"href":"https:\/\/centromundolengua.com\/es\/wp-json\/wp\/v2\/comments?post=179960"}],"version-history":[{"count":4,"href":"https:\/\/centromundolengua.com\/es\/wp-json\/wp\/v2\/pages\/179960\/revisions"}],"predecessor-version":[{"id":191361,"href":"https:\/\/centromundolengua.com\/es\/wp-json\/wp\/v2\/pages\/179960\/revisions\/191361"}],"wp:attachment":[{"href":"https:\/\/centromundolengua.com\/es\/wp-json\/wp\/v2\/media?parent=179960"}],"curies":[{"name":"wp","href":"https:\/\/api.w.org\/{rel}","templated":true}]}}