{"id":179963,"date":"2023-02-17T07:13:55","date_gmt":"2023-02-17T12:13:55","guid":{"rendered":"https:\/\/centromundolengua.com\/?page_id=179963"},"modified":"2025-05-15T08:56:50","modified_gmt":"2025-05-15T12:56:50","slug":"participant-rules-hs-students","status":"publish","type":"page","link":"https:\/\/centromundolengua.com\/es\/reglas-para-estudiantes-de-secundaria\/","title":{"rendered":"Normas para participantes<br>Estudiantes de Secundaria"},"content":{"rendered":"<div class=\"wpb-content-wrapper\"><div      class=\"vc_row wpb_row section vc_row-fluid  vc_custom_1573299983980\" style=' text-align:left;'><div class=\"full_section_inner clearfix\"><div class=\"wpb_column vc_column_container vc_col-sm-12\"><div class=\"vc_column-inner\"><div class=\"wpb_wrapper\">\n\t<div class=\"wpb_text_column wpb_content_element\">\n\t\t<div class=\"wpb_wrapper\">\n\t\t\t<p>1. Los Estudiantes de Intercambio deben  acatar las normas y reglas tanto de sus escuelas de origen como de MundoLengua durante su Programa.<\/p>\n<p>&nbsp;<\/p>\n<p>2. Los Participantes del Programa deben obedecer todas las leyes locales y nacionales.<\/p>\n<p>&nbsp;<\/p>\n<p>3. Los Estudiantes de Intercambio tienen prohibido realizar bullying (real o cibern\u00e9tico). Los Estudiantes de Intercambio tambi\u00e9n tienen prohibido realizar cualquier tipo de amenaza contra otros estudiantes o el personal. MundoLengua tiene una pol\u00edtica de tolerancia cero relacionada con la discriminaci\u00f3n de cualquier tipo.<\/p>\n<p>&nbsp;<\/p>\n<p>4. Se espera que los Estudiantes de Intercambio mantengan un est\u00e1ndar de comportamiento acorde con la vida en una familia de acogida \/ otro alojamiento que compartan con otros. Se proh\u00edbe el ruido excesivo, la destrucci\u00f3n de la propiedad u otros comportamientos antisociales. Se proh\u00edbe a los Estudiantes de Intercambio traer consigo a sus mascotas durante el Programa. Los Estudiantes de Intercambio son responsables de la sustituci\u00f3n de las cerraduras en caso de p\u00e9rdida o robo de las llaves. Los Estudiantes de Intercambio son tambi\u00e9n responsables de la reposici\u00f3n de los enseres dom\u00e9sticos u otros bienes da\u00f1ados.<\/p>\n<p>&nbsp;<\/p>\n<p>5. Los Estudiantes de Intercambio no discutir\u00e1n los asuntos privados de su familia anfitriona con nadie que no sea un representante de MundoLengua o profesor acompa\u00f1ante.<\/p>\n<p>&nbsp;<\/p>\n<p>6. Los Estudiantes Participantes en el Programa no pueden cambiar de familia de acogida sin el permiso de un representante de Mundo Lengua.<\/p>\n<p>&nbsp;<\/p>\n<p>7. Se proh\u00edbe a los Estudiantes Participantes en el Programa fumar, vapear o consumir cigarrillos electr\u00f3nicos. Cualquier Estudiantes Participantes en el Programa que infrinja esta norma puede enfrentarse a consecuencias que pueden incluir la expulsi\u00f3n del Programa, seg\u00fan se determine en colaboraci\u00f3n entre Mundo Lengua y la escuela de origen del Estudiante (si procede). Cualquier coste asociado al incumplimiento de esta norma corre a cuenta del Estudiantes Participantes en el Programa.<\/p>\n<p>&nbsp;<\/p>\n<p>8. Los Estudiantes de Intercambio no conducir\u00e1n coches, motos o scooters de ning\u00fan tipo durante la vigencia del Programa. Los Estudiantes de Intercambio podr\u00e1n alquilar bicicletas si MundoLengua recibe un permiso escrito por sus padres o tutores. Desde Centro MundoLengua, no recomendamos el uso de patinetes el\u00e9ctricos. Estos veh\u00edculos pueden generar riesgos tanto para los usuarios como para los peatones, suponiendo un desaf\u00edo en t\u00e9rminos de seguridad vial. En caso de uso, el participante del programa deber\u00e1 hacerlo de forma responsable.<\/p>\n<div><\/div>\n<p>&nbsp;<\/p>\n<p>9. No se permite a los Estudiantes de Intercambio viajar fuera del \u00e1rea local ni solos ni con otros estudiantes. S\u00f3lo se permite pernoctar con el grupo aprobado.<\/p>\n<p>&nbsp;<\/p>\n<p>10. Est\u00e1 prohibido hacer autostop o solicitar un viaje a un extra\u00f1o.<\/p>\n<p>&nbsp;<\/p>\n<p>11. Los Estudiantes de Intercambio no podr\u00e1n establecer ning\u00fan tipo de acuerdo contractual, ya sea comercial, religioso o matrimonial, durante el Programa.<\/p>\n<p>&nbsp;<\/p>\n<p>12. Los Estudiantes de Intercambio no realizar\u00e1n ning\u00fan cambio permanente o dr\u00e1stico en su apariencia f\u00edsica durante el Programa sin que MundoLengua reciba previamente el consentimiento por escrito de sus padres o tutor legal. Algunos ejemplos incluyen piercings, tatuajes o tintes de pelo dr\u00e1sticos y poco convencionales.<\/p>\n<p>&nbsp;<\/p>\n<p>13. Los Estudiantes de Intercambio deben responsabilizarse de todos sus objetos personales. MundoLengua no se hace responsable de ninguna propiedad personal que se pierda o sea robada, a menos que dichas p\u00e9rdidas se deban a negligencia por parte de MundoLengua.<\/p>\n<p>&nbsp;<\/p>\n<p>14. Los Estudiantes de Intercambio deber\u00e1n respetar el toque de queda establecido por MundoLengua. No hacerlo puede resultar en la p\u00e9rdida de tiempo libre por la noche, seg\u00fan se determine en colaboraci\u00f3n entre MundoLengua y la escuela de origen del Estudiante de Intercambio (si procede). Dependiendo del acuerdo entre MundoLengua y el colegio de origen de cada Estudiante de Intercambio, este toque de queda puede variar.<\/p>\n<p>&nbsp;<\/p>\n<p>15. Los Estudiantes de Intercambio se comprometen a no comprar, tener o consumir alcohol ni a relacionarse con ning\u00fan estudiante que lo haga. Dependiendo de la gravedad de la infracci\u00f3n de cualquier parte de esta norma, seg\u00fan se determine en colaboraci\u00f3n entre MundoLengua y la escuela de origen del Estudiante de Intercambio (si procede), un Estudiante de Intercambio puede enfrentarse a la expulsi\u00f3n inmediata del Programa. Dicha expulsi\u00f3n se comunicar\u00e1 al Estudiante de Intercambio tanto verbalmente como por escrito. Como m\u00ednimo, los Estudiantes de Intercambio que infrinjan cualquier parte de esta norma perder\u00e1n su derecho a participar en ciertas partes del Programa seg\u00fan se determine en colaboraci\u00f3n entre MundoLengua y la escuela de origen del Estudiante de Intercambio, si procede (esto podr\u00eda incluir actividades por la tarde, actividades nocturnas, excursiones de fin de semana, etc.) El Estudiante de Intercambio tambi\u00e9n perder\u00e1 su derecho a cualquier reembolso de dinero por actividades del Programa en las que no haya participado. Los Estudiantes de Intercambio que sean expulsados del Programa correr\u00e1n con todos los gastos que ello conlleve. Es responsabilidad del Estudiante de Intercambio organizar la supervisi\u00f3n de su regreso a casa. MundoLengua puede proporcionar asistencia, con la condici\u00f3n de que el Estudiante de Intercambio pague por adelantado todos y cada uno de los costes asociados resultantes de dicha expulsi\u00f3n y regreso a casa. Estos costes se comunicar\u00e1n por escrito al Estudiante de Intercambio tan pronto como sea razonablemente posible.<\/p>\n<p>&nbsp;<\/p>\n<p>16. El uso, venta o posesi\u00f3n de drogas ilegales por parte de un Estudiantes Participantes en el Programa, o la asociaci\u00f3n con cualquier persona involucrada en el uso, venta o posesi\u00f3n de drogas ilegales, dar\u00e1 lugar a que dicho Estudiantes Participantes en el Programa sea expulsado inmediatamente del Programa y enviado de vuelta a su pa\u00eds de origen, sin recurso y a expensas del Estudiantes Participantes en el Programa. Dicha expulsi\u00f3n se comunicar\u00e1 al Estudiantes Participantes en el Programa verbalmente y por escrito. Asimismo, el Estudiantes Participantes en el Programa perder\u00e1 su derecho a cualquier reembolso de dinero por actividades del Programa en las que no haya participado. Es responsabilidad del Estudiantes Participantes en el Programa organizar la supervisi\u00f3n para su regreso a casa. Mundo Lengua puede proporcionar asistencia, con la condici\u00f3n de que el Estudiantes Participantes en el Programa pague por adelantado todos y cada uno de los costes asociados resultantes de dicha expulsi\u00f3n y regreso a casa. Estos costes se comunicar\u00e1n por escrito al Estudiantes Participantes en el Programa tan pronto como sea posible.<\/p>\n\n\t\t<\/div>\n\t<\/div><\/div><\/div><\/div><\/div><\/div>\n<\/div>","protected":false},"excerpt":{"rendered":"1. Exchange Students must be in good standing with their home schools and also abide by the MundoLengua program rules during the Program. &nbsp; 2. Exchange Students must obey all local and national laws. &nbsp; 3. Exchange Students are prohibited from bullying (real or virtual)....","protected":false},"author":2694,"featured_media":0,"parent":0,"menu_order":0,"comment_status":"closed","ping_status":"closed","template":"","meta":{"_acf_changed":false,"content-type":"","footnotes":""},"class_list":["post-179963","page","type-page","status-publish","hentry"],"acf":[],"yoast_head":"<!-- This site is optimized with the Yoast SEO plugin v27.0 - https:\/\/yoast.com\/product\/yoast-seo-wordpress\/ -->\n<title>Participant RulesHigh School Students - Centro MundoLengua<\/title>\n<meta name=\"robots\" content=\"index, follow, max-snippet:-1, max-image-preview:large, max-video-preview:-1\" \/>\n<link rel=\"canonical\" href=\"https:\/\/centromundolengua.com\/es\/reglas-para-estudiantes-de-secundaria\/\" \/>\n<meta property=\"og:locale\" content=\"es_ES\" \/>\n<meta property=\"og:type\" content=\"article\" \/>\n<meta property=\"og:title\" content=\"Participant RulesHigh School Students - Centro MundoLengua\" \/>\n<meta property=\"og:url\" content=\"https:\/\/centromundolengua.com\/es\/reglas-para-estudiantes-de-secundaria\/\" \/>\n<meta property=\"og:site_name\" content=\"Centro MundoLengua\" \/>\n<meta property=\"article:modified_time\" content=\"2025-05-15T12:56:50+00:00\" \/>\n<meta name=\"twitter:card\" content=\"summary_large_image\" \/>\n<meta name=\"twitter:label1\" content=\"Tiempo de lectura\" \/>\n\t<meta name=\"twitter:data1\" content=\"4 minutos\" \/>\n<script type=\"application\/ld+json\" class=\"yoast-schema-graph\">{\"@context\":\"https:\/\/schema.org\",\"@graph\":[{\"@type\":\"WebPage\",\"@id\":\"https:\/\/centromundolengua.com\/participant-rules-hs-students\/\",\"url\":\"https:\/\/centromundolengua.com\/participant-rules-hs-students\/\",\"name\":\"Participant Rules High School Students - Centro MundoLengua\",\"isPartOf\":{\"@id\":\"https:\/\/centromundolengua.com\/es\/#website\"},\"datePublished\":\"2023-02-17T12:13:55+00:00\",\"dateModified\":\"2025-05-15T12:56:50+00:00\",\"breadcrumb\":{\"@id\":\"https:\/\/centromundolengua.com\/participant-rules-hs-students\/#breadcrumb\"},\"inLanguage\":\"es\",\"potentialAction\":[{\"@type\":\"ReadAction\",\"target\":[\"https:\/\/centromundolengua.com\/participant-rules-hs-students\/\"]}]},{\"@type\":\"BreadcrumbList\",\"@id\":\"https:\/\/centromundolengua.com\/participant-rules-hs-students\/#breadcrumb\",\"itemListElement\":[{\"@type\":\"ListItem\",\"position\":1,\"name\":\"Home\",\"item\":\"https:\/\/centromundolengua.com\/\"},{\"@type\":\"ListItem\",\"position\":2,\"name\":\"Participant RulesHigh School Students\"}]},{\"@type\":\"WebSite\",\"@id\":\"https:\/\/centromundolengua.com\/es\/#website\",\"url\":\"https:\/\/centromundolengua.com\/es\/\",\"name\":\"Centro MundoLengua\",\"description\":\"Language academy\",\"potentialAction\":[{\"@type\":\"SearchAction\",\"target\":{\"@type\":\"EntryPoint\",\"urlTemplate\":\"https:\/\/centromundolengua.com\/es\/?s={search_term_string}\"},\"query-input\":{\"@type\":\"PropertyValueSpecification\",\"valueRequired\":true,\"valueName\":\"search_term_string\"}}],\"inLanguage\":\"es\"}]}<\/script>\n<!-- \/ Yoast SEO plugin. -->","yoast_head_json":{"title":"Participant RulesHigh School Students - Centro MundoLengua","robots":{"index":"index","follow":"follow","max-snippet":"max-snippet:-1","max-image-preview":"max-image-preview:large","max-video-preview":"max-video-preview:-1"},"canonical":"https:\/\/centromundolengua.com\/es\/reglas-para-estudiantes-de-secundaria\/","og_locale":"es_ES","og_type":"article","og_title":"Participant RulesHigh School Students - Centro MundoLengua","og_url":"https:\/\/centromundolengua.com\/es\/reglas-para-estudiantes-de-secundaria\/","og_site_name":"Centro MundoLengua","article_modified_time":"2025-05-15T12:56:50+00:00","twitter_card":"summary_large_image","twitter_misc":{"Tiempo de lectura":"4 minutos"},"schema":{"@context":"https:\/\/schema.org","@graph":[{"@type":"WebPage","@id":"https:\/\/centromundolengua.com\/participant-rules-hs-students\/","url":"https:\/\/centromundolengua.com\/participant-rules-hs-students\/","name":"Participant Rules High School Students - Centro MundoLengua","isPartOf":{"@id":"https:\/\/centromundolengua.com\/es\/#website"},"datePublished":"2023-02-17T12:13:55+00:00","dateModified":"2025-05-15T12:56:50+00:00","breadcrumb":{"@id":"https:\/\/centromundolengua.com\/participant-rules-hs-students\/#breadcrumb"},"inLanguage":"es","potentialAction":[{"@type":"ReadAction","target":["https:\/\/centromundolengua.com\/participant-rules-hs-students\/"]}]},{"@type":"BreadcrumbList","@id":"https:\/\/centromundolengua.com\/participant-rules-hs-students\/#breadcrumb","itemListElement":[{"@type":"ListItem","position":1,"name":"Home","item":"https:\/\/centromundolengua.com\/"},{"@type":"ListItem","position":2,"name":"Participant RulesHigh School Students"}]},{"@type":"WebSite","@id":"https:\/\/centromundolengua.com\/es\/#website","url":"https:\/\/centromundolengua.com\/es\/","name":"Centro MundoLengua","description":"Language academy","potentialAction":[{"@type":"SearchAction","target":{"@type":"EntryPoint","urlTemplate":"https:\/\/centromundolengua.com\/es\/?s={search_term_string}"},"query-input":{"@type":"PropertyValueSpecification","valueRequired":true,"valueName":"search_term_string"}}],"inLanguage":"es"}]}},"_links":{"self":[{"href":"https:\/\/centromundolengua.com\/es\/wp-json\/wp\/v2\/pages\/179963","targetHints":{"allow":["GET"]}}],"collection":[{"href":"https:\/\/centromundolengua.com\/es\/wp-json\/wp\/v2\/pages"}],"about":[{"href":"https:\/\/centromundolengua.com\/es\/wp-json\/wp\/v2\/types\/page"}],"author":[{"embeddable":true,"href":"https:\/\/centromundolengua.com\/es\/wp-json\/wp\/v2\/users\/2694"}],"replies":[{"embeddable":true,"href":"https:\/\/centromundolengua.com\/es\/wp-json\/wp\/v2\/comments?post=179963"}],"version-history":[{"count":8,"href":"https:\/\/centromundolengua.com\/es\/wp-json\/wp\/v2\/pages\/179963\/revisions"}],"predecessor-version":[{"id":189663,"href":"https:\/\/centromundolengua.com\/es\/wp-json\/wp\/v2\/pages\/179963\/revisions\/189663"}],"wp:attachment":[{"href":"https:\/\/centromundolengua.com\/es\/wp-json\/wp\/v2\/media?parent=179963"}],"curies":[{"name":"wp","href":"https:\/\/api.w.org\/{rel}","templated":true}]}}