{"id":179974,"date":"2023-02-17T07:36:54","date_gmt":"2023-02-17T12:36:54","guid":{"rendered":"https:\/\/centromundolengua.com\/?page_id=179974"},"modified":"2025-05-15T08:55:25","modified_gmt":"2025-05-15T12:55:25","slug":"participant-rules-adult-students","status":"publish","type":"page","link":"https:\/\/centromundolengua.com\/es\/reglas-para-estudiantes-adultos\/","title":{"rendered":"Normas para participantes<br>Estudiantes adultos"},"content":{"rendered":"<div class=\"wpb-content-wrapper\"><div      class=\"vc_row wpb_row section vc_row-fluid  vc_custom_1573299983980\" style=' text-align:left;'><div class=\"full_section_inner clearfix\"><div class=\"wpb_column vc_column_container vc_col-sm-12\"><div class=\"vc_column-inner\"><div class=\"wpb_wrapper\">\n\t<div class=\"wpb_text_column wpb_content_element\">\n\t\t<div class=\"wpb_wrapper\">\n\t\t\t<p>1. Los Participantes del Programa deben obedecer todas las leyes locales y nacionales.<\/p>\n<p>&nbsp;<\/p>\n<p>2. Se proh\u00edbe a los Participantes del Programa llevar mascotas si se incluye alojamiento con una familia de acogida proporcionada por Mundo Lengua y\/o durante la asistencia a clases o actividades.<\/p>\n<p>&nbsp;<\/p>\n<p>3. Los Participantes del Programa deben asumir la responsabilidad de todos los bienes personales: MundoLengua no se hace responsable de los bienes personales de ning\u00fan Participante del Programa que se pierdan o roben.<\/p>\n<p>&nbsp;<\/p>\n<p>4. Se espera que los Estudiantes de Intercambio mantengan un est\u00e1ndar de comportamiento acorde con la vida en una familia de acogida \/ otro alojamiento que compartan con otros. Se proh\u00edbe el ruido excesivo, la destrucci\u00f3n de la propiedad u otros comportamientos antisociales. Se proh\u00edbe a los Estudiantes de Intercambio traer consigo a sus mascotas durante el Programa. Los Estudiantes de Intercambio son responsables de la sustituci\u00f3n de las cerraduras en caso de p\u00e9rdida o robo de las llaves. Los Estudiantes de Intercambio son tambi\u00e9n responsables de la reposici\u00f3n de los enseres dom\u00e9sticos u otros bienes da\u00f1ados.<\/p>\n<p>&nbsp;<\/p>\n<p>5. Los Participantes del Programa respetar\u00e1n y mantendr\u00e1n las reglas de MundoLengua con respecto al toque de queda. Las actividades tales como invitar a los hu\u00e9spedes a la casa de la familia anfitriona, fumar dentro de la casa, el uso del tel\u00e9fono de la familia y, si corresponde, el uso de Internet de la familia, deben ser aprobados por la familia.<\/p>\n<p>&nbsp;<\/p>\n<p>6. Los Participantes del Programa no discutir\u00e1n los asuntos privados de su familia anfitriona con nadie que no sea un representante de MundoLengua.<\/p>\n<p>&nbsp;<\/p>\n<p>7. Los Participantes del Programa no pueden cambiar de familia de acogida sin el permiso de un representante de Mundo Lengua en el caso de incluir el alojamiento en una familia de Mundo lengua.<\/p>\n<p>&nbsp;<\/p>\n<p>8. Los participantes del programa deben consumir alcohol de forma responsable. En el caso de que un participante del programa llegue a clase, a casa de su familia de acogida (si procede) o a cualquier salida o actividad organizada por Mundo Lengua en un estado no apto debido al consumo irresponsable de alcohol, Mundo Lengua tiene la potestad de anular o cancelar el programa contratado.<\/p>\n<p>&nbsp;<\/p>\n<p>9. El uso, venta o posesi\u00f3n de drogas ilegales por parte de un Estudiantes Participantes en el Programa, o la asociaci\u00f3n con cualquier persona involucrada en el uso, venta o posesi\u00f3n de drogas ilegales, permitir\u00e1 la anulaci\u00f3n o cancelaci\u00f3n del programa contratado por parte de Mundo Lengua.<\/p>\n\n\t\t<\/div>\n\t<\/div><\/div><\/div><\/div><\/div><\/div>\n<\/div>","protected":false},"excerpt":{"rendered":"1. Program Participants must obey all local and national laws. &nbsp; 2. Program Participants are prohibited from bringing their pets if including accommodation with a host family provided by Mundo Lengua and\/or while attending to lessons or activities. &nbsp; 3. Program Participants must take responsibility...","protected":false},"author":2694,"featured_media":0,"parent":0,"menu_order":0,"comment_status":"closed","ping_status":"closed","template":"","meta":{"_acf_changed":false,"content-type":"","footnotes":""},"class_list":["post-179974","page","type-page","status-publish","hentry"],"acf":[],"yoast_head":"<!-- This site is optimized with the Yoast SEO plugin v27.0 - https:\/\/yoast.com\/product\/yoast-seo-wordpress\/ -->\n<title>Participant RulesAdult Students - Centro MundoLengua<\/title>\n<meta name=\"robots\" content=\"index, follow, max-snippet:-1, max-image-preview:large, max-video-preview:-1\" \/>\n<link rel=\"canonical\" href=\"https:\/\/centromundolengua.com\/es\/reglas-para-estudiantes-adultos\/\" \/>\n<meta property=\"og:locale\" content=\"es_ES\" \/>\n<meta property=\"og:type\" content=\"article\" \/>\n<meta property=\"og:title\" content=\"Participant RulesAdult Students - Centro MundoLengua\" \/>\n<meta property=\"og:url\" content=\"https:\/\/centromundolengua.com\/es\/reglas-para-estudiantes-adultos\/\" \/>\n<meta property=\"og:site_name\" content=\"Centro MundoLengua\" \/>\n<meta property=\"article:modified_time\" content=\"2025-05-15T12:55:25+00:00\" \/>\n<meta name=\"twitter:card\" content=\"summary_large_image\" \/>\n<meta name=\"twitter:label1\" content=\"Tiempo de lectura\" \/>\n\t<meta name=\"twitter:data1\" content=\"2 minutos\" \/>\n<script type=\"application\/ld+json\" class=\"yoast-schema-graph\">{\"@context\":\"https:\/\/schema.org\",\"@graph\":[{\"@type\":\"WebPage\",\"@id\":\"https:\/\/centromundolengua.com\/participant-rules-adult-students\/\",\"url\":\"https:\/\/centromundolengua.com\/participant-rules-adult-students\/\",\"name\":\"Participant Rules Adult Students - Centro MundoLengua\",\"isPartOf\":{\"@id\":\"https:\/\/centromundolengua.com\/es\/#website\"},\"datePublished\":\"2023-02-17T12:36:54+00:00\",\"dateModified\":\"2025-05-15T12:55:25+00:00\",\"breadcrumb\":{\"@id\":\"https:\/\/centromundolengua.com\/participant-rules-adult-students\/#breadcrumb\"},\"inLanguage\":\"es\",\"potentialAction\":[{\"@type\":\"ReadAction\",\"target\":[\"https:\/\/centromundolengua.com\/participant-rules-adult-students\/\"]}]},{\"@type\":\"BreadcrumbList\",\"@id\":\"https:\/\/centromundolengua.com\/participant-rules-adult-students\/#breadcrumb\",\"itemListElement\":[{\"@type\":\"ListItem\",\"position\":1,\"name\":\"Home\",\"item\":\"https:\/\/centromundolengua.com\/\"},{\"@type\":\"ListItem\",\"position\":2,\"name\":\"Participant RulesAdult Students\"}]},{\"@type\":\"WebSite\",\"@id\":\"https:\/\/centromundolengua.com\/es\/#website\",\"url\":\"https:\/\/centromundolengua.com\/es\/\",\"name\":\"Centro MundoLengua\",\"description\":\"Language academy\",\"potentialAction\":[{\"@type\":\"SearchAction\",\"target\":{\"@type\":\"EntryPoint\",\"urlTemplate\":\"https:\/\/centromundolengua.com\/es\/?s={search_term_string}\"},\"query-input\":{\"@type\":\"PropertyValueSpecification\",\"valueRequired\":true,\"valueName\":\"search_term_string\"}}],\"inLanguage\":\"es\"}]}<\/script>\n<!-- \/ Yoast SEO plugin. -->","yoast_head_json":{"title":"Participant RulesAdult Students - Centro MundoLengua","robots":{"index":"index","follow":"follow","max-snippet":"max-snippet:-1","max-image-preview":"max-image-preview:large","max-video-preview":"max-video-preview:-1"},"canonical":"https:\/\/centromundolengua.com\/es\/reglas-para-estudiantes-adultos\/","og_locale":"es_ES","og_type":"article","og_title":"Participant RulesAdult Students - Centro MundoLengua","og_url":"https:\/\/centromundolengua.com\/es\/reglas-para-estudiantes-adultos\/","og_site_name":"Centro MundoLengua","article_modified_time":"2025-05-15T12:55:25+00:00","twitter_card":"summary_large_image","twitter_misc":{"Tiempo de lectura":"2 minutos"},"schema":{"@context":"https:\/\/schema.org","@graph":[{"@type":"WebPage","@id":"https:\/\/centromundolengua.com\/participant-rules-adult-students\/","url":"https:\/\/centromundolengua.com\/participant-rules-adult-students\/","name":"Participant Rules Adult Students - Centro MundoLengua","isPartOf":{"@id":"https:\/\/centromundolengua.com\/es\/#website"},"datePublished":"2023-02-17T12:36:54+00:00","dateModified":"2025-05-15T12:55:25+00:00","breadcrumb":{"@id":"https:\/\/centromundolengua.com\/participant-rules-adult-students\/#breadcrumb"},"inLanguage":"es","potentialAction":[{"@type":"ReadAction","target":["https:\/\/centromundolengua.com\/participant-rules-adult-students\/"]}]},{"@type":"BreadcrumbList","@id":"https:\/\/centromundolengua.com\/participant-rules-adult-students\/#breadcrumb","itemListElement":[{"@type":"ListItem","position":1,"name":"Home","item":"https:\/\/centromundolengua.com\/"},{"@type":"ListItem","position":2,"name":"Participant RulesAdult Students"}]},{"@type":"WebSite","@id":"https:\/\/centromundolengua.com\/es\/#website","url":"https:\/\/centromundolengua.com\/es\/","name":"Centro MundoLengua","description":"Language academy","potentialAction":[{"@type":"SearchAction","target":{"@type":"EntryPoint","urlTemplate":"https:\/\/centromundolengua.com\/es\/?s={search_term_string}"},"query-input":{"@type":"PropertyValueSpecification","valueRequired":true,"valueName":"search_term_string"}}],"inLanguage":"es"}]}},"_links":{"self":[{"href":"https:\/\/centromundolengua.com\/es\/wp-json\/wp\/v2\/pages\/179974","targetHints":{"allow":["GET"]}}],"collection":[{"href":"https:\/\/centromundolengua.com\/es\/wp-json\/wp\/v2\/pages"}],"about":[{"href":"https:\/\/centromundolengua.com\/es\/wp-json\/wp\/v2\/types\/page"}],"author":[{"embeddable":true,"href":"https:\/\/centromundolengua.com\/es\/wp-json\/wp\/v2\/users\/2694"}],"replies":[{"embeddable":true,"href":"https:\/\/centromundolengua.com\/es\/wp-json\/wp\/v2\/comments?post=179974"}],"version-history":[{"count":3,"href":"https:\/\/centromundolengua.com\/es\/wp-json\/wp\/v2\/pages\/179974\/revisions"}],"predecessor-version":[{"id":189989,"href":"https:\/\/centromundolengua.com\/es\/wp-json\/wp\/v2\/pages\/179974\/revisions\/189989"}],"wp:attachment":[{"href":"https:\/\/centromundolengua.com\/es\/wp-json\/wp\/v2\/media?parent=179974"}],"curies":[{"name":"wp","href":"https:\/\/api.w.org\/{rel}","templated":true}]}}