{"id":180962,"date":"2023-03-15T08:06:03","date_gmt":"2023-03-15T12:06:03","guid":{"rendered":"https:\/\/centromundolengua.com\/?page_id=180962"},"modified":"2025-12-11T04:17:15","modified_gmt":"2025-12-11T09:17:15","slug":"payment-methods","status":"publish","type":"page","link":"https:\/\/centromundolengua.com\/es\/metodos-de-pago\/","title":{"rendered":"M\u00e9todos de Pago"},"content":{"rendered":"<div class=\"wpb-content-wrapper\"><div      class=\"vc_row wpb_row section vc_row-fluid  vc_custom_1573299983980\" style=' text-align:left;'><div class=\"full_section_inner clearfix\"><div class=\"wpb_column vc_column_container vc_col-sm-12\"><div class=\"vc_column-inner\"><div class=\"wpb_wrapper\">\n\t<div class=\"wpb_text_column wpb_content_element\">\n\t\t<div class=\"wpb_wrapper\">\n\t\t\t<p class=\" translation-block\">El m\u00e9todo de pago m\u00e1s r\u00e1pido y convenientes que ofrecemos es el <strong>pago con tarjeta de d\u00e9bito\/cr\u00e9dito<\/strong> a trav\u00e9s de nuestra p\u00e1gina web segura. Puedes hacer tu pago <a href=\"https:\/\/centromundolengua.com\/es\/pagos\/\" target=\"_self\">en este enlace<\/a> (se cargar\u00e1 una tasa adicional del 3% para cubrir los gastos de gesti\u00f3n).<\/p>\n<p>Tambi\u00e9n puede utilizar los siguientes m\u00e9todos de pago:<\/p>\n<ul>\n<li class=\" translation-block\"><strong>Paypal<\/strong>. Puede hacer tu pago <a href=\"https:\/\/centromundolengua.com\/es\/pagos\/\" target=\"_self\">aqu\u00ed<\/a>. Se cargar\u00e1 una tasa adicional del 5% para cubrir los gastos de gesti\u00f3n<\/li>\n<li><strong>Cheque<\/strong>. El estudiante est\u00e1 obligado a cubrir todos los gastos relacionados con esta transacci\u00f3n. El cheque debe hacerse pagadero a:<\/li>\n<\/ul>\n<p>Mundolengua Centro Internacional de Espa\u00f1ol, S.L.<br \/>\nCuesta del Rosario 8, casa 1 - 4\u00ba<br \/>\n41004 Sevilla (Espa\u00f1a)<br \/>\nReceptor: Centro Mundolengua<\/p>\n<ul>\n<li><strong>Transferencia bancaria<\/strong>. El estudiante est\u00e1 obligado a cubrir todos los gastos relacionados con esta transacci\u00f3n. Debe hacerse pagadera a:<\/li>\n<\/ul>\n<p>Mundolengua Centro Internacional de Espa\u00f1ol, S.L.<br \/>\nLa Caixa (Espa\u00f1a)<br \/>\nIBAN: ES58 2100 6625 62 2200410848<br \/>\nN\u00famero de cuenta: 2100 6625 62 2200410848<br \/>\nBIC\/SWIFT: CAIXAESBBXXX<\/p>\n<p>Recuerda que para confirmar tu participaci\u00f3n en el programa, debes completar el dep\u00f3sito y pagar el saldo restante, al menos, 8 semanas antes de la fecha de inicio del programa.<\/p>\n\n\t\t<\/div>\n\t<\/div><\/div><\/div><\/div><\/div><\/div>\n<\/div>","protected":false},"excerpt":{"rendered":"The quickest and most convenient payment method we offer is debit\/credit card payment\u00a0through our secure website. Click here\u00a0to proceed to your payment (an additional fee of 3% will be charged in order to cover processing charges). You can also make the payment through the following...","protected":false},"author":2694,"featured_media":0,"parent":0,"menu_order":0,"comment_status":"closed","ping_status":"closed","template":"","meta":{"_acf_changed":false,"content-type":"","footnotes":""},"class_list":["post-180962","page","type-page","status-publish","hentry"],"acf":[],"yoast_head":"<!-- This site is optimized with the Yoast SEO plugin v27.0 - https:\/\/yoast.com\/product\/yoast-seo-wordpress\/ -->\n<title>Payment Methods - Centro MundoLengua<\/title>\n<meta name=\"description\" content=\"Welcome to Centro MundoLengua&#039;s website. Please read carefully our Terms &amp; Conditions before using our website.\" \/>\n<meta name=\"robots\" content=\"index, follow, max-snippet:-1, max-image-preview:large, max-video-preview:-1\" \/>\n<link rel=\"canonical\" href=\"https:\/\/centromundolengua.com\/es\/metodos-de-pago\/\" \/>\n<meta property=\"og:locale\" content=\"es_ES\" \/>\n<meta property=\"og:type\" content=\"article\" \/>\n<meta property=\"og:title\" content=\"Payment Methods - Centro MundoLengua\" \/>\n<meta property=\"og:description\" content=\"Welcome to Centro MundoLengua&#039;s website. Please read carefully our Terms &amp; Conditions before using our website.\" \/>\n<meta property=\"og:url\" content=\"https:\/\/centromundolengua.com\/es\/metodos-de-pago\/\" \/>\n<meta property=\"og:site_name\" content=\"Centro MundoLengua\" \/>\n<meta property=\"article:modified_time\" content=\"2025-12-11T09:17:15+00:00\" \/>\n<meta name=\"twitter:card\" content=\"summary_large_image\" \/>\n<meta name=\"twitter:label1\" content=\"Tiempo de lectura\" \/>\n\t<meta name=\"twitter:data1\" content=\"1 minuto\" \/>\n<script type=\"application\/ld+json\" class=\"yoast-schema-graph\">{\"@context\":\"https:\/\/schema.org\",\"@graph\":[{\"@type\":\"WebPage\",\"@id\":\"https:\/\/centromundolengua.com\/payment-methods\/\",\"url\":\"https:\/\/centromundolengua.com\/payment-methods\/\",\"name\":\"Payment Methods - Centro MundoLengua\",\"isPartOf\":{\"@id\":\"https:\/\/centromundolengua.com\/es\/#website\"},\"datePublished\":\"2023-03-15T12:06:03+00:00\",\"dateModified\":\"2025-12-11T09:17:15+00:00\",\"description\":\"Welcome to Centro MundoLengua's website. Please read carefully our Terms & Conditions before using our website.\",\"breadcrumb\":{\"@id\":\"https:\/\/centromundolengua.com\/payment-methods\/#breadcrumb\"},\"inLanguage\":\"es\",\"potentialAction\":[{\"@type\":\"ReadAction\",\"target\":[\"https:\/\/centromundolengua.com\/payment-methods\/\"]}]},{\"@type\":\"BreadcrumbList\",\"@id\":\"https:\/\/centromundolengua.com\/payment-methods\/#breadcrumb\",\"itemListElement\":[{\"@type\":\"ListItem\",\"position\":1,\"name\":\"Home\",\"item\":\"https:\/\/centromundolengua.com\/\"},{\"@type\":\"ListItem\",\"position\":2,\"name\":\"Payment Methods\"}]},{\"@type\":\"WebSite\",\"@id\":\"https:\/\/centromundolengua.com\/es\/#website\",\"url\":\"https:\/\/centromundolengua.com\/es\/\",\"name\":\"Centro MundoLengua\",\"description\":\"Language academy\",\"potentialAction\":[{\"@type\":\"SearchAction\",\"target\":{\"@type\":\"EntryPoint\",\"urlTemplate\":\"https:\/\/centromundolengua.com\/es\/?s={search_term_string}\"},\"query-input\":{\"@type\":\"PropertyValueSpecification\",\"valueRequired\":true,\"valueName\":\"search_term_string\"}}],\"inLanguage\":\"es\"}]}<\/script>\n<!-- \/ Yoast SEO plugin. -->","yoast_head_json":{"title":"Payment Methods - Centro MundoLengua","description":"Welcome to Centro MundoLengua's website. Please read carefully our Terms & Conditions before using our website.","robots":{"index":"index","follow":"follow","max-snippet":"max-snippet:-1","max-image-preview":"max-image-preview:large","max-video-preview":"max-video-preview:-1"},"canonical":"https:\/\/centromundolengua.com\/es\/metodos-de-pago\/","og_locale":"es_ES","og_type":"article","og_title":"Payment Methods - Centro MundoLengua","og_description":"Welcome to Centro MundoLengua's website. Please read carefully our Terms & Conditions before using our website.","og_url":"https:\/\/centromundolengua.com\/es\/metodos-de-pago\/","og_site_name":"Centro MundoLengua","article_modified_time":"2025-12-11T09:17:15+00:00","twitter_card":"summary_large_image","twitter_misc":{"Tiempo de lectura":"1 minuto"},"schema":{"@context":"https:\/\/schema.org","@graph":[{"@type":"WebPage","@id":"https:\/\/centromundolengua.com\/payment-methods\/","url":"https:\/\/centromundolengua.com\/payment-methods\/","name":"Payment Methods - Centro MundoLengua","isPartOf":{"@id":"https:\/\/centromundolengua.com\/es\/#website"},"datePublished":"2023-03-15T12:06:03+00:00","dateModified":"2025-12-11T09:17:15+00:00","description":"Welcome to Centro MundoLengua's website. Please read carefully our Terms & Conditions before using our website.","breadcrumb":{"@id":"https:\/\/centromundolengua.com\/payment-methods\/#breadcrumb"},"inLanguage":"es","potentialAction":[{"@type":"ReadAction","target":["https:\/\/centromundolengua.com\/payment-methods\/"]}]},{"@type":"BreadcrumbList","@id":"https:\/\/centromundolengua.com\/payment-methods\/#breadcrumb","itemListElement":[{"@type":"ListItem","position":1,"name":"Home","item":"https:\/\/centromundolengua.com\/"},{"@type":"ListItem","position":2,"name":"Payment Methods"}]},{"@type":"WebSite","@id":"https:\/\/centromundolengua.com\/es\/#website","url":"https:\/\/centromundolengua.com\/es\/","name":"Centro MundoLengua","description":"Language academy","potentialAction":[{"@type":"SearchAction","target":{"@type":"EntryPoint","urlTemplate":"https:\/\/centromundolengua.com\/es\/?s={search_term_string}"},"query-input":{"@type":"PropertyValueSpecification","valueRequired":true,"valueName":"search_term_string"}}],"inLanguage":"es"}]}},"_links":{"self":[{"href":"https:\/\/centromundolengua.com\/es\/wp-json\/wp\/v2\/pages\/180962","targetHints":{"allow":["GET"]}}],"collection":[{"href":"https:\/\/centromundolengua.com\/es\/wp-json\/wp\/v2\/pages"}],"about":[{"href":"https:\/\/centromundolengua.com\/es\/wp-json\/wp\/v2\/types\/page"}],"author":[{"embeddable":true,"href":"https:\/\/centromundolengua.com\/es\/wp-json\/wp\/v2\/users\/2694"}],"replies":[{"embeddable":true,"href":"https:\/\/centromundolengua.com\/es\/wp-json\/wp\/v2\/comments?post=180962"}],"version-history":[{"count":2,"href":"https:\/\/centromundolengua.com\/es\/wp-json\/wp\/v2\/pages\/180962\/revisions"}],"predecessor-version":[{"id":214714,"href":"https:\/\/centromundolengua.com\/es\/wp-json\/wp\/v2\/pages\/180962\/revisions\/214714"}],"wp:attachment":[{"href":"https:\/\/centromundolengua.com\/es\/wp-json\/wp\/v2\/media?parent=180962"}],"curies":[{"name":"wp","href":"https:\/\/api.w.org\/{rel}","templated":true}]}}