{"id":1828,"date":"2022-10-05T14:20:45","date_gmt":"2022-10-05T18:20:45","guid":{"rendered":"http:\/\/agenciajumpers.com\/centromundolengua\/?page_id=1828"},"modified":"2026-02-09T11:55:34","modified_gmt":"2026-02-09T16:55:34","slug":"scholarships-for-spanish-teachers","status":"publish","type":"page","link":"https:\/\/centromundolengua.com\/es\/becas-para-profesores-de-espanol\/","title":{"rendered":"<br>Becas para <br>Profesores de espa\u00f1ol"},"content":{"rendered":"<div class=\"wpb-content-wrapper\"><div class=\"vc_row wpb_row section vc_row-fluid  vc_custom_1576323860863\" style='background-color:#ffffff; padding-top:100px; padding-bottom:100px; text-align:left;'><div class=\"full_section_inner clearfix\"><div class=\"wpb_column vc_column_container vc_col-sm-12\"><div class=\"vc_column-inner\"><div class=\"wpb_wrapper\">\n\t<div class=\"wpb_text_column wpb_content_element\">\n\t\t<div class=\"wpb_wrapper\">\n\t\t\t<h2 style=\"text-align: center;\">Preguntas frecuentes<\/h2>\n\n\t\t<\/div>\n\t<\/div><div class=\"separator  small center\" style=\"background-color: #aa0936;height: 3px;\"><\/div><\/div><\/div><\/div><\/div><\/div><div      class=\"vc_row wpb_row section vc_row-fluid  vc_custom_1576436662360 grid_section\" style='background-color:#ffffff; padding-top:100px; padding-bottom:100px; text-align:left;'><div class=\"section_inner clearfix\"><div class='section_inner_margin clearfix'><div class=\"wpb_column vc_column_container vc_col-sm-12\"><div class=\"vc_column-inner\"><div class=\"wpb_wrapper\"><div class=\"qode-accordion-holder clearfix qode-toggle qode-initial\">\n\t<h5 class=\"clearfix qode-title-holder\">\n<span class=\"qode-tab-title\">\n\t    <span class=\"qode-tab-title-inner\">\n        No cuento con dinero suficiente para pagar mi curso de desarrollo profesional en Centro MundoLengua. \u00bfMe pod\u00e9is ayudar?    <\/span>\n<\/span>\n<span class=\"qode-accordion-mark\">\n    <span class=\"qode-accordion-mark-icon\">\n        <span class=\"icon_plus\"><\/span>\n        <span class=\"icon_minus-06\"><\/span>\n    <\/span>\n<\/span>\n<\/h5>\n<div  class=\"qode-accordion-content\" >\n    <div class=\"qode-accordion-content-inner\">\n        \n\t<div class=\"wpb_text_column wpb_content_element\">\n\t\t<div class=\"wpb_wrapper\">\n\t\t\t<p class=\"Normal1\" style=\"text-align: left;\"><span lang=\"EN-GB\">Centro MundoLengua cuenta con un firme compromiso con la mejora de la formaci\u00f3n de los profesores. Por ello, ofrecemos <strong>becas para profesores de espa\u00f1ol<\/strong> a trav\u00e9s de organizaciones docentes colaboradoras. Nuestro objetivo es fomentar la excelencia profesional entre los expertos en la ense\u00f1anza del espa\u00f1ol como lengua extranjera, independientemente de su capacidad econ\u00f3mica. <\/span><\/p>\n\n\t\t<\/div>\n\t<\/div>    <\/div>\n<\/div><h5 class=\"clearfix qode-title-holder\">\n<span class=\"qode-tab-title\">\n\t    <span class=\"qode-tab-title-inner\">\n        \u00bfHay que cumplir alg\u00fan requisito?    <\/span>\n<\/span>\n<span class=\"qode-accordion-mark\">\n    <span class=\"qode-accordion-mark-icon\">\n        <span class=\"icon_plus\"><\/span>\n        <span class=\"icon_minus-06\"><\/span>\n    <\/span>\n<\/span>\n<\/h5>\n<div  class=\"qode-accordion-content\" >\n    <div class=\"qode-accordion-content-inner\">\n        \n\t<div class=\"wpb_text_column wpb_content_element\">\n\t\t<div class=\"wpb_wrapper\">\n\t\t\t<p style=\"text-align: left;\">Para acceder a nuestras <strong>becas para profesores de espa\u00f1ol<\/strong> for the Cadiz program, all you need is to be a certified Spanish teacher.<\/p>\n<p style=\"text-align: left;\">Para recibir apoyo para participar en nuestro seminario de AP\u00ae Espa\u00f1ol, debe planificar impartir o ya estar impartiendo <em><strong><a href=\"https:\/\/ap.collegeboard.org\/\" target=\"_self\">Advanced Placement\u00ae<\/a><\/strong><\/em> exam-preparation classes.<\/p>\n\n\t\t<\/div>\n\t<\/div>    <\/div>\n<\/div><h5 class=\"clearfix qode-title-holder\">\n<span class=\"qode-tab-title\">\n\t    <span class=\"qode-tab-title-inner\">\n        \u00bfCu\u00e1ntas l\u00edneas de ayuda hay en total? \u00bfQu\u00e9 cubre cada una?    <\/span>\n<\/span>\n<span class=\"qode-accordion-mark\">\n    <span class=\"qode-accordion-mark-icon\">\n        <span class=\"icon_plus\"><\/span>\n        <span class=\"icon_minus-06\"><\/span>\n    <\/span>\n<\/span>\n<\/h5>\n<div  class=\"qode-accordion-content\" >\n    <div class=\"qode-accordion-content-inner\">\n        \n\t<div class=\"wpb_text_column wpb_content_element\">\n\t\t<div class=\"wpb_wrapper\">\n\t\t\t<p class=\"Normal1\" style=\"text-align: left;\"><span lang=\"EN-GB\">Contamos con cuatro l\u00edneas de apoyo:<\/span><\/p>\n<p class=\"Normal1\" style=\"text-align: left;\"><span lang=\"EN-GB\">1.- Two scholarships available for teachers participating in the <strong><a href=\"https:\/\/centromundolengua.com\/product\/ap-spanish-language-and-culture-in-sevilla-spain\/\">curso y el examen <\/a><\/strong>: covers the costs of 30 hours of training, social and cultural activity program, 24 hour emergency support, class materials and College Board certification. Airfare, accommodation and meals to be covered by the scholarship holder.<\/span><\/p>\n<p class=\"Normal1\" style=\"text-align: left;\"><span lang=\"EN-GB\">2.- One scholarship available for teachers participating in the <a href=\"https:\/\/centromundolengua.com\/product\/ap-spanish-apsi-in-madrid-spain-language-and-culture\/\"><strong>AP\u00ae Spanish Language in Madrid<\/strong><\/a>: covers the costs of 30 hours of training, social and cultural activity program, 24 hour emergency support, class materials and College Board certification. Airfare, accommodation and meals to be covered by the scholarship holder.<\/span><\/p>\n<p class=\"Normal1\" style=\"text-align: left;\"><span lang=\"EN-GB\">3.- Una beca disponible para profesores que participen en el <a href=\"https:\/\/centromundolengua.com\/product\/spanish-teacher-courses\/\"><strong><a href=\"https:\/\/centromundolengua.com\/es\/producto\/curso-profesores-espanol\/\" target=\"_self\"><strong>Curso de Formaci\u00f3n para profesores de espa\u00f1ol de la Universidad de C\u00e1diz.<\/strong><\/a><\/strong><\/a>: includes 50 hours (including individual study hours) of training, social and cultural activity program, 24 hour emergency support, class materials and certification from the University of Cadiz Airfare, accommodation and meals to be covered by the scholarship holder.<\/span><\/p>\n\n\t\t<\/div>\n\t<\/div>    <\/div>\n<\/div><h5 class=\"clearfix qode-title-holder\">\n<span class=\"qode-tab-title\">\n\t    <span class=\"qode-tab-title-inner\">\n        \u00bfC\u00f3mo puedo solicitar estas becas?    <\/span>\n<\/span>\n<span class=\"qode-accordion-mark\">\n    <span class=\"qode-accordion-mark-icon\">\n        <span class=\"icon_plus\"><\/span>\n        <span class=\"icon_minus-06\"><\/span>\n    <\/span>\n<\/span>\n<\/h5>\n<div  class=\"qode-accordion-content\" >\n    <div class=\"qode-accordion-content-inner\">\n        \n\t<div class=\"wpb_text_column wpb_content_element\">\n\t\t<div class=\"wpb_wrapper\">\n\t\t\t<p style=\"text-align: left;\">Te invitamos a contactar directamente con las organizaciones docentes encargadas de su concesi\u00f3n. Son ellas las que controlan todo el procedimiento.<\/p>\n<ul>\n<li style=\"text-align: left;\"><a href=\"https:\/\/www.aatsp.org\/page\/studyabroadscholarships\">AATSP American Association of Teachers of Spanish and Portuguese<\/a><\/li>\n<li style=\"text-align: left;\"><a href=\"https:\/\/www.actfl.org\/career-development\/scholarships-grants\">ACTFL American Council on the Teaching of Foreign Languages<\/a><\/li>\n<li><a href=\"https:\/\/www.bcatml.org\/teacher-study-grants.html\">BCATML British Columbia Association of Teachers of Modern Languages<\/a><\/li>\n<li><a href=\"https:\/\/www.csctfl.org\/awards-grants-scholarships\/travelstudy-scholarships\">CSCTFL The Central States Conference on the Teaching on Foreing Languages<\/a><\/li>\n<li style=\"text-align: left;\"><a href=\"https:\/\/www.scolt.org\/awards-and-scholarships\/\">SCOLT Southern Conference on Language Teaching<\/a><\/li>\n<li style=\"text-align: left;\"><a href=\"https:\/\/www.swcolt.org\/scholarships\">SWCOLT Southwest Conference on Language Teaching<\/a><\/li>\n<li><a href=\"https:\/\/clta.net\/centro-mundolengua-ap-travelstudy-grant\/\">CLTA California Language Teachers Association<\/a><\/li>\n<li><a href=\"https:\/\/pncfl.wordpress.com\/awards-and-grants-2\/\">PNCFL Pacific Northwest Council for Languages<\/a><\/li>\n<\/ul>\n\n\t\t<\/div>\n\t<\/div>    <\/div>\n<\/div><\/div><div class=\"vc_empty_space\"  style=\"height: 50px\" >\n\t<span class=\"vc_empty_space_inner\">\n\t\t<span class=\"empty_space_image\"  ><\/span>\n\t<\/span>\n<\/div>\n\t<div class=\"wpb_text_column wpb_content_element  vc_custom_1700092465689\">\n\t\t<div class=\"wpb_wrapper\">\n\t\t\t<p>AP\u00ae is a trademark registered by the College Board, which is not a ffiliated with, and does not endorse this website.<\/p>\n\n\t\t<\/div>\n\t<\/div><div class=\"vc_empty_space\"  style=\"height: 30px\" >\n\t<span class=\"vc_empty_space_inner\">\n\t\t<span class=\"empty_space_image\"  ><\/span>\n\t<\/span>\n<\/div><\/div><\/div><\/div><\/div><\/div><\/div>\n<\/div>","protected":false},"excerpt":{"rendered":"FAQs I am currently unable to cover the whole cost of my professional development course with Centro MundoLengua. Do you offer any scholarships for Spanish teachers? Centro MundoLengua is dedicated to the continuous training of teachers who make our future a brighter place. We therefore...","protected":false},"author":1,"featured_media":0,"parent":0,"menu_order":0,"comment_status":"closed","ping_status":"closed","template":"full_width.php","meta":{"_acf_changed":false,"content-type":"","footnotes":""},"class_list":["post-1828","page","type-page","status-publish","hentry"],"acf":[],"yoast_head":"<!-- This site is optimized with the Yoast SEO plugin v27.0 - https:\/\/yoast.com\/product\/yoast-seo-wordpress\/ -->\n<title>Scholarships for Spanish teachers to study abroad | Centro MundoLengua<\/title>\n<meta name=\"description\" content=\"Learn more about Centro MundoLengua&#039;s study abroad scholarships for Spanish teachers. Find all the information you need to apply!\" \/>\n<meta name=\"robots\" content=\"index, follow, max-snippet:-1, max-image-preview:large, max-video-preview:-1\" \/>\n<link rel=\"canonical\" href=\"https:\/\/centromundolengua.com\/es\/becas-para-profesores-de-espanol\/\" \/>\n<meta property=\"og:locale\" content=\"es_ES\" \/>\n<meta property=\"og:type\" content=\"article\" \/>\n<meta property=\"og:title\" content=\"Scholarships for Spanish teachers to study abroad | Centro MundoLengua\" \/>\n<meta property=\"og:description\" content=\"Learn more about Centro MundoLengua&#039;s study abroad scholarships for Spanish teachers. Find all the information you need to apply!\" \/>\n<meta property=\"og:url\" content=\"https:\/\/centromundolengua.com\/es\/becas-para-profesores-de-espanol\/\" \/>\n<meta property=\"og:site_name\" content=\"Centro MundoLengua\" \/>\n<meta property=\"article:modified_time\" content=\"2026-02-09T16:55:34+00:00\" \/>\n<meta name=\"twitter:card\" content=\"summary_large_image\" \/>\n<meta name=\"twitter:label1\" content=\"Tiempo de lectura\" \/>\n\t<meta name=\"twitter:data1\" content=\"3 minutos\" \/>\n<script type=\"application\/ld+json\" class=\"yoast-schema-graph\">{\"@context\":\"https:\/\/schema.org\",\"@graph\":[{\"@type\":\"WebPage\",\"@id\":\"https:\/\/centromundolengua.com\/scholarships-for-spanish-teachers\/\",\"url\":\"https:\/\/centromundolengua.com\/scholarships-for-spanish-teachers\/\",\"name\":\"Scholarships for Spanish teachers to study abroad | Centro MundoLengua\",\"isPartOf\":{\"@id\":\"https:\/\/centromundolengua.com\/es\/#website\"},\"datePublished\":\"2022-10-05T18:20:45+00:00\",\"dateModified\":\"2026-02-09T16:55:34+00:00\",\"description\":\"Learn more about Centro MundoLengua's study abroad scholarships for Spanish teachers. Find all the information you need to apply!\",\"breadcrumb\":{\"@id\":\"https:\/\/centromundolengua.com\/scholarships-for-spanish-teachers\/#breadcrumb\"},\"inLanguage\":\"es\",\"potentialAction\":[{\"@type\":\"ReadAction\",\"target\":[\"https:\/\/centromundolengua.com\/scholarships-for-spanish-teachers\/\"]}]},{\"@type\":\"BreadcrumbList\",\"@id\":\"https:\/\/centromundolengua.com\/scholarships-for-spanish-teachers\/#breadcrumb\",\"itemListElement\":[{\"@type\":\"ListItem\",\"position\":1,\"name\":\"Home\",\"item\":\"https:\/\/centromundolengua.com\/\"},{\"@type\":\"ListItem\",\"position\":2,\"name\":\"Scholarships for Spanish teachers\"}]},{\"@type\":\"WebSite\",\"@id\":\"https:\/\/centromundolengua.com\/es\/#website\",\"url\":\"https:\/\/centromundolengua.com\/es\/\",\"name\":\"Centro MundoLengua\",\"description\":\"Language academy\",\"potentialAction\":[{\"@type\":\"SearchAction\",\"target\":{\"@type\":\"EntryPoint\",\"urlTemplate\":\"https:\/\/centromundolengua.com\/es\/?s={search_term_string}\"},\"query-input\":{\"@type\":\"PropertyValueSpecification\",\"valueRequired\":true,\"valueName\":\"search_term_string\"}}],\"inLanguage\":\"es\"}]}<\/script>\n<!-- \/ Yoast SEO plugin. -->","yoast_head_json":{"title":"Scholarships for Spanish teachers to study abroad | Centro MundoLengua","description":"Learn more about Centro MundoLengua's study abroad scholarships for Spanish teachers. Find all the information you need to apply!","robots":{"index":"index","follow":"follow","max-snippet":"max-snippet:-1","max-image-preview":"max-image-preview:large","max-video-preview":"max-video-preview:-1"},"canonical":"https:\/\/centromundolengua.com\/es\/becas-para-profesores-de-espanol\/","og_locale":"es_ES","og_type":"article","og_title":"Scholarships for Spanish teachers to study abroad | Centro MundoLengua","og_description":"Learn more about Centro MundoLengua's study abroad scholarships for Spanish teachers. Find all the information you need to apply!","og_url":"https:\/\/centromundolengua.com\/es\/becas-para-profesores-de-espanol\/","og_site_name":"Centro MundoLengua","article_modified_time":"2026-02-09T16:55:34+00:00","twitter_card":"summary_large_image","twitter_misc":{"Tiempo de lectura":"3 minutos"},"schema":{"@context":"https:\/\/schema.org","@graph":[{"@type":"WebPage","@id":"https:\/\/centromundolengua.com\/scholarships-for-spanish-teachers\/","url":"https:\/\/centromundolengua.com\/scholarships-for-spanish-teachers\/","name":"Scholarships for Spanish teachers to study abroad | Centro MundoLengua","isPartOf":{"@id":"https:\/\/centromundolengua.com\/es\/#website"},"datePublished":"2022-10-05T18:20:45+00:00","dateModified":"2026-02-09T16:55:34+00:00","description":"Learn more about Centro MundoLengua's study abroad scholarships for Spanish teachers. Find all the information you need to apply!","breadcrumb":{"@id":"https:\/\/centromundolengua.com\/scholarships-for-spanish-teachers\/#breadcrumb"},"inLanguage":"es","potentialAction":[{"@type":"ReadAction","target":["https:\/\/centromundolengua.com\/scholarships-for-spanish-teachers\/"]}]},{"@type":"BreadcrumbList","@id":"https:\/\/centromundolengua.com\/scholarships-for-spanish-teachers\/#breadcrumb","itemListElement":[{"@type":"ListItem","position":1,"name":"Home","item":"https:\/\/centromundolengua.com\/"},{"@type":"ListItem","position":2,"name":"Scholarships for Spanish teachers"}]},{"@type":"WebSite","@id":"https:\/\/centromundolengua.com\/es\/#website","url":"https:\/\/centromundolengua.com\/es\/","name":"Centro MundoLengua","description":"Language academy","potentialAction":[{"@type":"SearchAction","target":{"@type":"EntryPoint","urlTemplate":"https:\/\/centromundolengua.com\/es\/?s={search_term_string}"},"query-input":{"@type":"PropertyValueSpecification","valueRequired":true,"valueName":"search_term_string"}}],"inLanguage":"es"}]}},"_links":{"self":[{"href":"https:\/\/centromundolengua.com\/es\/wp-json\/wp\/v2\/pages\/1828","targetHints":{"allow":["GET"]}}],"collection":[{"href":"https:\/\/centromundolengua.com\/es\/wp-json\/wp\/v2\/pages"}],"about":[{"href":"https:\/\/centromundolengua.com\/es\/wp-json\/wp\/v2\/types\/page"}],"author":[{"embeddable":true,"href":"https:\/\/centromundolengua.com\/es\/wp-json\/wp\/v2\/users\/1"}],"replies":[{"embeddable":true,"href":"https:\/\/centromundolengua.com\/es\/wp-json\/wp\/v2\/comments?post=1828"}],"version-history":[{"count":1,"href":"https:\/\/centromundolengua.com\/es\/wp-json\/wp\/v2\/pages\/1828\/revisions"}],"predecessor-version":[{"id":223300,"href":"https:\/\/centromundolengua.com\/es\/wp-json\/wp\/v2\/pages\/1828\/revisions\/223300"}],"wp:attachment":[{"href":"https:\/\/centromundolengua.com\/es\/wp-json\/wp\/v2\/media?parent=1828"}],"curies":[{"name":"wp","href":"https:\/\/api.w.org\/{rel}","templated":true}]}}