{"id":37272,"date":"2020-08-07T08:33:33","date_gmt":"2020-08-07T12:33:33","guid":{"rendered":"https:\/\/agenciajumpers.com\/centromundolengua\/?page_id=37272"},"modified":"2020-11-09T08:09:05","modified_gmt":"2020-11-09T13:09:05","slug":"basic-information-concerning-data-protection","status":"publish","type":"page","link":"https:\/\/centromundolengua.com\/es\/proteccion-de-datos-informacion-basica\/","title":{"rendered":"Informaci\u00f3n B\u00e1sica sobre Protecci\u00f3n de Datos"},"content":{"rendered":"<p>Con el fin de dar cumplimiento a la normativa vigente en materia de protecci\u00f3n de datos de car\u00e1cter personal, le informamos que sus datos ser\u00e1n incorporados al sistema de tratamiento perteneciente a MUNDOLENGUA CENTRO INTERNACIONAL DE ESPA\u00d1OL SL (CIF n\u00famero B91474908), registrado en la direcci\u00f3n CUESTA DEL ROSARIO 8 CASA 1 4\u00baA 41004, SEVILLA, cuyos respectivos objetivos, plazos de conservaci\u00f3n y fuentes de legitimaci\u00f3n se detallan a continuaci\u00f3n. En el caso de los procedimientos que requieran el uso de datos personales, se le informar\u00e1 del posible desarrollo de perfiles y decisiones automatizadas y por lo tanto de la posible cesi\u00f3n y transferencia internacional de datos personales que MUNDOLENGUA CENTRO INTERNACIONAL DE ESPA\u00d1OL SL pretende realizar:&nbsp;<\/p>\n\n\n\n<ul class=\"wp-block-list\"><li><strong>Finalidad<\/strong>: gesti\u00f3n y administraci\u00f3n de expedientes acad\u00e9micos, titulaciones y solicitudes<\/li><li><strong>Per\u00edodo de almacenamiento <\/strong>: es estrictamente necesario un per\u00edodo de almacenamiento formal para cumplir con la finalidad mencionada anteriormente, excepto las obligaciones legales de conservar los datos m\u00e1s all\u00e1 del per\u00edodo de almacenamiento.<\/li><li><strong>Fuente de legitimaci\u00f3n<\/strong>: consentimiento del solicitante.<\/li><li><strong>Transferencia de datos<\/strong>: en caso de necesidad, sus datos se comunicar\u00e1n a los \u00f3rganos administrativos educativos competentes en la materia. En caso de necesidad, sus datos se comunicar\u00e1n a los servicios sociales, a las fuerzas y cuerpos de seguridad del Estado y a los centros de salud con el fin de facilitar la emisi\u00f3n de certificados, prevenir posibles peligros para la seguridad p\u00fablica, enjuiciar delitos y como protecci\u00f3n del inter\u00e9s superior de los menores. Adem\u00e1s, le informamos que la fuente de legitimaci\u00f3n para esta transferencia de datos deriva del inter\u00e9s leg\u00edtimo en cuesti\u00f3n.<\/li><\/ul>\n\n\n\n<ul class=\"wp-block-list\"><li><strong>Finalidad<\/strong>: gesti\u00f3n de datos personales (tambi\u00e9n en temas de salud y acad\u00e9micos) con el fin de ejecutar con \u00e9xito la matr\u00edcula.&nbsp;<\/li><li><strong>Per\u00edodo de almacenamiento<\/strong>: es estrictamente necesario un per\u00edodo de almacenamiento formal para cumplir con la finalidad mencionada anteriormente.<\/li><li><strong>Fuente de legitimaci\u00f3n<\/strong>: consentimiento del solicitante.&nbsp;<\/li><li><strong>Transferencia de datos<\/strong>en caso de necesidad, sus datos ser\u00e1n comunicados a otras entidades y\/o administraciones p\u00fablicas con competencia en la materia a efectos del cumplimiento de las obligaciones establecidas en la normativa aplicable. Adem\u00e1s, le informamos que la fuente de legitimaci\u00f3n para esta transferencia de datos es el cumplimiento de la ley.&nbsp;<\/li><\/ul>\n\n\n\n<ul class=\"wp-block-list\"><li><strong>Finalidad<\/strong>: gesti\u00f3n administrativa, facturaci\u00f3n, contabilidad y obligaciones legales.&nbsp;<\/li><li><strong>Per\u00edodo de almacenamiento<\/strong>5 a\u00f1os en cumplimiento de las Leyes Generales Tributarias.<\/li><li><strong>Fuente de legitimaci\u00f3n<\/strong>: cumplimiento de la ley.<\/li><li><strong>Transferencia de datos<\/strong>en caso de necesidad, sus datos ser\u00e1n comunicados a otras entidades y\/o administraciones p\u00fablicas con competencia en la materia a efectos del cumplimiento de las obligaciones establecidas en la normativa aplicable. Adem\u00e1s, le informamos que la fuente de legitimaci\u00f3n para esta transferencia de datos es el cumplimiento de la ley.<\/li><\/ul>\n\n\n\n<ul class=\"wp-block-list\"><li><strong>Finalidad<\/strong>: gesti\u00f3n y procedimiento de las obligaciones y deberes derivados del cumplimiento de la normativa a la que est\u00e1 sujeta esta entidad.&nbsp;<\/li><li><strong>Per\u00edodo de almacenamiento<\/strong>: preservation of document copies until actions can be prescribed to claim a possible responsibility.<\/li><li><strong>Fuente de legitimaci\u00f3n<\/strong>: cumplimiento de la ley.&nbsp;<\/li><li><strong>Transferencia de datos<\/strong>: en caso de necesidad, sus datos ser\u00e1n comunicados a otras entidades y\/o administraciones p\u00fablicas con competencia en la materia a efectos del cumplimiento de las obligaciones establecidas en la normativa aplicable. Adem\u00e1s, le informamos que la fuente de legitimaci\u00f3n para esta transferencia de datos es el cumplimiento de la ley.<\/li><\/ul>\n\n\n\n<p>De conformidad con los derechos que la normativa vigente en materia de protecci\u00f3n de datos le confiere, podr\u00e1 ejercitar los derechos de acceso, rectificaci\u00f3n, limitaci\u00f3n del tratamiento, eliminaci\u00f3n (\u201cderecho al olvido\u201d), portabilidad y oposici\u00f3n al uso de los datos de car\u00e1cter personal, as\u00ed como la retirada del consentimiento prestado al uso de dichos datos, mediante solicitud formal remitida a la direcci\u00f3n postal arriba indicada o a la direcci\u00f3n de correo electr\u00f3nico <a href=\"mailto:ADMIN@CENTROMUNDOLENGUA.COM\">ADMIN@CENTROMUNDOLENGUA.COM<\/a>Puede dirigirse al organismo de control para presentar una queja que considere pertinente.&nbsp;<\/p>\n\n\n\n<p>Los campos de datos marcados con (*) son obligatorios de cumplimentar y, en consecuencia, son necesarios para llevar a cabo las finalidades antes mencionadas.<\/p>\n\n\n\n<p>MUNDOLENGUA CENTRO INTERNACIONAL DE ESPA\u00d1OL SL le informa que la firma del presente documento otorga su consentimiento expl\u00edcito para el uso de los datos para las finalidades antes mencionadas.<\/p>","protected":false},"excerpt":{"rendered":"<p>In order to comply with current applicable regulations concerning personal data protection, we hereby inform you that your data will be incorporated into the processing system belonging to MUNDOLENGUA CENTRO INTERNACIONAL DE ESPA\u00d1OL SL (CIF number B91474908), registered at the address CUESTA DEL ROSARIO 8&#8230;<\/p>","protected":false},"author":1,"featured_media":0,"parent":0,"menu_order":0,"comment_status":"closed","ping_status":"closed","template":"","meta":{"_acf_changed":false,"content-type":"","footnotes":""},"class_list":["post-37272","page","type-page","status-publish","hentry"],"acf":[],"yoast_head":"<!-- This site is optimized with the Yoast SEO plugin v27.0 - https:\/\/yoast.com\/product\/yoast-seo-wordpress\/ -->\n<title>Basic Information Concerning Data Protection - Centro MundoLengua<\/title>\n<meta name=\"robots\" content=\"index, follow, max-snippet:-1, max-image-preview:large, max-video-preview:-1\" \/>\n<link rel=\"canonical\" href=\"https:\/\/centromundolengua.com\/es\/proteccion-de-datos-informacion-basica\/\" \/>\n<meta property=\"og:locale\" content=\"es_ES\" \/>\n<meta property=\"og:type\" content=\"article\" \/>\n<meta property=\"og:title\" content=\"Basic Information Concerning Data Protection - Centro MundoLengua\" \/>\n<meta property=\"og:description\" content=\"In order to comply with current applicable regulations concerning personal data protection, we hereby inform you that your data will be incorporated into the processing system belonging to MUNDOLENGUA CENTRO INTERNACIONAL DE ESPA\u00d1OL SL (CIF number B91474908), registered at the address CUESTA DEL ROSARIO 8...\" \/>\n<meta property=\"og:url\" content=\"https:\/\/centromundolengua.com\/es\/proteccion-de-datos-informacion-basica\/\" \/>\n<meta property=\"og:site_name\" content=\"Centro MundoLengua\" \/>\n<meta property=\"article:modified_time\" content=\"2020-11-09T13:09:05+00:00\" \/>\n<meta name=\"twitter:card\" content=\"summary_large_image\" \/>\n<meta name=\"twitter:label1\" content=\"Tiempo de lectura\" \/>\n\t<meta name=\"twitter:data1\" content=\"3 minutos\" \/>\n<script type=\"application\/ld+json\" class=\"yoast-schema-graph\">{\"@context\":\"https:\/\/schema.org\",\"@graph\":[{\"@type\":\"WebPage\",\"@id\":\"https:\/\/centromundolengua.com\/basic-information-concerning-data-protection\/\",\"url\":\"https:\/\/centromundolengua.com\/basic-information-concerning-data-protection\/\",\"name\":\"Basic Information Concerning Data Protection - Centro MundoLengua\",\"isPartOf\":{\"@id\":\"https:\/\/centromundolengua.com\/es\/#website\"},\"datePublished\":\"2020-08-07T12:33:33+00:00\",\"dateModified\":\"2020-11-09T13:09:05+00:00\",\"breadcrumb\":{\"@id\":\"https:\/\/centromundolengua.com\/basic-information-concerning-data-protection\/#breadcrumb\"},\"inLanguage\":\"es\",\"potentialAction\":[{\"@type\":\"ReadAction\",\"target\":[\"https:\/\/centromundolengua.com\/basic-information-concerning-data-protection\/\"]}]},{\"@type\":\"BreadcrumbList\",\"@id\":\"https:\/\/centromundolengua.com\/basic-information-concerning-data-protection\/#breadcrumb\",\"itemListElement\":[{\"@type\":\"ListItem\",\"position\":1,\"name\":\"Home\",\"item\":\"https:\/\/centromundolengua.com\/\"},{\"@type\":\"ListItem\",\"position\":2,\"name\":\"Basic Information Concerning Data Protection\"}]},{\"@type\":\"WebSite\",\"@id\":\"https:\/\/centromundolengua.com\/es\/#website\",\"url\":\"https:\/\/centromundolengua.com\/es\/\",\"name\":\"Centro MundoLengua\",\"description\":\"Language academy\",\"potentialAction\":[{\"@type\":\"SearchAction\",\"target\":{\"@type\":\"EntryPoint\",\"urlTemplate\":\"https:\/\/centromundolengua.com\/es\/?s={search_term_string}\"},\"query-input\":{\"@type\":\"PropertyValueSpecification\",\"valueRequired\":true,\"valueName\":\"search_term_string\"}}],\"inLanguage\":\"es\"}]}<\/script>\n<!-- \/ Yoast SEO plugin. -->","yoast_head_json":{"title":"Basic Information Concerning Data Protection - Centro MundoLengua","robots":{"index":"index","follow":"follow","max-snippet":"max-snippet:-1","max-image-preview":"max-image-preview:large","max-video-preview":"max-video-preview:-1"},"canonical":"https:\/\/centromundolengua.com\/es\/proteccion-de-datos-informacion-basica\/","og_locale":"es_ES","og_type":"article","og_title":"Basic Information Concerning Data Protection - Centro MundoLengua","og_description":"In order to comply with current applicable regulations concerning personal data protection, we hereby inform you that your data will be incorporated into the processing system belonging to MUNDOLENGUA CENTRO INTERNACIONAL DE ESPA\u00d1OL SL (CIF number B91474908), registered at the address CUESTA DEL ROSARIO 8...","og_url":"https:\/\/centromundolengua.com\/es\/proteccion-de-datos-informacion-basica\/","og_site_name":"Centro MundoLengua","article_modified_time":"2020-11-09T13:09:05+00:00","twitter_card":"summary_large_image","twitter_misc":{"Tiempo de lectura":"3 minutos"},"schema":{"@context":"https:\/\/schema.org","@graph":[{"@type":"WebPage","@id":"https:\/\/centromundolengua.com\/basic-information-concerning-data-protection\/","url":"https:\/\/centromundolengua.com\/basic-information-concerning-data-protection\/","name":"Basic Information Concerning Data Protection - Centro MundoLengua","isPartOf":{"@id":"https:\/\/centromundolengua.com\/es\/#website"},"datePublished":"2020-08-07T12:33:33+00:00","dateModified":"2020-11-09T13:09:05+00:00","breadcrumb":{"@id":"https:\/\/centromundolengua.com\/basic-information-concerning-data-protection\/#breadcrumb"},"inLanguage":"es","potentialAction":[{"@type":"ReadAction","target":["https:\/\/centromundolengua.com\/basic-information-concerning-data-protection\/"]}]},{"@type":"BreadcrumbList","@id":"https:\/\/centromundolengua.com\/basic-information-concerning-data-protection\/#breadcrumb","itemListElement":[{"@type":"ListItem","position":1,"name":"Home","item":"https:\/\/centromundolengua.com\/"},{"@type":"ListItem","position":2,"name":"Basic Information Concerning Data Protection"}]},{"@type":"WebSite","@id":"https:\/\/centromundolengua.com\/es\/#website","url":"https:\/\/centromundolengua.com\/es\/","name":"Centro MundoLengua","description":"Language academy","potentialAction":[{"@type":"SearchAction","target":{"@type":"EntryPoint","urlTemplate":"https:\/\/centromundolengua.com\/es\/?s={search_term_string}"},"query-input":{"@type":"PropertyValueSpecification","valueRequired":true,"valueName":"search_term_string"}}],"inLanguage":"es"}]}},"_links":{"self":[{"href":"https:\/\/centromundolengua.com\/es\/wp-json\/wp\/v2\/pages\/37272","targetHints":{"allow":["GET"]}}],"collection":[{"href":"https:\/\/centromundolengua.com\/es\/wp-json\/wp\/v2\/pages"}],"about":[{"href":"https:\/\/centromundolengua.com\/es\/wp-json\/wp\/v2\/types\/page"}],"author":[{"embeddable":true,"href":"https:\/\/centromundolengua.com\/es\/wp-json\/wp\/v2\/users\/1"}],"replies":[{"embeddable":true,"href":"https:\/\/centromundolengua.com\/es\/wp-json\/wp\/v2\/comments?post=37272"}],"version-history":[{"count":0,"href":"https:\/\/centromundolengua.com\/es\/wp-json\/wp\/v2\/pages\/37272\/revisions"}],"wp:attachment":[{"href":"https:\/\/centromundolengua.com\/es\/wp-json\/wp\/v2\/media?parent=37272"}],"curies":[{"name":"wp","href":"https:\/\/api.w.org\/{rel}","templated":true}]}}