{"id":742,"date":"2019-11-09T11:57:43","date_gmt":"2019-11-09T16:57:43","guid":{"rendered":"http:\/\/agenciajumpers.com\/centromundolengua\/?page_id=742"},"modified":"2021-06-23T04:24:07","modified_gmt":"2021-06-23T08:24:07","slug":"terms-and-conditions-of-use","status":"publish","type":"page","link":"https:\/\/centromundolengua.com\/es\/terminos-y-condiciones-de-uso\/","title":{"rendered":"Condiciones de uso"},"content":{"rendered":"<div class=\"wpb-content-wrapper\"><div      class=\"vc_row wpb_row section vc_row-fluid  vc_custom_1573299983980\" style=' text-align:left;'><div class=\"full_section_inner clearfix\"><div class=\"wpb_column vc_column_container vc_col-sm-12\"><div class=\"vc_column-inner\"><div class=\"wpb_wrapper\">\n\t<div class=\"wpb_text_column wpb_content_element\">\n\t\t<div class=\"wpb_wrapper\">\n\t\t\t<p>En cumplimiento de la Ley 34\/2002, de 11 de julio, de la Sociedad de la Informaci\u00f3n y del Comercio Electr\u00f3nico (LSSI-CE), MUNDOLENGUA CENTRO INTERNACIONAL DE ESPA\u00d1OL S.L. informa que es titular de la p\u00e1gina web www.centromundolengua.com. De conformidad con lo exigido en el art\u00edculo 10 de la citada Ley, MUNDOLENGUA CENTRO INTERNACIONAL DE ESPA\u00d1OL SL notifica la siguiente informaci\u00f3n:<\/p>\n<p>&nbsp;<\/p>\n<p>El titular de la presente p\u00e1gina web es MUNDOLENGUA CENTRO INTERNACIONAL DE ESPA\u00d1OL SL, con CIF B91474908 y domicilio social en CUESTA DEL ROSARIO 8 CASA 1 4\u00ba A 41004, SEVILLA, inscrita en el Registro Mercantil al Tomo 4231, folio 191, folio SE-63.904 y con el n\u00famero de inscripci\u00f3n 1a. La direcci\u00f3n de correo electr\u00f3nico para contactar con la empresa es <a href=\"mailto:admin@centromundolengua.com\">admin@centromundolengua.com<\/a>.<\/p>\n<p>&nbsp;<\/p>\n<p>&nbsp;<\/p>\n<h3><strong>USUARIOS Y RESPONSABILIDAD<\/strong><\/h3>\n<p>&nbsp;<\/p>\n<p>La navegaci\u00f3n, acceso y uso del sitio web de MUNDOLENGUA CENTRO INTERNACIONAL  DE ESPA\u00d1OL SL confiere a los Usuarios la condici\u00f3n de Usuario, lo que  significa que aceptan, al navegar por el sitio web de MUNDOLENGUA CENTRO INTERNACIONAL DE ESPA\u00d1OL SL, todos los t\u00e9rminos y condiciones de  uso   establecidos   en el presente documento,  que   se aplican   independientemente  de  la normativa legal en materia que sea de aplicaci\u00f3n en cada  caso.<\/p>\n<p>&nbsp;<\/p>\n<p>El sitio web de MUNDOLENGUA CENTRO INTERNACIONAL DE ESPA\u00d1OL SL proporciona   una amplia gama de informaci\u00f3n, servicios y datos.  Los usuarios son responsables del correcto uso del sitio web. Esa responsabilidad incluye:<\/p>\n<p>&nbsp;<\/p>\n<ul>\n<li>La veracidad y licitud de la informaci\u00f3n facilitada por el Usuario en los formularios emitidos por MUNDOLENGUA CENTRO INTERNACIONAL DE ESPA\u00d1OL SL para acceder a determinados contenidos o servicios ofrecidos por el sitio web.<\/li>\n<li>El uso de la informaci\u00f3n, servicios y datos ofrecidos por MUNDOLENGUA  CENTRO INTERNACIONAL  DE  ESPA\u00d1OL SL  para  acciones  que   infrinjan las presentes  condiciones, la ley, las acciones morales, las buenas costumbres o el orden p\u00fablico, o que de otro modo puedan infringir los  derechos de terceros o poner en peligro el  funcionamiento del propio sitio web.<\/li>\n<\/ul>\n<p>&nbsp;<\/p>\n<p>&nbsp;<\/p>\n<h3><strong>POL\u00cdTICA DE ENLACES Y EXTENSI\u00d3N DE RESPONSABILIDAD<\/strong><\/h3>\n<p>&nbsp;<\/p>\n<p>MUNDOLENGUA CENTRO INTERNACIONAL DE ESPA\u00d1OL SL no se hace responsable del contenido de los sitios web a los que los Usuarios puedan acceder a trav\u00e9s de los enlaces proporcionados en su propia p\u00e1gina web y declara que en ning\u00fan caso examinar\u00e1 o ejercer\u00e1 ning\u00fan control sobre el contenido de otros sitios web. Tampoco garantiza la disponibilidad t\u00e9cnica, exactitud, fiabilidad, validez o legalidad de los sitios web que no son de su propiedad pero a los que se puede acceder a trav\u00e9s de enlaces en su propia p\u00e1gina web.<\/p>\n<p>&nbsp;<\/p>\n<p>MUNDOLENGUA CENTRO INTERNACIONAL DE ESPA\u00d1OL SL declara que ha tomado todas las medidas necesarias para evitar cualquier da\u00f1o a los Usuarios de su sitio web que pueda derivarse de la navegaci\u00f3n en su sitio web. En consecuencia, MUNDOLENGUA CENTRO INTERNACIONAL DE ESPA\u00d1OL SL no se hace responsable en ning\u00fan caso de los da\u00f1os y perjuicios causados al Usuario a trav\u00e9s de la navegaci\u00f3n por Internet.<\/p>\n<p>&nbsp;<\/p>\n<p>&nbsp;<\/p>\n<h3><strong>MODIFICACIONES<\/strong><\/h3>\n<p>&nbsp;<\/p>\n<p>MUNDOLENGUA CENTRO INTERNACIONAL DE ESPA\u00d1OL SL se reserva el derecho de realizar las modificaciones que considere oportunas, sin previo aviso, en el contenido del sitio web. Esto se refiere tanto al contenido del sitio web, los T\u00e9rminos y Condiciones de Uso del sitio web como a los T\u00e9rminos y Condiciones. Dichas modificaciones podr\u00e1n realizarse a trav\u00e9s del sitio web, en cualquier forma legalmente admisible, y ser\u00e1n exigibles durante el tiempo en que se publiquen en el sitio web, o hasta que sean v\u00e1lidamente modificadas por modificaciones posteriores.<\/p>\n<p>&nbsp;<\/p>\n<p>&nbsp;<\/p>\n<h3><strong>ADQUISICI\u00d3N DE SERVICIOS A TRAV\u00c9S DE INTERNET<\/strong><\/h3>\n<p>&nbsp;<\/p>\n<p>Algunos contenidos de la web de MUNDOLENGUA CENTRO INTERNACIONAL DE ESPA\u00d1OL SL ofrecen la posibilidad de realizar compras online.  El uso de este contenido requerir\u00e1 la lectura y aceptaci\u00f3n obligatoria de los T\u00e9rminos y Condiciones establecidos al efecto por MUNDOLENGUA CENTRO INTERNACIONAL DE ESPA\u00d1OL SL.<\/p>\n<p>&nbsp;<\/p>\n<p>&nbsp;<\/p>\n<h3><strong>PROTECCI\u00d3N DE DATOS<\/strong><\/h3>\n<p>&nbsp;<\/p>\n<p>En cumplimiento de la normativa vigente en materia de Protecci\u00f3n de Datos de Car\u00e1cter Personal, MUNDOLENGUA CENTRO INTERNACIONAL DE ESPA\u00d1OL le informa que sus datos ser\u00e1n incorporados al sistema titularidad de MUNDOLENGUA CENTRO INTERNACIONAL DE ESPA\u00d1OL SL con CIF B91474908 y domicilio en CUESTA DEL ROSARIO 8 CASA 1 4\u00ba A 41004, SEVILLA, con la finalidad de facilitar, agilizar y dar cumplimiento a los compromisos asumidos por ambas partes. En cumplimiento de la normativa vigente, MUNDOLENGUA CENTRO INTERNACIONAL DE ESPA\u00d1OL SL le informa que los datos ser\u00e1n almacenados durante el PLAZO LEGAL ESTABLECIDO.<\/p>\n<p>&nbsp;<\/p>\n<p>A menos que usted indique lo contrario a MUNDOLENGUA CENTRO INTERNACIONAL DE ESPA\u00d1OL SL, MUNDOLENGUA CENTRO INTERNACIONAL DE ESPA\u00d1OL SL entiende que su informaci\u00f3n enviada no ha cambiado, que usted acepta notificarnos cualquier cambio y que estamos autorizados a utilizar estos datos para los fines mencionados anteriormente.<\/p>\n<p>&nbsp;<\/p>\n<p>MUNDOLENGUA CENTRO INTERNACIONAL DE ESPA\u00d1OL SL informa que tratar\u00e1 los datos de forma l\u00edcita, leal, transparente, adecuada, pertinente, limitada, precisa y actualizada. Es por ello que MUNDOLENGUA CENTRO INTERNACIONAL DE ESPA\u00d1OL SL se compromete a tomar todas las medidas razonables para garantizar que los datos sean eliminados o actualizados cuando sean incorrectos.<\/p>\n<p>&nbsp;<\/p>\n<p>De conformidad con los derechos que le asisten en virtud de las normas vigentes en materia de protecci\u00f3n de datos, podr\u00e1 ejercitar sus derechos de acceso, rectificaci\u00f3n, l\u00edmite de uso, cancelaci\u00f3n, portabilidad, y oposici\u00f3n en el uso de sus datos personales, as\u00ed como el consentimiento para los mismos usos, mediante escrito de oposici\u00f3n dirigido a la direcci\u00f3n postal arriba indicada o a la direcci\u00f3n de correo electr\u00f3nico ADMIN@CENTROMUNDOLENGUA.COM.<\/p>\n<p>&nbsp;<\/p>\n<p>Podr\u00e1 dirigirse a la autoridad de control competente para presentar la declaraci\u00f3n seg\u00fan considere oportuno.<\/p>\n<p>&nbsp;<\/p>\n<p>&nbsp;<\/p>\n<p>&nbsp;<\/p>\n<h3><strong>PROPIEDAD INTELECTUAL<\/strong><\/h3>\n<p>&nbsp;<\/p>\n<p>MUNDOLENGUA CENTRO INTERNACIONAL DE ESPA\u00d1OL SL por s\u00ed  o como cesionaria, es titular de todos los derechos de propiedad intelectual e industrial en su p\u00e1gina web, as\u00ed  como de todos los elementos contenidos en la misma (incluyendo pero no limitado  a, im\u00e1genes, sonido,  audio,  v\u00eddeo, software o textos;  marcas o logotipos, combinaciones de colores, estructura y  dise\u00f1o, selecci\u00f3n de materiales utilizados, programas inform\u00e1ticos necesarios  para  su funcionamiento, acceso y uso, etc\u2026).<\/p>\n<p>&nbsp;<\/p>\n<p>En virtud de lo dispuesto en la Ley de Propiedad Intelectual, queda  expresamente prohibida la reproducci\u00f3n, distribuci\u00f3n y comunicaci\u00f3n al p\u00fablico, incluida  su modalidad  de puesta a disposici\u00f3n, de la totalidad o parte  de los  contenidos de este  sitio web con fines comerciales, en cualquier medio y  por cualquier medio t\u00e9cnico, sin  la  autorizaci\u00f3n de MUNDOLENGUA  CENTRO INTERNACIONAL DE ESPA\u00d1OL SL.<\/p>\n<p>&nbsp;<\/p>\n<p>El Usuario se compromete a respetar los derechos de Propiedad Intelectual e Industrial de MUNDOLENGUA CENTRO INTERNACIONAL DE ESPA\u00d1OL SL. El Usuario podr\u00e1 visualizar los elementos del portal e incluso imprimirlos, copiarlos y almacenarlos en el disco duro del ordenador del Usuario o en cualquier otro soporte f\u00edsico, siempre y cuando sean \u00fanica y exclusivamente para su uso personal y privado.  El Usuario se abstendr\u00e1 de suprimir, alterar, eludir o manipular cualquier dispositivo de protecci\u00f3n o sistema de seguridad que se haya instalado en las p\u00e1ginas de MUNDOLENGUA CENTRO INTERNACIONAL DE ESPA\u00d1OL SL.<\/p>\n<p>&nbsp;<\/p>\n<p>&nbsp;<\/p>\n<h3><strong>ACCI\u00d3N LEGAL, LEY APLICABLE Y JURISDICCI\u00d3N<\/strong><\/h3>\n<p>&nbsp;<\/p>\n<p>MUNDOLENGUA CENTRO INTERNACIONAL DE ESPA\u00d1OL SL tambi\u00e9n se reserva el derecho de interponer las acciones civiles o penales que considere oportunas por el mal uso de su sitio web y contenidos del mismo, o por el incumplimiento de las presentes Condiciones Generales de Uso.<\/p>\n<p>&nbsp;<\/p>\n<p>La relaci\u00f3n entre el Usuario y MUNDOLENGUA CENTRO INTERNACIONAL DE ESPA\u00d1OL estar\u00e1 regulada por las leyes espa\u00f1olas vigentes y  los tribunales de ESPA\u00d1A. En caso de cualquier controversia que pueda surgir, ambas partes presentar\u00e1n sus reclamaciones a los grupos de arbitraje o a un tribunal ordinario de justicia, cumpliendo con las regulaciones sobre jurisdicci\u00f3n y competencia. El domicilio social oficial de MUNDOLENGUA CENTRO INTERNACIONAL DE ESPA\u00d1OL SL se encuentra en SEVILLA, Espa\u00f1a.<\/p>\n\n\t\t<\/div>\n\t<\/div><\/div><\/div><\/div><\/div><\/div>\n<\/div>","protected":false},"excerpt":{"rendered":"In compliance with the Law 34\/2002, dated 11 July, on Information Society and Electronic Commerce (LSSI-CE), MUNDOLENGUA CENTRO INTERNACIONAL DE ESPA\u00d1OL SL hereby notifies that it owns the website www.centromundolengua.com. In accordance with the requirements of Article 10 of the aforementioned Law, MUNDOLENGUA CENTRO INTERNACIONAL...","protected":false},"author":1,"featured_media":0,"parent":0,"menu_order":0,"comment_status":"closed","ping_status":"closed","template":"","meta":{"_acf_changed":false,"content-type":"","footnotes":""},"class_list":["post-742","page","type-page","status-publish","hentry"],"acf":[],"yoast_head":"<!-- This site is optimized with the Yoast SEO plugin v27.0 - https:\/\/yoast.com\/product\/yoast-seo-wordpress\/ -->\n<title>Terms and Conditions of Use - Centro MundoLengua<\/title>\n<meta name=\"description\" content=\"Please read the following Terms and Conditions of Use. The following Terms and Conditions of Use govern your use of this website.\" \/>\n<meta name=\"robots\" content=\"index, follow, max-snippet:-1, max-image-preview:large, max-video-preview:-1\" \/>\n<link rel=\"canonical\" href=\"https:\/\/centromundolengua.com\/es\/terminos-y-condiciones-de-uso\/\" \/>\n<meta property=\"og:locale\" content=\"es_ES\" \/>\n<meta property=\"og:type\" content=\"article\" \/>\n<meta property=\"og:title\" content=\"Terms and Conditions of Use - Centro MundoLengua\" \/>\n<meta property=\"og:description\" content=\"Please read the following Terms and Conditions of Use. The following Terms and Conditions of Use govern your use of this website.\" \/>\n<meta property=\"og:url\" content=\"https:\/\/centromundolengua.com\/es\/terminos-y-condiciones-de-uso\/\" \/>\n<meta property=\"og:site_name\" content=\"Centro MundoLengua\" \/>\n<meta property=\"article:modified_time\" content=\"2021-06-23T08:24:07+00:00\" \/>\n<meta name=\"twitter:card\" content=\"summary_large_image\" \/>\n<meta name=\"twitter:label1\" content=\"Tiempo de lectura\" \/>\n\t<meta name=\"twitter:data1\" content=\"6 minutos\" \/>\n<script type=\"application\/ld+json\" class=\"yoast-schema-graph\">{\"@context\":\"https:\/\/schema.org\",\"@graph\":[{\"@type\":\"WebPage\",\"@id\":\"https:\/\/centromundolengua.com\/terms-and-conditions-of-use\/\",\"url\":\"https:\/\/centromundolengua.com\/terms-and-conditions-of-use\/\",\"name\":\"Terms and Conditions of Use - Centro MundoLengua\",\"isPartOf\":{\"@id\":\"https:\/\/centromundolengua.com\/es\/#website\"},\"datePublished\":\"2019-11-09T16:57:43+00:00\",\"dateModified\":\"2021-06-23T08:24:07+00:00\",\"description\":\"Please read the following Terms and Conditions of Use. The following Terms and Conditions of Use govern your use of this website.\",\"breadcrumb\":{\"@id\":\"https:\/\/centromundolengua.com\/terms-and-conditions-of-use\/#breadcrumb\"},\"inLanguage\":\"es\",\"potentialAction\":[{\"@type\":\"ReadAction\",\"target\":[\"https:\/\/centromundolengua.com\/terms-and-conditions-of-use\/\"]}]},{\"@type\":\"BreadcrumbList\",\"@id\":\"https:\/\/centromundolengua.com\/terms-and-conditions-of-use\/#breadcrumb\",\"itemListElement\":[{\"@type\":\"ListItem\",\"position\":1,\"name\":\"Home\",\"item\":\"https:\/\/centromundolengua.com\/\"},{\"@type\":\"ListItem\",\"position\":2,\"name\":\"Terms and Conditions of Use\"}]},{\"@type\":\"WebSite\",\"@id\":\"https:\/\/centromundolengua.com\/es\/#website\",\"url\":\"https:\/\/centromundolengua.com\/es\/\",\"name\":\"Centro MundoLengua\",\"description\":\"Language academy\",\"potentialAction\":[{\"@type\":\"SearchAction\",\"target\":{\"@type\":\"EntryPoint\",\"urlTemplate\":\"https:\/\/centromundolengua.com\/es\/?s={search_term_string}\"},\"query-input\":{\"@type\":\"PropertyValueSpecification\",\"valueRequired\":true,\"valueName\":\"search_term_string\"}}],\"inLanguage\":\"es\"}]}<\/script>\n<!-- \/ Yoast SEO plugin. -->","yoast_head_json":{"title":"Terms and Conditions of Use - Centro MundoLengua","description":"Please read the following Terms and Conditions of Use. The following Terms and Conditions of Use govern your use of this website.","robots":{"index":"index","follow":"follow","max-snippet":"max-snippet:-1","max-image-preview":"max-image-preview:large","max-video-preview":"max-video-preview:-1"},"canonical":"https:\/\/centromundolengua.com\/es\/terminos-y-condiciones-de-uso\/","og_locale":"es_ES","og_type":"article","og_title":"Terms and Conditions of Use - Centro MundoLengua","og_description":"Please read the following Terms and Conditions of Use. The following Terms and Conditions of Use govern your use of this website.","og_url":"https:\/\/centromundolengua.com\/es\/terminos-y-condiciones-de-uso\/","og_site_name":"Centro MundoLengua","article_modified_time":"2021-06-23T08:24:07+00:00","twitter_card":"summary_large_image","twitter_misc":{"Tiempo de lectura":"6 minutos"},"schema":{"@context":"https:\/\/schema.org","@graph":[{"@type":"WebPage","@id":"https:\/\/centromundolengua.com\/terms-and-conditions-of-use\/","url":"https:\/\/centromundolengua.com\/terms-and-conditions-of-use\/","name":"Terms and Conditions of Use - Centro MundoLengua","isPartOf":{"@id":"https:\/\/centromundolengua.com\/es\/#website"},"datePublished":"2019-11-09T16:57:43+00:00","dateModified":"2021-06-23T08:24:07+00:00","description":"Please read the following Terms and Conditions of Use. The following Terms and Conditions of Use govern your use of this website.","breadcrumb":{"@id":"https:\/\/centromundolengua.com\/terms-and-conditions-of-use\/#breadcrumb"},"inLanguage":"es","potentialAction":[{"@type":"ReadAction","target":["https:\/\/centromundolengua.com\/terms-and-conditions-of-use\/"]}]},{"@type":"BreadcrumbList","@id":"https:\/\/centromundolengua.com\/terms-and-conditions-of-use\/#breadcrumb","itemListElement":[{"@type":"ListItem","position":1,"name":"Home","item":"https:\/\/centromundolengua.com\/"},{"@type":"ListItem","position":2,"name":"Terms and Conditions of Use"}]},{"@type":"WebSite","@id":"https:\/\/centromundolengua.com\/es\/#website","url":"https:\/\/centromundolengua.com\/es\/","name":"Centro MundoLengua","description":"Language academy","potentialAction":[{"@type":"SearchAction","target":{"@type":"EntryPoint","urlTemplate":"https:\/\/centromundolengua.com\/es\/?s={search_term_string}"},"query-input":{"@type":"PropertyValueSpecification","valueRequired":true,"valueName":"search_term_string"}}],"inLanguage":"es"}]}},"_links":{"self":[{"href":"https:\/\/centromundolengua.com\/es\/wp-json\/wp\/v2\/pages\/742","targetHints":{"allow":["GET"]}}],"collection":[{"href":"https:\/\/centromundolengua.com\/es\/wp-json\/wp\/v2\/pages"}],"about":[{"href":"https:\/\/centromundolengua.com\/es\/wp-json\/wp\/v2\/types\/page"}],"author":[{"embeddable":true,"href":"https:\/\/centromundolengua.com\/es\/wp-json\/wp\/v2\/users\/1"}],"replies":[{"embeddable":true,"href":"https:\/\/centromundolengua.com\/es\/wp-json\/wp\/v2\/comments?post=742"}],"version-history":[{"count":1,"href":"https:\/\/centromundolengua.com\/es\/wp-json\/wp\/v2\/pages\/742\/revisions"}],"predecessor-version":[{"id":190052,"href":"https:\/\/centromundolengua.com\/es\/wp-json\/wp\/v2\/pages\/742\/revisions\/190052"}],"wp:attachment":[{"href":"https:\/\/centromundolengua.com\/es\/wp-json\/wp\/v2\/media?parent=742"}],"curies":[{"name":"wp","href":"https:\/\/api.w.org\/{rel}","templated":true}]}}