{"id":36515,"date":"2020-05-05T08:03:47","date_gmt":"2020-05-05T12:03:47","guid":{"rendered":"http:\/\/agenciajumpers.com\/centromundolengua\/?post_type=product&#038;p=36515"},"modified":"2025-11-13T01:38:56","modified_gmt":"2025-11-13T06:38:56","slug":"spanish-language-school-trips-in-cadiz-spain","status":"publish","type":"product","link":"https:\/\/centromundolengua.com\/es\/producto\/viajes-inmersion-linguistica-espanol-cadiz\/","title":{"rendered":"Viajes escolares de inmersi\u00f3n ling\u00fc\u00edstica en C\u00e1diz"},"content":{"rendered":"","protected":false},"excerpt":{"rendered":"","protected":false},"featured_media":36527,"comment_status":"closed","ping_status":"closed","template":"","meta":{"_acf_changed":false,"content-type":""},"product_cat":[815],"product_tag":[],"class_list":["post-36515","product","type-product","status-publish","has-post-thumbnail","hentry","product_cat-spanish-immersion-programs"],"acf":[],"yoast_head":"<!-- This site is optimized with the Yoast SEO plugin v27.0 - https:\/\/yoast.com\/product\/yoast-seo-wordpress\/ -->\n<title>Spanish language school trips in Cadiz, Spain | Centro MundoLengua<\/title>\n<meta name=\"description\" content=\"Our Spanish language school trips are perfect for school groups looking for a mixture of Spanish classes and authentic cultural experiences.\" \/>\n<meta name=\"robots\" content=\"index, follow, max-snippet:-1, max-image-preview:large, max-video-preview:-1\" \/>\n<link rel=\"canonical\" href=\"https:\/\/centromundolengua.com\/es\/producto\/viajes-inmersion-linguistica-espanol-cadiz\/\" \/>\n<meta property=\"og:locale\" content=\"es_ES\" \/>\n<meta property=\"og:type\" content=\"article\" \/>\n<meta property=\"og:title\" content=\"Spanish language school trips in Cadiz, Spain | Centro MundoLengua\" \/>\n<meta property=\"og:description\" content=\"Our Spanish language school trips are perfect for school groups looking for a mixture of Spanish classes and authentic cultural experiences.\" \/>\n<meta property=\"og:url\" content=\"https:\/\/centromundolengua.com\/es\/producto\/viajes-inmersion-linguistica-espanol-cadiz\/\" \/>\n<meta property=\"og:site_name\" content=\"Centro MundoLengua\" \/>\n<meta property=\"article:modified_time\" content=\"2025-11-13T06:38:56+00:00\" \/>\n<meta property=\"og:image\" content=\"https:\/\/centromundolengua.com\/wp-content\/uploads\/2020\/05\/Doing-things-summer.png\" \/>\n\t<meta property=\"og:image:width\" content=\"1000\" \/>\n\t<meta property=\"og:image:height\" content=\"1000\" \/>\n\t<meta property=\"og:image:type\" content=\"image\/png\" \/>\n<meta name=\"twitter:card\" content=\"summary_large_image\" \/>\n<meta name=\"twitter:label1\" content=\"Tiempo de lectura\" \/>\n\t<meta name=\"twitter:data1\" content=\"1 minuto\" \/>\n<script type=\"application\/ld+json\" class=\"yoast-schema-graph\">{\"@context\":\"https:\/\/schema.org\",\"@graph\":[{\"@type\":\"WebPage\",\"@id\":\"https:\/\/centromundolengua.com\/product\/spanish-language-school-trips-in-cadiz-spain\/\",\"url\":\"https:\/\/centromundolengua.com\/product\/spanish-language-school-trips-in-cadiz-spain\/\",\"name\":\"Spanish language school trips in Cadiz, Spain | Centro MundoLengua\",\"isPartOf\":{\"@id\":\"https:\/\/centromundolengua.com\/es\/#website\"},\"primaryImageOfPage\":{\"@id\":\"https:\/\/centromundolengua.com\/product\/spanish-language-school-trips-in-cadiz-spain\/#primaryimage\"},\"image\":{\"@id\":\"https:\/\/centromundolengua.com\/product\/spanish-language-school-trips-in-cadiz-spain\/#primaryimage\"},\"thumbnailUrl\":\"https:\/\/centromundolengua.com\/wp-content\/uploads\/2020\/05\/Doing-things-summer.png\",\"datePublished\":\"2020-05-05T12:03:47+00:00\",\"dateModified\":\"2025-11-13T06:38:56+00:00\",\"description\":\"Our Spanish language school trips are perfect for school groups looking for a mixture of Spanish classes and authentic cultural experiences.\",\"breadcrumb\":{\"@id\":\"https:\/\/centromundolengua.com\/product\/spanish-language-school-trips-in-cadiz-spain\/#breadcrumb\"},\"inLanguage\":\"es\",\"potentialAction\":[{\"@type\":\"ReadAction\",\"target\":[\"https:\/\/centromundolengua.com\/product\/spanish-language-school-trips-in-cadiz-spain\/\"]}]},{\"@type\":\"ImageObject\",\"inLanguage\":\"es\",\"@id\":\"https:\/\/centromundolengua.com\/product\/spanish-language-school-trips-in-cadiz-spain\/#primaryimage\",\"url\":\"https:\/\/centromundolengua.com\/wp-content\/uploads\/2020\/05\/Doing-things-summer.png\",\"contentUrl\":\"https:\/\/centromundolengua.com\/wp-content\/uploads\/2020\/05\/Doing-things-summer.png\",\"width\":1000,\"height\":1000,\"caption\":\"Spanish language school trip at the beach in Spain\"},{\"@type\":\"BreadcrumbList\",\"@id\":\"https:\/\/centromundolengua.com\/product\/spanish-language-school-trips-in-cadiz-spain\/#breadcrumb\",\"itemListElement\":[{\"@type\":\"ListItem\",\"position\":1,\"name\":\"Home\",\"item\":\"https:\/\/centromundolengua.com\/\"},{\"@type\":\"ListItem\",\"position\":2,\"name\":\"Products\",\"item\":\"https:\/\/centromundolengua.com\/shop\/\"},{\"@type\":\"ListItem\",\"position\":3,\"name\":\"Spanish language school trips in Cadiz, Spain\"}]},{\"@type\":\"WebSite\",\"@id\":\"https:\/\/centromundolengua.com\/es\/#website\",\"url\":\"https:\/\/centromundolengua.com\/es\/\",\"name\":\"Centro MundoLengua\",\"description\":\"Language academy\",\"potentialAction\":[{\"@type\":\"SearchAction\",\"target\":{\"@type\":\"EntryPoint\",\"urlTemplate\":\"https:\/\/centromundolengua.com\/es\/?s={search_term_string}\"},\"query-input\":{\"@type\":\"PropertyValueSpecification\",\"valueRequired\":true,\"valueName\":\"search_term_string\"}}],\"inLanguage\":\"es\"}]}<\/script>\n<!-- \/ Yoast SEO plugin. -->","yoast_head_json":{"title":"Spanish language school trips in Cadiz, Spain | Centro MundoLengua","description":"Our Spanish language school trips are perfect for school groups looking for a mixture of Spanish classes and authentic cultural experiences.","robots":{"index":"index","follow":"follow","max-snippet":"max-snippet:-1","max-image-preview":"max-image-preview:large","max-video-preview":"max-video-preview:-1"},"canonical":"https:\/\/centromundolengua.com\/es\/producto\/viajes-inmersion-linguistica-espanol-cadiz\/","og_locale":"es_ES","og_type":"article","og_title":"Spanish language school trips in Cadiz, Spain | Centro MundoLengua","og_description":"Our Spanish language school trips are perfect for school groups looking for a mixture of Spanish classes and authentic cultural experiences.","og_url":"https:\/\/centromundolengua.com\/es\/producto\/viajes-inmersion-linguistica-espanol-cadiz\/","og_site_name":"Centro MundoLengua","article_modified_time":"2025-11-13T06:38:56+00:00","og_image":[{"width":1000,"height":1000,"url":"https:\/\/centromundolengua.com\/wp-content\/uploads\/2020\/05\/Doing-things-summer.png","type":"image\/png"}],"twitter_card":"summary_large_image","twitter_misc":{"Tiempo de lectura":"1 minuto"},"schema":{"@context":"https:\/\/schema.org","@graph":[{"@type":"WebPage","@id":"https:\/\/centromundolengua.com\/product\/spanish-language-school-trips-in-cadiz-spain\/","url":"https:\/\/centromundolengua.com\/product\/spanish-language-school-trips-in-cadiz-spain\/","name":"Spanish language school trips in Cadiz, Spain | Centro MundoLengua","isPartOf":{"@id":"https:\/\/centromundolengua.com\/es\/#website"},"primaryImageOfPage":{"@id":"https:\/\/centromundolengua.com\/product\/spanish-language-school-trips-in-cadiz-spain\/#primaryimage"},"image":{"@id":"https:\/\/centromundolengua.com\/product\/spanish-language-school-trips-in-cadiz-spain\/#primaryimage"},"thumbnailUrl":"https:\/\/centromundolengua.com\/wp-content\/uploads\/2020\/05\/Doing-things-summer.png","datePublished":"2020-05-05T12:03:47+00:00","dateModified":"2025-11-13T06:38:56+00:00","description":"Our Spanish language school trips are perfect for school groups looking for a mixture of Spanish classes and authentic cultural experiences.","breadcrumb":{"@id":"https:\/\/centromundolengua.com\/product\/spanish-language-school-trips-in-cadiz-spain\/#breadcrumb"},"inLanguage":"es","potentialAction":[{"@type":"ReadAction","target":["https:\/\/centromundolengua.com\/product\/spanish-language-school-trips-in-cadiz-spain\/"]}]},{"@type":"ImageObject","inLanguage":"es","@id":"https:\/\/centromundolengua.com\/product\/spanish-language-school-trips-in-cadiz-spain\/#primaryimage","url":"https:\/\/centromundolengua.com\/wp-content\/uploads\/2020\/05\/Doing-things-summer.png","contentUrl":"https:\/\/centromundolengua.com\/wp-content\/uploads\/2020\/05\/Doing-things-summer.png","width":1000,"height":1000,"caption":"Spanish language school trip at the beach in Spain"},{"@type":"BreadcrumbList","@id":"https:\/\/centromundolengua.com\/product\/spanish-language-school-trips-in-cadiz-spain\/#breadcrumb","itemListElement":[{"@type":"ListItem","position":1,"name":"Home","item":"https:\/\/centromundolengua.com\/"},{"@type":"ListItem","position":2,"name":"Products","item":"https:\/\/centromundolengua.com\/shop\/"},{"@type":"ListItem","position":3,"name":"Spanish language school trips in Cadiz, Spain"}]},{"@type":"WebSite","@id":"https:\/\/centromundolengua.com\/es\/#website","url":"https:\/\/centromundolengua.com\/es\/","name":"Centro MundoLengua","description":"Language academy","potentialAction":[{"@type":"SearchAction","target":{"@type":"EntryPoint","urlTemplate":"https:\/\/centromundolengua.com\/es\/?s={search_term_string}"},"query-input":{"@type":"PropertyValueSpecification","valueRequired":true,"valueName":"search_term_string"}}],"inLanguage":"es"}]}},"_links":{"self":[{"href":"https:\/\/centromundolengua.com\/es\/wp-json\/wp\/v2\/product\/36515","targetHints":{"allow":["GET"]}}],"collection":[{"href":"https:\/\/centromundolengua.com\/es\/wp-json\/wp\/v2\/product"}],"about":[{"href":"https:\/\/centromundolengua.com\/es\/wp-json\/wp\/v2\/types\/product"}],"replies":[{"embeddable":true,"href":"https:\/\/centromundolengua.com\/es\/wp-json\/wp\/v2\/comments?post=36515"}],"wp:featuredmedia":[{"embeddable":true,"href":"https:\/\/centromundolengua.com\/es\/wp-json\/wp\/v2\/media\/36527"}],"wp:attachment":[{"href":"https:\/\/centromundolengua.com\/es\/wp-json\/wp\/v2\/media?parent=36515"}],"wp:term":[{"taxonomy":"product_cat","embeddable":true,"href":"https:\/\/centromundolengua.com\/es\/wp-json\/wp\/v2\/product_cat?post=36515"},{"taxonomy":"product_tag","embeddable":true,"href":"https:\/\/centromundolengua.com\/es\/wp-json\/wp\/v2\/product_tag?post=36515"}],"curies":[{"name":"wp","href":"https:\/\/api.w.org\/{rel}","templated":true}]}}