{"id":1378,"date":"2019-12-12T07:48:29","date_gmt":"2019-12-12T12:48:29","guid":{"rendered":"http:\/\/agenciajumpers.com\/centromundolengua\/?page_id=1378"},"modified":"2026-01-30T14:30:44","modified_gmt":"2026-01-30T19:30:44","slug":"accreditations","status":"publish","type":"page","link":"https:\/\/centromundolengua.com\/fr\/accreditations\/","title":{"rendered":"Accr\u00e9ditations"},"content":{"rendered":"<div class=\"wpb-content-wrapper\"><div class=\"vc_row wpb_row section vc_row-fluid\" style='background-color:#ffffff; padding-top:60px; padding-bottom:60px; text-align:left;'><div class=\"full_section_inner clearfix\"><div class=\"wpb_column vc_column_container vc_col-sm-12\"><div class=\"vc_column-inner\"><div class=\"wpb_wrapper\">\n\t<div class=\"wpb_text_column wpb_content_element  accreditation-mobile\">\n\t\t<div class=\"wpb_wrapper\">\n\t\t\t<p style=\"text-align: center;\" class=\" translation-block\">Centro MundoLengua est fier d'avoir re\u00e7u les plus hauts labels de qualit\u00e9 et d'accr\u00e9ditations disponibles pour toute entit\u00e9 qui enseigne l'espagnol aux \u00e9tudiants internationaux. Notre d\u00e9sir d'am\u00e9lioration en continue nous a aid\u00e9 \u00e0 gagner une reconnaissance officielle et des accr\u00e9ditations d'institutions nationales et internationales - qui, en retour, garantissent les normes d'\u00e9ducation les plus \u00e9lev\u00e9es pour nos \u00e9tudiants.<\/p>\n\n\t\t<\/div>\n\t<\/div><\/div><\/div><\/div><\/div><\/div><div      class=\"vc_row wpb_row section vc_row-fluid  vc_custom_1576189619948 grid_section\" style='background-color:#ffffff; padding-top:100px; padding-bottom:100px; text-align:left;'><div class=\"section_inner clearfix\"><div class='section_inner_margin clearfix'><div class=\"wpb_column vc_column_container vc_col-sm-12 vc_hidden-xs\"><div class=\"vc_column-inner\"><div class=\"wpb_wrapper\"><div      class=\"vc_row wpb_row section vc_row-fluid vc_inner  vc_custom_1576188933333\" style=' text-align:center;'><div class=\"full_section_inner clearfix\"><div class=\"wpb_column vc_column_container vc_col-sm-3\"><div class=\"vc_column-inner\"><div class=\"wpb_wrapper\">\n\t<div class=\"wpb_single_image wpb_content_element vc_align_center\">\n\t\t<div class=\"wpb_wrapper\">\n\t\t\t\n\t\t\t<a href=\"https:\/\/acreditacion.cervantes.es\/\" target=\"_blank\"><div class=\"vc_single_image-wrapper   vc_box_border_grey\"><img loading=\"lazy\" decoding=\"async\" width=\"2034\" height=\"1144\" src=\"https:\/\/centromundolengua.com\/wp-content\/uploads\/2019\/12\/Logo-Instituto-Cervantes-y-Centro-MundoLengua.jpg\" class=\"vc_single_image-img attachment-full\" alt=\"Accreditations - Instituto Cervantes\" title=\"Accreditations - Instituto Cervantes\" srcset=\"https:\/\/centromundolengua.com\/wp-content\/uploads\/2019\/12\/Logo-Instituto-Cervantes-y-Centro-MundoLengua.jpg 2034w, https:\/\/centromundolengua.com\/wp-content\/uploads\/2019\/12\/Logo-Instituto-Cervantes-y-Centro-MundoLengua-300x169.jpg 300w, https:\/\/centromundolengua.com\/wp-content\/uploads\/2019\/12\/Logo-Instituto-Cervantes-y-Centro-MundoLengua-1024x576.jpg 1024w, https:\/\/centromundolengua.com\/wp-content\/uploads\/2019\/12\/Logo-Instituto-Cervantes-y-Centro-MundoLengua-768x432.jpg 768w, https:\/\/centromundolengua.com\/wp-content\/uploads\/2019\/12\/Logo-Instituto-Cervantes-y-Centro-MundoLengua-1536x864.jpg 1536w, https:\/\/centromundolengua.com\/wp-content\/uploads\/2019\/12\/Logo-Instituto-Cervantes-y-Centro-MundoLengua-700x394.jpg 700w, https:\/\/centromundolengua.com\/wp-content\/uploads\/2019\/12\/Logo-Instituto-Cervantes-y-Centro-MundoLengua-539x303.jpg 539w, https:\/\/centromundolengua.com\/wp-content\/uploads\/2019\/12\/Logo-Instituto-Cervantes-y-Centro-MundoLengua-600x337.jpg 600w, https:\/\/centromundolengua.com\/wp-content\/uploads\/2019\/12\/Logo-Instituto-Cervantes-y-Centro-MundoLengua-64x36.jpg 64w, https:\/\/centromundolengua.com\/wp-content\/uploads\/2019\/12\/Logo-Instituto-Cervantes-y-Centro-MundoLengua-107x60.jpg 107w, https:\/\/centromundolengua.com\/wp-content\/uploads\/2019\/12\/Logo-Instituto-Cervantes-y-Centro-MundoLengua-160x90.jpg 160w\" sizes=\"auto, (max-width: 2034px) 100vw, 2034px\" \/><\/div><\/a>\n\t\t<\/div>\n\t<\/div>\n<\/div><\/div><\/div><div class=\"wpb_column vc_column_container vc_col-sm-9\"><div class=\"vc_column-inner\"><div class=\"wpb_wrapper\">\n\t<div class=\"wpb_text_column wpb_content_element  title-accreditation-mobile\">\n\t\t<div class=\"wpb_wrapper\">\n\t\t\t<h4 style=\"text-align: left;\"><a href=\"https:\/\/www.cervantes.es\/default.htm\">Institut Cervantes<\/a><\/h4>\n\n\t\t<\/div>\n\t<\/div>\n\t<div class=\"wpb_text_column wpb_content_element\">\n\t\t<div class=\"wpb_wrapper\">\n\t\t\t<p style=\"text-align: left;\">Notre centre de S\u00e9ville a re\u00e7u l'accr\u00e9ditation du prestigieux Institut Cervantes; la seule accr\u00e9ditation internationale d\u00e9di\u00e9e exclusivement \u00e0 l'enseignement de l'espagnol comme langue \u00e9trang\u00e8re. Parmi les objectifs de l'institution, se trouvent la promotion et l'enseignement de l'espagnol, ainsi que le rayonnement des cultures espagnoles et latinos am\u00e9ricaines.<\/p>\n\n\t\t<\/div>\n\t<\/div><\/div><\/div><\/div><\/div><\/div><div      class=\"vc_row wpb_row section vc_row-fluid vc_inner  vc_custom_1576188916027\" style=' text-align:center;'><div class=\"full_section_inner clearfix\"><div class=\"wpb_column vc_column_container vc_col-sm-3\"><div class=\"vc_column-inner\"><div class=\"wpb_wrapper\">\n\t<div class=\"wpb_single_image wpb_content_element vc_align_center\">\n\t\t<div class=\"wpb_wrapper\">\n\t\t\t\n\t\t\t<a href=\"https:\/\/eventreg.collegeboard.org\/c\/calendar\/54ae034d-96ef-4609-8458-c7c7a76ad3b9\" target=\"_blank\"><div class=\"vc_single_image-wrapper   vc_box_border_grey\"><img loading=\"lazy\" decoding=\"async\" width=\"780\" height=\"480\" src=\"https:\/\/centromundolengua.com\/wp-content\/uploads\/2019\/12\/Logo-College-Board.jpg\" class=\"vc_single_image-img attachment-full\" alt=\"Accreditations - College Board\" title=\"Accreditations - College Board\" srcset=\"https:\/\/centromundolengua.com\/wp-content\/uploads\/2019\/12\/Logo-College-Board.jpg 780w, https:\/\/centromundolengua.com\/wp-content\/uploads\/2019\/12\/Logo-College-Board-300x185.jpg 300w, https:\/\/centromundolengua.com\/wp-content\/uploads\/2019\/12\/Logo-College-Board-768x473.jpg 768w, https:\/\/centromundolengua.com\/wp-content\/uploads\/2019\/12\/Logo-College-Board-700x431.jpg 700w, https:\/\/centromundolengua.com\/wp-content\/uploads\/2019\/12\/Logo-College-Board-600x369.jpg 600w, https:\/\/centromundolengua.com\/wp-content\/uploads\/2019\/12\/Logo-College-Board-64x39.jpg 64w, https:\/\/centromundolengua.com\/wp-content\/uploads\/2019\/12\/Logo-College-Board-98x60.jpg 98w, https:\/\/centromundolengua.com\/wp-content\/uploads\/2019\/12\/Logo-College-Board-146x90.jpg 146w\" sizes=\"auto, (max-width: 780px) 100vw, 780px\" \/><\/div><\/a>\n\t\t<\/div>\n\t<\/div>\n<\/div><\/div><\/div><div class=\"wpb_column vc_column_container vc_col-sm-9\"><div class=\"vc_column-inner\"><div class=\"wpb_wrapper\">\n\t<div class=\"wpb_text_column wpb_content_element  title-accreditation-mobile\">\n\t\t<div class=\"wpb_wrapper\">\n\t\t\t<h4 style=\"text-align: left;\"><a href=\"https:\/\/apcentral.collegeboard.org\/professional-learning\">College Board<\/a><\/h4>\n\n\t\t<\/div>\n\t<\/div>\n\t<div class=\"wpb_text_column wpb_content_element\">\n\t\t<div class=\"wpb_wrapper\">\n\t\t\t<p style=\"text-align: left;\">Cette organisation \u00e0 but non lucratif d\u00e9veloppe et g\u00e8re des examens standardis\u00e9s pour les \u00e9coles du primaire et du secondaire qui garantissent que tous les \u00e9l\u00e8ves esp\u00e9rant entrer \u00e0 l'universit\u00e9 soient capables de se pr\u00e9parer correctement. Centro MundoLengua est le seul centre accredit\u00e9 en Espagne qui organise des ateliers de formation pour les professeurs des programmes AP\u00ae afin de les aider au mieux dans la pr\u00e9paration de leurs \u00e9l\u00e8ves aux examens correspondants.<\/p>\n\n\t\t<\/div>\n\t<\/div><\/div><\/div><\/div><\/div><\/div><div      class=\"vc_row wpb_row section vc_row-fluid vc_inner  vc_custom_1576188921393\" style=' text-align:center;'><div class=\"full_section_inner clearfix\"><div class=\"wpb_column vc_column_container vc_col-sm-12 vc_col-has-fill\"><div class=\"vc_column-inner vc_custom_1596596206243\"><div class=\"wpb_wrapper\">\n\t<div class=\"wpb_text_column wpb_content_element\">\n\t\t<div class=\"wpb_wrapper\">\n\t\t\t<p style=\"text-align: left;\"><span style=\"font-size: 14px;\"><em>Les programmes AP\u00ae Spanish Language and Culture Summer Institute et AP\u00ae Spanish Literature and Culture Summer Institute du Centro MundoLengua sont soutenus par le College Board.\u00a0<\/em><\/span><span style=\"font-size: 14px;\"><em>College Board,\u00a0 <\/em><\/span><span style=\"font-size: 14px;\"><em>AP\u00ae, Advanced Placement\u00ae, Advanced Placement Program\u00ae, AP\u00ae Vertical Teams, Pre-AP\u00ae et le logo avec le gland sont enregistr\u00e9s comme des marques d\u00e9pos\u00e9es par le College Board. Utilis\u00e9s avec permission.<\/em><\/span><\/p>\n\n\t\t<\/div>\n\t<\/div><\/div><\/div><\/div><\/div><\/div><\/div><\/div><\/div><\/div><\/div><\/div><div      class=\"vc_row wpb_row section vc_row-fluid  vc_custom_1576189619948 grid_section\" style='background-color:#ffffff; padding-top:100px; padding-bottom:100px; text-align:left;'><div class=\"section_inner clearfix\"><div class='section_inner_margin clearfix'><div class=\"wpb_column vc_column_container vc_col-sm-12 vc_hidden-lg vc_hidden-md vc_hidden-sm\"><div class=\"vc_column-inner\"><div class=\"wpb_wrapper\"><div      class=\"vc_row wpb_row section vc_row-fluid vc_inner  vc_custom_1576188933333\" style=' text-align:center;'><div class=\"full_section_inner clearfix\"><div class=\"wpb_column vc_column_container vc_col-sm-3\"><div class=\"vc_column-inner\"><div class=\"wpb_wrapper\">\n\t<div class=\"wpb_single_image wpb_content_element vc_align_center\">\n\t\t<div class=\"wpb_wrapper\">\n\t\t\t\n\t\t\t<a href=\"https:\/\/www.cervantes.es\/default.htm\" target=\"_blank\"><div class=\"vc_single_image-wrapper   vc_box_border_grey\"><img loading=\"lazy\" decoding=\"async\" width=\"2034\" height=\"1144\" src=\"https:\/\/centromundolengua.com\/wp-content\/uploads\/2019\/12\/Logo-Instituto-Cervantes-y-Centro-MundoLengua.jpg\" class=\"vc_single_image-img attachment-full\" alt=\"Accreditations - Instituto Cervantes\" title=\"Accreditations - Instituto Cervantes\" srcset=\"https:\/\/centromundolengua.com\/wp-content\/uploads\/2019\/12\/Logo-Instituto-Cervantes-y-Centro-MundoLengua.jpg 2034w, https:\/\/centromundolengua.com\/wp-content\/uploads\/2019\/12\/Logo-Instituto-Cervantes-y-Centro-MundoLengua-300x169.jpg 300w, https:\/\/centromundolengua.com\/wp-content\/uploads\/2019\/12\/Logo-Instituto-Cervantes-y-Centro-MundoLengua-1024x576.jpg 1024w, https:\/\/centromundolengua.com\/wp-content\/uploads\/2019\/12\/Logo-Instituto-Cervantes-y-Centro-MundoLengua-768x432.jpg 768w, https:\/\/centromundolengua.com\/wp-content\/uploads\/2019\/12\/Logo-Instituto-Cervantes-y-Centro-MundoLengua-1536x864.jpg 1536w, https:\/\/centromundolengua.com\/wp-content\/uploads\/2019\/12\/Logo-Instituto-Cervantes-y-Centro-MundoLengua-700x394.jpg 700w, https:\/\/centromundolengua.com\/wp-content\/uploads\/2019\/12\/Logo-Instituto-Cervantes-y-Centro-MundoLengua-539x303.jpg 539w, https:\/\/centromundolengua.com\/wp-content\/uploads\/2019\/12\/Logo-Instituto-Cervantes-y-Centro-MundoLengua-600x337.jpg 600w, https:\/\/centromundolengua.com\/wp-content\/uploads\/2019\/12\/Logo-Instituto-Cervantes-y-Centro-MundoLengua-64x36.jpg 64w, https:\/\/centromundolengua.com\/wp-content\/uploads\/2019\/12\/Logo-Instituto-Cervantes-y-Centro-MundoLengua-107x60.jpg 107w, https:\/\/centromundolengua.com\/wp-content\/uploads\/2019\/12\/Logo-Instituto-Cervantes-y-Centro-MundoLengua-160x90.jpg 160w\" sizes=\"auto, (max-width: 2034px) 100vw, 2034px\" \/><\/div><\/a>\n\t\t<\/div>\n\t<\/div>\n<\/div><\/div><\/div><div class=\"wpb_column vc_column_container vc_col-sm-9\"><div class=\"vc_column-inner\"><div class=\"wpb_wrapper\">\n\t<div class=\"wpb_text_column wpb_content_element  title-accreditation-mobile vc_custom_1597699545062\">\n\t\t<div class=\"wpb_wrapper\">\n\t\t\t<h4 style=\"text-align: center;\">Institut Cervantes<\/h4>\n\n\t\t<\/div>\n\t<\/div>\n\t<div class=\"wpb_text_column wpb_content_element\">\n\t\t<div class=\"wpb_wrapper\">\n\t\t\t<p style=\"text-align: left;\">Our center in Seville has been awarded with accreditation on behalf of the prestigious Instituto Cervantes; the only international accreditation dedicated exclusively to teaching Spanish as a foreign language. Among the goals of this institution are the promotion and teaching of the Spanish language, and the increased outreach of the culture of both Spain and Latin America.<\/p>\n\n\t\t<\/div>\n\t<\/div><\/div><\/div><\/div><\/div><\/div><div      class=\"vc_row wpb_row section vc_row-fluid vc_inner  vc_custom_1576188916027\" style=' text-align:center;'><div class=\"full_section_inner clearfix\"><div class=\"wpb_column vc_column_container vc_col-sm-3\"><div class=\"vc_column-inner\"><div class=\"wpb_wrapper\">\n\t<div class=\"wpb_single_image wpb_content_element vc_align_center\">\n\t\t<div class=\"wpb_wrapper\">\n\t\t\t\n\t\t\t<a href=\"https:\/\/www.collegeboard.org\/\" target=\"_blank\"><div class=\"vc_single_image-wrapper   vc_box_border_grey\"><img loading=\"lazy\" decoding=\"async\" width=\"780\" height=\"480\" src=\"https:\/\/centromundolengua.com\/wp-content\/uploads\/2019\/12\/Logo-College-Board.jpg\" class=\"vc_single_image-img attachment-full\" alt=\"Accreditations - College Board\" title=\"Accreditations - College Board\" srcset=\"https:\/\/centromundolengua.com\/wp-content\/uploads\/2019\/12\/Logo-College-Board.jpg 780w, https:\/\/centromundolengua.com\/wp-content\/uploads\/2019\/12\/Logo-College-Board-300x185.jpg 300w, https:\/\/centromundolengua.com\/wp-content\/uploads\/2019\/12\/Logo-College-Board-768x473.jpg 768w, https:\/\/centromundolengua.com\/wp-content\/uploads\/2019\/12\/Logo-College-Board-700x431.jpg 700w, https:\/\/centromundolengua.com\/wp-content\/uploads\/2019\/12\/Logo-College-Board-600x369.jpg 600w, https:\/\/centromundolengua.com\/wp-content\/uploads\/2019\/12\/Logo-College-Board-64x39.jpg 64w, https:\/\/centromundolengua.com\/wp-content\/uploads\/2019\/12\/Logo-College-Board-98x60.jpg 98w, https:\/\/centromundolengua.com\/wp-content\/uploads\/2019\/12\/Logo-College-Board-146x90.jpg 146w\" sizes=\"auto, (max-width: 780px) 100vw, 780px\" \/><\/div><\/a>\n\t\t<\/div>\n\t<\/div>\n<\/div><\/div><\/div><div class=\"wpb_column vc_column_container vc_col-sm-9\"><div class=\"vc_column-inner\"><div class=\"wpb_wrapper\">\n\t<div class=\"wpb_text_column wpb_content_element  title-accreditation-mobile vc_custom_1597699559774\">\n\t\t<div class=\"wpb_wrapper\">\n\t\t\t<h4 style=\"text-align: center;\">College Board<\/h4>\n\n\t\t<\/div>\n\t<\/div>\n\t<div class=\"wpb_text_column wpb_content_element\">\n\t\t<div class=\"wpb_wrapper\">\n\t\t\t<p style=\"text-align: left;\">This non-profit organization develops and manages standardized exams for primary and secondary schools that ultimately work to guarantee that all students hoping to enter university are able are able to prepare themselves correctly. Centro MundoLengua is the only accredited center outside of the USA that runs training workshops for educators to teach theAP\u00ae Spanish Language and Culture and AP\u00ae Spanish Literature and Culture courses to their students in preparation for the corresponding exams.<\/p>\n\n\t\t<\/div>\n\t<\/div><\/div><\/div><\/div><\/div><\/div><div      class=\"vc_row wpb_row section vc_row-fluid vc_inner  vc_custom_1576188921393\" style=' text-align:center;'><div class=\"full_section_inner clearfix\"><div class=\"wpb_column vc_column_container vc_col-sm-3\"><div class=\"vc_column-inner\"><div class=\"wpb_wrapper\">\n\t<div class=\"wpb_single_image wpb_content_element vc_align_center\">\n\t\t<div class=\"wpb_wrapper\">\n\t\t\t\n\t\t\t<a href=\"http:\/\/www.bildungsurlaub.de\/\" target=\"_blank\"><div class=\"vc_single_image-wrapper   vc_box_border_grey\"><img loading=\"lazy\" decoding=\"async\" width=\"324\" height=\"226\" src=\"https:\/\/centromundolengua.com\/wp-content\/uploads\/2019\/12\/Logo_bildungsurlaub-3.jpg\" class=\"vc_single_image-img attachment-full\" alt=\"Accreditations - Bildungsurlaub\" title=\"Accreditations - Bildungsurlaub\" srcset=\"https:\/\/centromundolengua.com\/wp-content\/uploads\/2019\/12\/Logo_bildungsurlaub-3.jpg 324w, https:\/\/centromundolengua.com\/wp-content\/uploads\/2019\/12\/Logo_bildungsurlaub-3-300x209.jpg 300w, https:\/\/centromundolengua.com\/wp-content\/uploads\/2019\/12\/Logo_bildungsurlaub-3-64x45.jpg 64w, https:\/\/centromundolengua.com\/wp-content\/uploads\/2019\/12\/Logo_bildungsurlaub-3-86x60.jpg 86w, https:\/\/centromundolengua.com\/wp-content\/uploads\/2019\/12\/Logo_bildungsurlaub-3-129x90.jpg 129w\" sizes=\"auto, (max-width: 324px) 100vw, 324px\" \/><\/div><\/a>\n\t\t<\/div>\n\t<\/div>\n<\/div><\/div><\/div><div class=\"wpb_column vc_column_container vc_col-sm-9\"><div class=\"vc_column-inner\"><div class=\"wpb_wrapper\">\n\t<div class=\"wpb_text_column wpb_content_element  title-accreditation-mobile vc_custom_1597699577101\">\n\t\t<div class=\"wpb_wrapper\">\n\t\t\t<h4 style=\"text-align: center;\">Bildungsurlaub<\/h4>\n\n\t\t<\/div>\n\t<\/div>\n\t<div class=\"wpb_text_column wpb_content_element\">\n\t\t<div class=\"wpb_wrapper\">\n\t\t\t<p style=\"text-align: left;\">Centro MundoLengua offers courses recognized as \u201ceducational holidays\u201d in different federal states of Germany. Each employee in Germany has the right to take up to 5 days per year for educational holidays (outside of regular holiday days in Germany), and our Spanish courses have received official recognition that allows German citizens to select them for their educational holidays. If you are interested and eligible for the educational holiday program in Germany, get in touch and we will inform you about our courses that are suitable for you. It should also be noted that the course content and dates can be adapted to fit the needs of the employee.<\/p>\n\n\t\t<\/div>\n\t<\/div><\/div><\/div><\/div><\/div><\/div><div      class=\"vc_row wpb_row section vc_row-fluid vc_inner  vc_custom_1576188921393\" style=' text-align:center;'><div class=\"full_section_inner clearfix\"><div class=\"wpb_column vc_column_container vc_col-sm-12 vc_col-has-fill\"><div class=\"vc_column-inner vc_custom_1596596206243\"><div class=\"wpb_wrapper\">\n\t<div class=\"wpb_text_column wpb_content_element\">\n\t\t<div class=\"wpb_wrapper\">\n\t\t\t<p style=\"text-align: left;\"><span style=\"font-size: 14px;\"><em>Les programmes AP\u00ae Spanish Language and Culture Summer Institute et AP\u00ae Spanish Literature and Culture Summer Institute du Centro MundoLengua sont soutenus par le College Board.<\/em><\/span><\/p>\n<p style=\"text-align: left;\"><span style=\"font-size: 14px;\"><em>College Board,\u00a0 <\/em><\/span><span style=\"font-size: 14px;\"><em>AP\u00ae, Advanced Placement\u00ae, Advanced Placement Program\u00ae, AP\u00ae Vertical Teams, Pre-AP\u00ae et le logo avec le gland sont enregistr\u00e9s comme des marques d\u00e9pos\u00e9es par le College Board. Utilis\u00e9s avec permission.<\/em><\/span><\/p>\n\n\t\t<\/div>\n\t<\/div><\/div><\/div><\/div><\/div><\/div><\/div><\/div><\/div><\/div><\/div><\/div>\n<\/div>","protected":false},"excerpt":{"rendered":"Centro MundoLengua is proud to have received the highest seals of quality and accreditations available for any entity that teaches Spanish to international students. Our pursuit of continuous development has helped us earn official recognition and accreditations from national and international institutions \u2013 which in...","protected":false},"author":1,"featured_media":0,"parent":0,"menu_order":0,"comment_status":"closed","ping_status":"closed","template":"full_width.php","meta":{"_acf_changed":false,"content-type":"","footnotes":""},"class_list":["post-1378","page","type-page","status-publish","hentry"],"acf":[],"yoast_head":"<!-- This site is optimized with the Yoast SEO plugin v27.0 - https:\/\/yoast.com\/product\/yoast-seo-wordpress\/ -->\n<title>Accreditations | Accredited study abroad programs | Centro MundoLengua<\/title>\n<meta name=\"description\" content=\"Our study abroad programs have been accredited or recognized by renowned institutions and organizations. Learn more about our accreditations!\" \/>\n<meta name=\"robots\" content=\"index, follow, max-snippet:-1, max-image-preview:large, max-video-preview:-1\" \/>\n<link rel=\"canonical\" href=\"https:\/\/centromundolengua.com\/fr\/accreditations\/\" \/>\n<meta property=\"og:locale\" content=\"fr_FR\" \/>\n<meta property=\"og:type\" content=\"article\" \/>\n<meta property=\"og:title\" content=\"Accreditations | Accredited study abroad programs | Centro MundoLengua\" \/>\n<meta property=\"og:description\" content=\"Our study abroad programs have been accredited or recognized by renowned institutions and organizations. Learn more about our accreditations!\" \/>\n<meta property=\"og:url\" content=\"https:\/\/centromundolengua.com\/fr\/accreditations\/\" \/>\n<meta property=\"og:site_name\" content=\"Centro MundoLengua\" \/>\n<meta property=\"article:modified_time\" content=\"2026-01-30T19:30:44+00:00\" \/>\n<meta name=\"twitter:card\" content=\"summary_large_image\" \/>\n<meta name=\"twitter:label1\" content=\"Dur\u00e9e de lecture est.\" \/>\n\t<meta name=\"twitter:data1\" content=\"5 minutes\" \/>\n<script type=\"application\/ld+json\" class=\"yoast-schema-graph\">{\"@context\":\"https:\/\/schema.org\",\"@graph\":[{\"@type\":\"WebPage\",\"@id\":\"https:\/\/centromundolengua.com\/accreditations\/\",\"url\":\"https:\/\/centromundolengua.com\/accreditations\/\",\"name\":\"Accreditations | Accredited study abroad programs | Centro MundoLengua\",\"isPartOf\":{\"@id\":\"https:\/\/centromundolengua.com\/es\/#website\"},\"datePublished\":\"2019-12-12T12:48:29+00:00\",\"dateModified\":\"2026-01-30T19:30:44+00:00\",\"description\":\"Our study abroad programs have been accredited or recognized by renowned institutions and organizations. Learn more about our accreditations!\",\"breadcrumb\":{\"@id\":\"https:\/\/centromundolengua.com\/accreditations\/#breadcrumb\"},\"inLanguage\":\"fr-FR\",\"potentialAction\":[{\"@type\":\"ReadAction\",\"target\":[\"https:\/\/centromundolengua.com\/accreditations\/\"]}]},{\"@type\":\"BreadcrumbList\",\"@id\":\"https:\/\/centromundolengua.com\/accreditations\/#breadcrumb\",\"itemListElement\":[{\"@type\":\"ListItem\",\"position\":1,\"name\":\"Home\",\"item\":\"https:\/\/centromundolengua.com\/\"},{\"@type\":\"ListItem\",\"position\":2,\"name\":\"Accreditations\"}]},{\"@type\":\"WebSite\",\"@id\":\"https:\/\/centromundolengua.com\/es\/#website\",\"url\":\"https:\/\/centromundolengua.com\/es\/\",\"name\":\"Centro MundoLengua\",\"description\":\"Language academy\",\"potentialAction\":[{\"@type\":\"SearchAction\",\"target\":{\"@type\":\"EntryPoint\",\"urlTemplate\":\"https:\/\/centromundolengua.com\/es\/?s={search_term_string}\"},\"query-input\":{\"@type\":\"PropertyValueSpecification\",\"valueRequired\":true,\"valueName\":\"search_term_string\"}}],\"inLanguage\":\"fr-FR\"}]}<\/script>\n<!-- \/ Yoast SEO plugin. -->","yoast_head_json":{"title":"Accreditations | Accredited study abroad programs | Centro MundoLengua","description":"Our study abroad programs have been accredited or recognized by renowned institutions and organizations. Learn more about our accreditations!","robots":{"index":"index","follow":"follow","max-snippet":"max-snippet:-1","max-image-preview":"max-image-preview:large","max-video-preview":"max-video-preview:-1"},"canonical":"https:\/\/centromundolengua.com\/fr\/accreditations\/","og_locale":"fr_FR","og_type":"article","og_title":"Accreditations | Accredited study abroad programs | Centro MundoLengua","og_description":"Our study abroad programs have been accredited or recognized by renowned institutions and organizations. Learn more about our accreditations!","og_url":"https:\/\/centromundolengua.com\/fr\/accreditations\/","og_site_name":"Centro MundoLengua","article_modified_time":"2026-01-30T19:30:44+00:00","twitter_card":"summary_large_image","twitter_misc":{"Dur\u00e9e de lecture est.":"5 minutes"},"schema":{"@context":"https:\/\/schema.org","@graph":[{"@type":"WebPage","@id":"https:\/\/centromundolengua.com\/accreditations\/","url":"https:\/\/centromundolengua.com\/accreditations\/","name":"Accreditations | Accredited study abroad programs | Centro MundoLengua","isPartOf":{"@id":"https:\/\/centromundolengua.com\/es\/#website"},"datePublished":"2019-12-12T12:48:29+00:00","dateModified":"2026-01-30T19:30:44+00:00","description":"Our study abroad programs have been accredited or recognized by renowned institutions and organizations. Learn more about our accreditations!","breadcrumb":{"@id":"https:\/\/centromundolengua.com\/accreditations\/#breadcrumb"},"inLanguage":"fr-FR","potentialAction":[{"@type":"ReadAction","target":["https:\/\/centromundolengua.com\/accreditations\/"]}]},{"@type":"BreadcrumbList","@id":"https:\/\/centromundolengua.com\/accreditations\/#breadcrumb","itemListElement":[{"@type":"ListItem","position":1,"name":"Home","item":"https:\/\/centromundolengua.com\/"},{"@type":"ListItem","position":2,"name":"Accreditations"}]},{"@type":"WebSite","@id":"https:\/\/centromundolengua.com\/es\/#website","url":"https:\/\/centromundolengua.com\/es\/","name":"Centro MundoLengua","description":"Language academy","potentialAction":[{"@type":"SearchAction","target":{"@type":"EntryPoint","urlTemplate":"https:\/\/centromundolengua.com\/es\/?s={search_term_string}"},"query-input":{"@type":"PropertyValueSpecification","valueRequired":true,"valueName":"search_term_string"}}],"inLanguage":"fr-FR"}]}},"_links":{"self":[{"href":"https:\/\/centromundolengua.com\/fr\/wp-json\/wp\/v2\/pages\/1378","targetHints":{"allow":["GET"]}}],"collection":[{"href":"https:\/\/centromundolengua.com\/fr\/wp-json\/wp\/v2\/pages"}],"about":[{"href":"https:\/\/centromundolengua.com\/fr\/wp-json\/wp\/v2\/types\/page"}],"author":[{"embeddable":true,"href":"https:\/\/centromundolengua.com\/fr\/wp-json\/wp\/v2\/users\/1"}],"replies":[{"embeddable":true,"href":"https:\/\/centromundolengua.com\/fr\/wp-json\/wp\/v2\/comments?post=1378"}],"version-history":[{"count":2,"href":"https:\/\/centromundolengua.com\/fr\/wp-json\/wp\/v2\/pages\/1378\/revisions"}],"predecessor-version":[{"id":194643,"href":"https:\/\/centromundolengua.com\/fr\/wp-json\/wp\/v2\/pages\/1378\/revisions\/194643"}],"wp:attachment":[{"href":"https:\/\/centromundolengua.com\/fr\/wp-json\/wp\/v2\/media?parent=1378"}],"curies":[{"name":"wp","href":"https:\/\/api.w.org\/{rel}","templated":true}]}}