{"id":179960,"date":"2023-02-17T07:25:09","date_gmt":"2023-02-17T12:25:09","guid":{"rendered":"https:\/\/centromundolengua.com\/?page_id=179960"},"modified":"2025-05-15T08:58:10","modified_gmt":"2025-05-15T12:58:10","slug":"participant-rules-college-students","status":"publish","type":"page","link":"https:\/\/centromundolengua.com\/fr\/participant-rules-college-students\/","title":{"rendered":"R\u00e8gles du participant<br>College Students"},"content":{"rendered":"<div class=\"wpb-content-wrapper\"><div      class=\"vc_row wpb_row section vc_row-fluid  vc_custom_1573299983980\" style=' text-align:left;'><div class=\"full_section_inner clearfix\"><div class=\"wpb_column vc_column_container vc_col-sm-12\"><div class=\"vc_column-inner\"><div class=\"wpb_wrapper\">\n\t<div class=\"wpb_text_column wpb_content_element\">\n\t\t<div class=\"wpb_wrapper\">\n\t\t\t<p>1. Exchange Students must be in good standing with their home university\/college and also abide by the MundoLengua program rules during the Program.<\/p>\n<p>&nbsp;<\/p>\n<p>2. Program Participants must obey all local and national laws.<\/p>\n<p>&nbsp;<\/p>\n<p>3. Program Participants are prohibited from bringing their pets while attending the program.<\/p>\n<p>&nbsp;<\/p>\n<p>4. Program Participants must take responsibility for all personal property; MundoLengua cannot be held responsible for any Program Participant\u2019s personal property that is lost or stolen.<\/p>\n<p>&nbsp;<\/p>\n<p>5. Exchange Students are expected to maintain a standard of behavior commensurate with life in a host family \/ other accommodation that they share with others. Excessive noise, destruction of property, or other anti-social behavior is forbidden. Exchange Students are responsible for the replacement of locks if keys are lost or stolen. Exchange Students are prohibited from bringing their pets with them during the Program. Exchange Students are responsible for the replacement of locks if keys are lost or stolen. Exchange Students are also responsible for the replacement of damaged household or other property.<\/p>\n<p>&nbsp;<\/p>\n<p>6. Activities such as inviting guests to the host family\u2019s home, smoking inside the home, use of the family\u2019s telephone, and, if applicable, use of the family\u2019s internet, must be approved by the family.<\/p>\n<p>&nbsp;<\/p>\n<p>7. Program Participants will not discuss their host family\u2019s private affairs with anyone other than a MundoLengua representative.<\/p>\n<p>&nbsp;<\/p>\n<p>8. Program Participants cannot change their host family without permission from a MundoLengua representative.<\/p>\n<p>&nbsp;<\/p>\n<p>9. Program Participants must consume alcohol responsibly. In the event that a Program Participant arrives to class, their host family home, or any event outing or activity organized by MundoLengua in an unfit state due to irresponsible alcohol consumption, MundoLengua will inform the Program Participant\u00b4s home university of the incident and will discuss possible consequences with said university. Following this discussion, and in partnership with said university, MundoLengua will then make a decision as to the consequences of the incident.<\/p>\n<p>&nbsp;<\/p>\n<p>10. Use, sale or possession of illegal drugs by a Program Participant, or association with anyone involved with Use, sale or possession of illegal drugs, will result in the Program Participant being expelled from the Program and sent back to his\/her home country, without recourse and at his\/her expense. Said expulsion will be made known to the Program Participant and their University both verbally and in writing. Program Participants will also forfeit their right to any refund of monies for unused parts of the Program. It is the Program Participant\u2019s responsibility to arrange supervision for his\/her return home. MundoLengua can provide assistance, under the condition that Program Participants and their family pay any and all associated costs in advance resulting from said expulsion and return home. These costs will be made known in writing to the Program Participants within one day following the Program Participant\u2019s expulsion from the Program.<\/p>\n<p>&nbsp;<\/p>\n<p>\u00c0 Centro MundoLengua, nous ne recommandons pas l\u2019utilisation de trottinettes \u00e9lectriques. Ces v\u00e9hicules peuvent pr\u00e9senter des risques tant pour les utilisateurs que pour les pi\u00e9tons, constituant un d\u00e9fi en termes de s\u00e9curit\u00e9 routi\u00e8re. En cas d\u2019utilisation, les participants au programme doivent le faire de mani\u00e8re responsable.<\/p>\n<div><\/div>\n\n\t\t<\/div>\n\t<\/div><\/div><\/div><\/div><\/div><\/div>\n<\/div>","protected":false},"excerpt":{"rendered":"1. Exchange Students must be in good standing with their home university\/college and also abide by the MundoLengua program rules during the Program. &nbsp; 2. Program Participants must obey all local and national laws. &nbsp; 3. Program Participants are prohibited from bringing their pets while...","protected":false},"author":2694,"featured_media":0,"parent":0,"menu_order":0,"comment_status":"closed","ping_status":"closed","template":"","meta":{"_acf_changed":false,"content-type":"","footnotes":""},"class_list":["post-179960","page","type-page","status-publish","hentry"],"acf":[],"yoast_head":"<!-- This site is optimized with the Yoast SEO plugin v27.0 - https:\/\/yoast.com\/product\/yoast-seo-wordpress\/ -->\n<title>Participant RulesCollege Students - Centro MundoLengua<\/title>\n<meta name=\"robots\" content=\"index, follow, max-snippet:-1, max-image-preview:large, max-video-preview:-1\" \/>\n<link rel=\"canonical\" href=\"https:\/\/centromundolengua.com\/fr\/participant-rules-college-students\/\" \/>\n<meta property=\"og:locale\" content=\"fr_FR\" \/>\n<meta property=\"og:type\" content=\"article\" \/>\n<meta property=\"og:title\" content=\"Participant RulesCollege Students - Centro MundoLengua\" \/>\n<meta property=\"og:url\" content=\"https:\/\/centromundolengua.com\/fr\/participant-rules-college-students\/\" \/>\n<meta property=\"og:site_name\" content=\"Centro MundoLengua\" \/>\n<meta property=\"article:modified_time\" content=\"2025-05-15T12:58:10+00:00\" \/>\n<meta name=\"twitter:card\" content=\"summary_large_image\" \/>\n<meta name=\"twitter:label1\" content=\"Dur\u00e9e de lecture est.\" \/>\n\t<meta name=\"twitter:data1\" content=\"3 minutes\" \/>\n<script type=\"application\/ld+json\" class=\"yoast-schema-graph\">{\"@context\":\"https:\/\/schema.org\",\"@graph\":[{\"@type\":\"WebPage\",\"@id\":\"https:\/\/centromundolengua.com\/participant-rules-college-students\/\",\"url\":\"https:\/\/centromundolengua.com\/participant-rules-college-students\/\",\"name\":\"Participant Rules College Students - Centro MundoLengua\",\"isPartOf\":{\"@id\":\"https:\/\/centromundolengua.com\/es\/#website\"},\"datePublished\":\"2023-02-17T12:25:09+00:00\",\"dateModified\":\"2025-05-15T12:58:10+00:00\",\"breadcrumb\":{\"@id\":\"https:\/\/centromundolengua.com\/participant-rules-college-students\/#breadcrumb\"},\"inLanguage\":\"fr-FR\",\"potentialAction\":[{\"@type\":\"ReadAction\",\"target\":[\"https:\/\/centromundolengua.com\/participant-rules-college-students\/\"]}]},{\"@type\":\"BreadcrumbList\",\"@id\":\"https:\/\/centromundolengua.com\/participant-rules-college-students\/#breadcrumb\",\"itemListElement\":[{\"@type\":\"ListItem\",\"position\":1,\"name\":\"Home\",\"item\":\"https:\/\/centromundolengua.com\/\"},{\"@type\":\"ListItem\",\"position\":2,\"name\":\"Participant RulesCollege Students\"}]},{\"@type\":\"WebSite\",\"@id\":\"https:\/\/centromundolengua.com\/es\/#website\",\"url\":\"https:\/\/centromundolengua.com\/es\/\",\"name\":\"Centro MundoLengua\",\"description\":\"Language academy\",\"potentialAction\":[{\"@type\":\"SearchAction\",\"target\":{\"@type\":\"EntryPoint\",\"urlTemplate\":\"https:\/\/centromundolengua.com\/es\/?s={search_term_string}\"},\"query-input\":{\"@type\":\"PropertyValueSpecification\",\"valueRequired\":true,\"valueName\":\"search_term_string\"}}],\"inLanguage\":\"fr-FR\"}]}<\/script>\n<!-- \/ Yoast SEO plugin. -->","yoast_head_json":{"title":"Participant RulesCollege Students - Centro MundoLengua","robots":{"index":"index","follow":"follow","max-snippet":"max-snippet:-1","max-image-preview":"max-image-preview:large","max-video-preview":"max-video-preview:-1"},"canonical":"https:\/\/centromundolengua.com\/fr\/participant-rules-college-students\/","og_locale":"fr_FR","og_type":"article","og_title":"Participant RulesCollege Students - Centro MundoLengua","og_url":"https:\/\/centromundolengua.com\/fr\/participant-rules-college-students\/","og_site_name":"Centro MundoLengua","article_modified_time":"2025-05-15T12:58:10+00:00","twitter_card":"summary_large_image","twitter_misc":{"Dur\u00e9e de lecture est.":"3 minutes"},"schema":{"@context":"https:\/\/schema.org","@graph":[{"@type":"WebPage","@id":"https:\/\/centromundolengua.com\/participant-rules-college-students\/","url":"https:\/\/centromundolengua.com\/participant-rules-college-students\/","name":"Participant Rules College Students - Centro MundoLengua","isPartOf":{"@id":"https:\/\/centromundolengua.com\/es\/#website"},"datePublished":"2023-02-17T12:25:09+00:00","dateModified":"2025-05-15T12:58:10+00:00","breadcrumb":{"@id":"https:\/\/centromundolengua.com\/participant-rules-college-students\/#breadcrumb"},"inLanguage":"fr-FR","potentialAction":[{"@type":"ReadAction","target":["https:\/\/centromundolengua.com\/participant-rules-college-students\/"]}]},{"@type":"BreadcrumbList","@id":"https:\/\/centromundolengua.com\/participant-rules-college-students\/#breadcrumb","itemListElement":[{"@type":"ListItem","position":1,"name":"Home","item":"https:\/\/centromundolengua.com\/"},{"@type":"ListItem","position":2,"name":"Participant RulesCollege Students"}]},{"@type":"WebSite","@id":"https:\/\/centromundolengua.com\/es\/#website","url":"https:\/\/centromundolengua.com\/es\/","name":"Centro MundoLengua","description":"Language academy","potentialAction":[{"@type":"SearchAction","target":{"@type":"EntryPoint","urlTemplate":"https:\/\/centromundolengua.com\/es\/?s={search_term_string}"},"query-input":{"@type":"PropertyValueSpecification","valueRequired":true,"valueName":"search_term_string"}}],"inLanguage":"fr-FR"}]}},"_links":{"self":[{"href":"https:\/\/centromundolengua.com\/fr\/wp-json\/wp\/v2\/pages\/179960","targetHints":{"allow":["GET"]}}],"collection":[{"href":"https:\/\/centromundolengua.com\/fr\/wp-json\/wp\/v2\/pages"}],"about":[{"href":"https:\/\/centromundolengua.com\/fr\/wp-json\/wp\/v2\/types\/page"}],"author":[{"embeddable":true,"href":"https:\/\/centromundolengua.com\/fr\/wp-json\/wp\/v2\/users\/2694"}],"replies":[{"embeddable":true,"href":"https:\/\/centromundolengua.com\/fr\/wp-json\/wp\/v2\/comments?post=179960"}],"version-history":[{"count":4,"href":"https:\/\/centromundolengua.com\/fr\/wp-json\/wp\/v2\/pages\/179960\/revisions"}],"predecessor-version":[{"id":191361,"href":"https:\/\/centromundolengua.com\/fr\/wp-json\/wp\/v2\/pages\/179960\/revisions\/191361"}],"wp:attachment":[{"href":"https:\/\/centromundolengua.com\/fr\/wp-json\/wp\/v2\/media?parent=179960"}],"curies":[{"name":"wp","href":"https:\/\/api.w.org\/{rel}","templated":true}]}}