{"id":179963,"date":"2023-02-17T07:13:55","date_gmt":"2023-02-17T12:13:55","guid":{"rendered":"https:\/\/centromundolengua.com\/?page_id=179963"},"modified":"2025-05-15T08:56:50","modified_gmt":"2025-05-15T12:56:50","slug":"participant-rules-hs-students","status":"publish","type":"page","link":"https:\/\/centromundolengua.com\/fr\/participant-rules-hs-students\/","title":{"rendered":"R\u00e8gles du participant<br>High School Students"},"content":{"rendered":"<div class=\"wpb-content-wrapper\"><div      class=\"vc_row wpb_row section vc_row-fluid  vc_custom_1573299983980\" style=' text-align:left;'><div class=\"full_section_inner clearfix\"><div class=\"wpb_column vc_column_container vc_col-sm-12\"><div class=\"vc_column-inner\"><div class=\"wpb_wrapper\">\n\t<div class=\"wpb_text_column wpb_content_element\">\n\t\t<div class=\"wpb_wrapper\">\n\t\t\t<p>1. Exchange Students must be in good standing with their home schools and also abide by the MundoLengua program rules during the Program.<\/p>\n<p>&nbsp;<\/p>\n<p>2. Exchange Students must obey all local and national laws.<\/p>\n<p>&nbsp;<\/p>\n<p>3. Exchange Students are prohibited from bullying (real or virtual). Exchange Students are also prohibited from making any type of threats against other students or staff. MundoLengua has a zero-tolerance policy related to discrimination of any kind.<\/p>\n<p>&nbsp;<\/p>\n<p>4. Exchange Students are expected to maintain a standard of behavior commensurate with life in a host family \/ other accommodation that they share with others. Excessive noise, destruction of property, or other anti-social behavior is forbidden. Exchange Students are responsible for the replacement of locks if keys are lost or stolen. Exchange Students are prohibited from bringing their pets with them during the Program. Exchange Students are responsible for the replacement of locks if keys are lost or stolen. Exchange Students are also responsible for the replacement of damaged household or other property.<\/p>\n<p>&nbsp;<\/p>\n<p>5. Exchange Students will not discuss their host family\u00b4s private affairs with anyone other than a MundoLengua representative or chaperone.<\/p>\n<p>&nbsp;<\/p>\n<p>6. Exchange Students cannot change their host family without permission from a MundoLengua representative.<\/p>\n<p>&nbsp;<\/p>\n<p>7. Exchange Students are prohibited from smoking, juuling, or vaping. Any Exchange Student found in violation of this rule may face consequences up to and including expulsion from the Program, as determined in collaboration between MundoLengua and the Exchange Student\u2019s home school (if applicable).<\/p>\n<p>&nbsp;<\/p>\n<p>Les \u00e9tudiants d'\u00e9change ne conduiront ni voitures, ni motos, ni scooters de quelque type que ce soit pendant la dur\u00e9e du programme. Les \u00e9tudiants d'\u00e9change pourront louer des v\u00e9los si MundoLengua re\u00e7oit une autorisation \u00e9crite de leurs parents ou tuteurs. \u00c0 Centro MundoLengua, nous ne recommandons pas l\u2019utilisation de trottinettes \u00e9lectriques. Ces v\u00e9hicules peuvent pr\u00e9senter des risques tant pour les utilisateurs que pour les pi\u00e9tons, constituant un d\u00e9fi en termes de s\u00e9curit\u00e9 routi\u00e8re. En cas d\u2019utilisation, les participants au programme doivent le faire de mani\u00e8re responsable.<\/p>\n<div><\/div>\n<p>&nbsp;<\/p>\n<p>9. Exchange Students are not permitted to travel outside the local area either alone or with other students. Overnight travel is permitted only with the approved group.<\/p>\n<p>&nbsp;<\/p>\n<p>10. Hitchhiking or soliciting a ride from a stranger is prohibited.<\/p>\n<p>&nbsp;<\/p>\n<p>11. Exchange Students may not enter into any kind of contractual arrangement, be it business, religious, or marital during the Program.<\/p>\n<p>&nbsp;<\/p>\n<p>12. Exchange Students will not make any permanent or drastic changes in their\u00a0 personal appearance while on the Program without MundoLengua receiving prior written consent from their parents or legal guardian. Examples include body piercings, tattoos, or dramatic and unconventional hair dyes.<\/p>\n<p>&nbsp;<\/p>\n<p>13. Exchange Students must take responsibility for all personal property. MundoLengua cannot be held responsible for any personal property that is lost or stolen, unless such losses were due to negligence on the part of MundoLengua.<\/p>\n<p>&nbsp;<\/p>\n<p>14. Exchange Students are expected to abide by the curfew set by MundoLengua. Failure to do so may result in the forfeiture of free time at night, as determined in collaboration between MundoLengua and the Exchange Student\u2019s home school (if applicable). Depending on the agreement between MundoLengua and each Exchange Student\u00b4s home school, this curfew may vary.<\/p>\n<p>&nbsp;<\/p>\n<p>15. Exchange Students hereby agree not to purchase, possess, or consume alcohol or associate with any student who does. Depending on the severity of the infraction of any part of this rule as determined in collaboration between MundoLengua and the Exchange Student\u2019s home school (if applicable), an Exchange Student may face immediate expulsion from the Program. Said expulsion will be made known to the Exchange Student both verbally and in writing. At the very least, Exchange Students found in violation of any part of this rule will forfeit their right to participate in certain parts of the Program as determined in collaboration between MundoLengua and the Exchange Student\u2019s home school, if applicable (this might include afternoon activities, nighttime activities, weekend excursions, etc.) The Exchange Student will also forfeit their right to any refund of monies for unused parts of the Program. Exchange Students who are expelled from the Program will be sent home at their own expense. It is the Exchange Student\u00b4s responsibility to arrange supervision for their return home. MundoLengua can provide assistance, under the condition that the Exchange Student pay any and all associated costs in advance resulting from said expulsion and return home. These costs will be made known in writing to the Exchange Student as soon as reasonably possible.<\/p>\n<p>&nbsp;<\/p>\n<p>16. Use, sale, or possession of illegal drugs by an Exchange Student, or association with anyone involved with the use, sale, or possession of illegal drugs, will result in said Exchange Student being immediately expelled from the Program and sent back to their home country, without recourse and at their expense. Said expulsion will be made known to the Exchange Student both verbally and in writing. The Exchange Student will also forfeit their right to any refund of monies for unused parts of the Program. It is the Exchange Student\u00b4s responsibility to arrange supervision for their return home. MundoLengua can provide assistance, under the condition that the Exchange Student pay any and all associated costs in advance resulting from said expulsion and return home. These costs will be made known in writing to the Exchange Student as soon as reasonably possible.<\/p>\n\n\t\t<\/div>\n\t<\/div><\/div><\/div><\/div><\/div><\/div>\n<\/div>","protected":false},"excerpt":{"rendered":"1. Exchange Students must be in good standing with their home schools and also abide by the MundoLengua program rules during the Program. &nbsp; 2. Exchange Students must obey all local and national laws. &nbsp; 3. Exchange Students are prohibited from bullying (real or virtual)....","protected":false},"author":2694,"featured_media":0,"parent":0,"menu_order":0,"comment_status":"closed","ping_status":"closed","template":"","meta":{"_acf_changed":false,"content-type":"","footnotes":""},"class_list":["post-179963","page","type-page","status-publish","hentry"],"acf":[],"yoast_head":"<!-- This site is optimized with the Yoast SEO plugin v27.0 - https:\/\/yoast.com\/product\/yoast-seo-wordpress\/ -->\n<title>Participant RulesHigh School Students - Centro MundoLengua<\/title>\n<meta name=\"robots\" content=\"index, follow, max-snippet:-1, max-image-preview:large, max-video-preview:-1\" \/>\n<link rel=\"canonical\" href=\"https:\/\/centromundolengua.com\/fr\/participant-rules-hs-students\/\" \/>\n<meta property=\"og:locale\" content=\"fr_FR\" \/>\n<meta property=\"og:type\" content=\"article\" \/>\n<meta property=\"og:title\" content=\"Participant RulesHigh School Students - Centro MundoLengua\" \/>\n<meta property=\"og:url\" content=\"https:\/\/centromundolengua.com\/fr\/participant-rules-hs-students\/\" \/>\n<meta property=\"og:site_name\" content=\"Centro MundoLengua\" \/>\n<meta property=\"article:modified_time\" content=\"2025-05-15T12:56:50+00:00\" \/>\n<meta name=\"twitter:card\" content=\"summary_large_image\" \/>\n<meta name=\"twitter:label1\" content=\"Dur\u00e9e de lecture est.\" \/>\n\t<meta name=\"twitter:data1\" content=\"4 minutes\" \/>\n<script type=\"application\/ld+json\" class=\"yoast-schema-graph\">{\"@context\":\"https:\/\/schema.org\",\"@graph\":[{\"@type\":\"WebPage\",\"@id\":\"https:\/\/centromundolengua.com\/participant-rules-hs-students\/\",\"url\":\"https:\/\/centromundolengua.com\/participant-rules-hs-students\/\",\"name\":\"Participant Rules High School Students - Centro MundoLengua\",\"isPartOf\":{\"@id\":\"https:\/\/centromundolengua.com\/es\/#website\"},\"datePublished\":\"2023-02-17T12:13:55+00:00\",\"dateModified\":\"2025-05-15T12:56:50+00:00\",\"breadcrumb\":{\"@id\":\"https:\/\/centromundolengua.com\/participant-rules-hs-students\/#breadcrumb\"},\"inLanguage\":\"fr-FR\",\"potentialAction\":[{\"@type\":\"ReadAction\",\"target\":[\"https:\/\/centromundolengua.com\/participant-rules-hs-students\/\"]}]},{\"@type\":\"BreadcrumbList\",\"@id\":\"https:\/\/centromundolengua.com\/participant-rules-hs-students\/#breadcrumb\",\"itemListElement\":[{\"@type\":\"ListItem\",\"position\":1,\"name\":\"Home\",\"item\":\"https:\/\/centromundolengua.com\/\"},{\"@type\":\"ListItem\",\"position\":2,\"name\":\"Participant RulesHigh School Students\"}]},{\"@type\":\"WebSite\",\"@id\":\"https:\/\/centromundolengua.com\/es\/#website\",\"url\":\"https:\/\/centromundolengua.com\/es\/\",\"name\":\"Centro MundoLengua\",\"description\":\"Language academy\",\"potentialAction\":[{\"@type\":\"SearchAction\",\"target\":{\"@type\":\"EntryPoint\",\"urlTemplate\":\"https:\/\/centromundolengua.com\/es\/?s={search_term_string}\"},\"query-input\":{\"@type\":\"PropertyValueSpecification\",\"valueRequired\":true,\"valueName\":\"search_term_string\"}}],\"inLanguage\":\"fr-FR\"}]}<\/script>\n<!-- \/ Yoast SEO plugin. -->","yoast_head_json":{"title":"Participant RulesHigh School Students - Centro MundoLengua","robots":{"index":"index","follow":"follow","max-snippet":"max-snippet:-1","max-image-preview":"max-image-preview:large","max-video-preview":"max-video-preview:-1"},"canonical":"https:\/\/centromundolengua.com\/fr\/participant-rules-hs-students\/","og_locale":"fr_FR","og_type":"article","og_title":"Participant RulesHigh School Students - Centro MundoLengua","og_url":"https:\/\/centromundolengua.com\/fr\/participant-rules-hs-students\/","og_site_name":"Centro MundoLengua","article_modified_time":"2025-05-15T12:56:50+00:00","twitter_card":"summary_large_image","twitter_misc":{"Dur\u00e9e de lecture est.":"4 minutes"},"schema":{"@context":"https:\/\/schema.org","@graph":[{"@type":"WebPage","@id":"https:\/\/centromundolengua.com\/participant-rules-hs-students\/","url":"https:\/\/centromundolengua.com\/participant-rules-hs-students\/","name":"Participant Rules High School Students - Centro MundoLengua","isPartOf":{"@id":"https:\/\/centromundolengua.com\/es\/#website"},"datePublished":"2023-02-17T12:13:55+00:00","dateModified":"2025-05-15T12:56:50+00:00","breadcrumb":{"@id":"https:\/\/centromundolengua.com\/participant-rules-hs-students\/#breadcrumb"},"inLanguage":"fr-FR","potentialAction":[{"@type":"ReadAction","target":["https:\/\/centromundolengua.com\/participant-rules-hs-students\/"]}]},{"@type":"BreadcrumbList","@id":"https:\/\/centromundolengua.com\/participant-rules-hs-students\/#breadcrumb","itemListElement":[{"@type":"ListItem","position":1,"name":"Home","item":"https:\/\/centromundolengua.com\/"},{"@type":"ListItem","position":2,"name":"Participant RulesHigh School Students"}]},{"@type":"WebSite","@id":"https:\/\/centromundolengua.com\/es\/#website","url":"https:\/\/centromundolengua.com\/es\/","name":"Centro MundoLengua","description":"Language academy","potentialAction":[{"@type":"SearchAction","target":{"@type":"EntryPoint","urlTemplate":"https:\/\/centromundolengua.com\/es\/?s={search_term_string}"},"query-input":{"@type":"PropertyValueSpecification","valueRequired":true,"valueName":"search_term_string"}}],"inLanguage":"fr-FR"}]}},"_links":{"self":[{"href":"https:\/\/centromundolengua.com\/fr\/wp-json\/wp\/v2\/pages\/179963","targetHints":{"allow":["GET"]}}],"collection":[{"href":"https:\/\/centromundolengua.com\/fr\/wp-json\/wp\/v2\/pages"}],"about":[{"href":"https:\/\/centromundolengua.com\/fr\/wp-json\/wp\/v2\/types\/page"}],"author":[{"embeddable":true,"href":"https:\/\/centromundolengua.com\/fr\/wp-json\/wp\/v2\/users\/2694"}],"replies":[{"embeddable":true,"href":"https:\/\/centromundolengua.com\/fr\/wp-json\/wp\/v2\/comments?post=179963"}],"version-history":[{"count":8,"href":"https:\/\/centromundolengua.com\/fr\/wp-json\/wp\/v2\/pages\/179963\/revisions"}],"predecessor-version":[{"id":189663,"href":"https:\/\/centromundolengua.com\/fr\/wp-json\/wp\/v2\/pages\/179963\/revisions\/189663"}],"wp:attachment":[{"href":"https:\/\/centromundolengua.com\/fr\/wp-json\/wp\/v2\/media?parent=179963"}],"curies":[{"name":"wp","href":"https:\/\/api.w.org\/{rel}","templated":true}]}}