{"id":180962,"date":"2023-03-15T08:06:03","date_gmt":"2023-03-15T12:06:03","guid":{"rendered":"https:\/\/centromundolengua.com\/?page_id=180962"},"modified":"2025-12-11T04:17:15","modified_gmt":"2025-12-11T09:17:15","slug":"payment-methods","status":"publish","type":"page","link":"https:\/\/centromundolengua.com\/fr\/payment-methods\/","title":{"rendered":"M\u00e9thodes de paiement"},"content":{"rendered":"<div class=\"wpb-content-wrapper\"><div      class=\"vc_row wpb_row section vc_row-fluid  vc_custom_1573299983980\" style=' text-align:left;'><div class=\"full_section_inner clearfix\"><div class=\"wpb_column vc_column_container vc_col-sm-12\"><div class=\"vc_column-inner\"><div class=\"wpb_wrapper\">\n\t<div class=\"wpb_text_column wpb_content_element\">\n\t\t<div class=\"wpb_wrapper\">\n\t\t\t<p class=\" translation-block\">La m\u00e9thode de paiement la plus rapide et la plus pratique que nous proposons est le paiement par <strong>carte de d\u00e9bit\/cr\u00e9dit<\/strong> via notre site web s\u00e9curis\u00e9. <a href=\"https:\/\/centromundolengua.com\/payments\/\" target=\"_self\">Cliquez ici<\/a><em>\u00a0<\/em> pour proc\u00e9der au paiement (des frais suppl\u00e9mentaires de 3% seront factur\u00e9s pour couvrir les frais de traitement).<\/p>\n<p>Vous pouvez \u00e9galement effectuer le paiement par les m\u00e9thodes suivantes :<\/p>\n<ul>\n<li class=\" translation-block\"><strong>Paypal<\/strong>. You can make your payment <a href=\"https:\/\/centromundolengua.com\/payments\/\" target=\"_self\">here<\/a>. An additional fee of 5% will be charged in order to cover processing charges.<\/li>\n<li><strong>Ch\u00e8que<\/strong>. L'\u00e9tudiant est tenu de couvrir tous frais suppl\u00e9mentaires li\u00e9s \u00e0 cette transaction. Le ch\u00e8que doit \u00eatre libell\u00e9 \u00e0 l'ordre de :<\/li>\n<\/ul>\n<p>Mundolengua Centro Internacional de Espa\u00f1ol, S.L.<br \/>\nCuesta del Rosario 8, casa 1 &#8211; 4\u00baA<br \/>\n41004 Sevilla (Espa\u00f1a)<br \/>\nB\u00e9n\u00e9ficiaire : Centro MundoLengua<\/p>\n<ul>\n<li><strong>Virement bancaire<\/strong>. L'\u00e9tudiant est tenu de couvrir tous frais suppl\u00e9mentaires li\u00e9s \u00e0 la transaction. Le virement doit \u00eatre libell\u00e9 \u00e0 l'ordre de :<\/li>\n<\/ul>\n<p>Mundolengua Centro Internacional de Espa\u00f1ol, S.L.<br \/>\nLa Caixa (Espa\u00f1a)<br \/>\nIBAN : ES58 2100 6625 62 2200410848<br \/>\nNum\u00e9ro de compte : 2100 6625 62 2200410848<br \/>\nBIC\/SWIFT : CAIXESBBXXX<\/p>\n<p>N'oubliez pas que pour valider votre participation au programme, vous devez avoir vers\u00e9 l'acompte et pay\u00e9 le solde au plus tard 8 semaines avant la date de d\u00e9but du programme.<\/p>\n\n\t\t<\/div>\n\t<\/div><\/div><\/div><\/div><\/div><\/div>\n<\/div>","protected":false},"excerpt":{"rendered":"The quickest and most convenient payment method we offer is debit\/credit card payment\u00a0through our secure website. Click here\u00a0to proceed to your payment (an additional fee of 3% will be charged in order to cover processing charges). You can also make the payment through the following...","protected":false},"author":2694,"featured_media":0,"parent":0,"menu_order":0,"comment_status":"closed","ping_status":"closed","template":"","meta":{"_acf_changed":false,"content-type":"","footnotes":""},"class_list":["post-180962","page","type-page","status-publish","hentry"],"acf":[],"yoast_head":"<!-- This site is optimized with the Yoast SEO plugin v27.0 - https:\/\/yoast.com\/product\/yoast-seo-wordpress\/ -->\n<title>Payment Methods - Centro MundoLengua<\/title>\n<meta name=\"description\" content=\"Welcome to Centro MundoLengua&#039;s website. Please read carefully our Terms &amp; Conditions before using our website.\" \/>\n<meta name=\"robots\" content=\"index, follow, max-snippet:-1, max-image-preview:large, max-video-preview:-1\" \/>\n<link rel=\"canonical\" href=\"https:\/\/centromundolengua.com\/fr\/payment-methods\/\" \/>\n<meta property=\"og:locale\" content=\"fr_FR\" \/>\n<meta property=\"og:type\" content=\"article\" \/>\n<meta property=\"og:title\" content=\"Payment Methods - Centro MundoLengua\" \/>\n<meta property=\"og:description\" content=\"Welcome to Centro MundoLengua&#039;s website. Please read carefully our Terms &amp; Conditions before using our website.\" \/>\n<meta property=\"og:url\" content=\"https:\/\/centromundolengua.com\/fr\/payment-methods\/\" \/>\n<meta property=\"og:site_name\" content=\"Centro MundoLengua\" \/>\n<meta property=\"article:modified_time\" content=\"2025-12-11T09:17:15+00:00\" \/>\n<meta name=\"twitter:card\" content=\"summary_large_image\" \/>\n<meta name=\"twitter:label1\" content=\"Dur\u00e9e de lecture est.\" \/>\n\t<meta name=\"twitter:data1\" content=\"1 minute\" \/>\n<script type=\"application\/ld+json\" class=\"yoast-schema-graph\">{\"@context\":\"https:\/\/schema.org\",\"@graph\":[{\"@type\":\"WebPage\",\"@id\":\"https:\/\/centromundolengua.com\/payment-methods\/\",\"url\":\"https:\/\/centromundolengua.com\/payment-methods\/\",\"name\":\"Payment Methods - Centro MundoLengua\",\"isPartOf\":{\"@id\":\"https:\/\/centromundolengua.com\/es\/#website\"},\"datePublished\":\"2023-03-15T12:06:03+00:00\",\"dateModified\":\"2025-12-11T09:17:15+00:00\",\"description\":\"Welcome to Centro MundoLengua's website. Please read carefully our Terms & Conditions before using our website.\",\"breadcrumb\":{\"@id\":\"https:\/\/centromundolengua.com\/payment-methods\/#breadcrumb\"},\"inLanguage\":\"fr-FR\",\"potentialAction\":[{\"@type\":\"ReadAction\",\"target\":[\"https:\/\/centromundolengua.com\/payment-methods\/\"]}]},{\"@type\":\"BreadcrumbList\",\"@id\":\"https:\/\/centromundolengua.com\/payment-methods\/#breadcrumb\",\"itemListElement\":[{\"@type\":\"ListItem\",\"position\":1,\"name\":\"Home\",\"item\":\"https:\/\/centromundolengua.com\/\"},{\"@type\":\"ListItem\",\"position\":2,\"name\":\"Payment Methods\"}]},{\"@type\":\"WebSite\",\"@id\":\"https:\/\/centromundolengua.com\/es\/#website\",\"url\":\"https:\/\/centromundolengua.com\/es\/\",\"name\":\"Centro MundoLengua\",\"description\":\"Language academy\",\"potentialAction\":[{\"@type\":\"SearchAction\",\"target\":{\"@type\":\"EntryPoint\",\"urlTemplate\":\"https:\/\/centromundolengua.com\/es\/?s={search_term_string}\"},\"query-input\":{\"@type\":\"PropertyValueSpecification\",\"valueRequired\":true,\"valueName\":\"search_term_string\"}}],\"inLanguage\":\"fr-FR\"}]}<\/script>\n<!-- \/ Yoast SEO plugin. -->","yoast_head_json":{"title":"Payment Methods - Centro MundoLengua","description":"Welcome to Centro MundoLengua's website. Please read carefully our Terms & Conditions before using our website.","robots":{"index":"index","follow":"follow","max-snippet":"max-snippet:-1","max-image-preview":"max-image-preview:large","max-video-preview":"max-video-preview:-1"},"canonical":"https:\/\/centromundolengua.com\/fr\/payment-methods\/","og_locale":"fr_FR","og_type":"article","og_title":"Payment Methods - Centro MundoLengua","og_description":"Welcome to Centro MundoLengua's website. Please read carefully our Terms & Conditions before using our website.","og_url":"https:\/\/centromundolengua.com\/fr\/payment-methods\/","og_site_name":"Centro MundoLengua","article_modified_time":"2025-12-11T09:17:15+00:00","twitter_card":"summary_large_image","twitter_misc":{"Dur\u00e9e de lecture est.":"1 minute"},"schema":{"@context":"https:\/\/schema.org","@graph":[{"@type":"WebPage","@id":"https:\/\/centromundolengua.com\/payment-methods\/","url":"https:\/\/centromundolengua.com\/payment-methods\/","name":"Payment Methods - Centro MundoLengua","isPartOf":{"@id":"https:\/\/centromundolengua.com\/es\/#website"},"datePublished":"2023-03-15T12:06:03+00:00","dateModified":"2025-12-11T09:17:15+00:00","description":"Welcome to Centro MundoLengua's website. Please read carefully our Terms & Conditions before using our website.","breadcrumb":{"@id":"https:\/\/centromundolengua.com\/payment-methods\/#breadcrumb"},"inLanguage":"fr-FR","potentialAction":[{"@type":"ReadAction","target":["https:\/\/centromundolengua.com\/payment-methods\/"]}]},{"@type":"BreadcrumbList","@id":"https:\/\/centromundolengua.com\/payment-methods\/#breadcrumb","itemListElement":[{"@type":"ListItem","position":1,"name":"Home","item":"https:\/\/centromundolengua.com\/"},{"@type":"ListItem","position":2,"name":"Payment Methods"}]},{"@type":"WebSite","@id":"https:\/\/centromundolengua.com\/es\/#website","url":"https:\/\/centromundolengua.com\/es\/","name":"Centro MundoLengua","description":"Language academy","potentialAction":[{"@type":"SearchAction","target":{"@type":"EntryPoint","urlTemplate":"https:\/\/centromundolengua.com\/es\/?s={search_term_string}"},"query-input":{"@type":"PropertyValueSpecification","valueRequired":true,"valueName":"search_term_string"}}],"inLanguage":"fr-FR"}]}},"_links":{"self":[{"href":"https:\/\/centromundolengua.com\/fr\/wp-json\/wp\/v2\/pages\/180962","targetHints":{"allow":["GET"]}}],"collection":[{"href":"https:\/\/centromundolengua.com\/fr\/wp-json\/wp\/v2\/pages"}],"about":[{"href":"https:\/\/centromundolengua.com\/fr\/wp-json\/wp\/v2\/types\/page"}],"author":[{"embeddable":true,"href":"https:\/\/centromundolengua.com\/fr\/wp-json\/wp\/v2\/users\/2694"}],"replies":[{"embeddable":true,"href":"https:\/\/centromundolengua.com\/fr\/wp-json\/wp\/v2\/comments?post=180962"}],"version-history":[{"count":2,"href":"https:\/\/centromundolengua.com\/fr\/wp-json\/wp\/v2\/pages\/180962\/revisions"}],"predecessor-version":[{"id":214714,"href":"https:\/\/centromundolengua.com\/fr\/wp-json\/wp\/v2\/pages\/180962\/revisions\/214714"}],"wp:attachment":[{"href":"https:\/\/centromundolengua.com\/fr\/wp-json\/wp\/v2\/media?parent=180962"}],"curies":[{"name":"wp","href":"https:\/\/api.w.org\/{rel}","templated":true}]}}