{"id":1828,"date":"2022-10-05T14:20:45","date_gmt":"2022-10-05T18:20:45","guid":{"rendered":"http:\/\/agenciajumpers.com\/centromundolengua\/?page_id=1828"},"modified":"2026-02-09T11:55:34","modified_gmt":"2026-02-09T16:55:34","slug":"scholarships-for-spanish-teachers","status":"publish","type":"page","link":"https:\/\/centromundolengua.com\/fr\/bourses-pour-lesprofesseurs-despagnol\/","title":{"rendered":"<br>Bourses pour les <br>Professeurs d'espagnol"},"content":{"rendered":"<div class=\"wpb-content-wrapper\"><div class=\"vc_row wpb_row section vc_row-fluid  vc_custom_1576323860863\" style='background-color:#ffffff; padding-top:100px; padding-bottom:100px; text-align:left;'><div class=\"full_section_inner clearfix\"><div class=\"wpb_column vc_column_container vc_col-sm-12\"><div class=\"vc_column-inner\"><div class=\"wpb_wrapper\">\n\t<div class=\"wpb_text_column wpb_content_element\">\n\t\t<div class=\"wpb_wrapper\">\n\t\t\t<h2 style=\"text-align: center;\">FAQs<\/h2>\n\n\t\t<\/div>\n\t<\/div><div class=\"separator  small center\" style=\"background-color: #aa0936;height: 3px;\"><\/div><\/div><\/div><\/div><\/div><\/div><div      class=\"vc_row wpb_row section vc_row-fluid  vc_custom_1576436662360 grid_section\" style='background-color:#ffffff; padding-top:100px; padding-bottom:100px; text-align:left;'><div class=\"section_inner clearfix\"><div class='section_inner_margin clearfix'><div class=\"wpb_column vc_column_container vc_col-sm-12\"><div class=\"vc_column-inner\"><div class=\"wpb_wrapper\"><div class=\"qode-accordion-holder clearfix qode-toggle qode-initial\">\n\t<h5 class=\"clearfix qode-title-holder\">\n<span class=\"qode-tab-title\">\n\t    <span class=\"qode-tab-title-inner\">\n        Je ne suis pas en mesure de couvrir la totalit\u00e9 du montant de mon cours de formation professionnelle avec le Centro MundoLengua. Proposez-vous des bourses pour les professeurs d'espagnol ?    <\/span>\n<\/span>\n<span class=\"qode-accordion-mark\">\n    <span class=\"qode-accordion-mark-icon\">\n        <span class=\"icon_plus\"><\/span>\n        <span class=\"icon_minus-06\"><\/span>\n    <\/span>\n<\/span>\n<\/h5>\n<div  class=\"qode-accordion-content\" >\n    <div class=\"qode-accordion-content-inner\">\n        \n\t<div class=\"wpb_text_column wpb_content_element\">\n\t\t<div class=\"wpb_wrapper\">\n\t\t\t<p class=\"Normal1\" style=\"text-align: left;\"><span lang=\"EN-GB\">Le Centro MundoLengua se consacre \u00e0 la formation continue des enseignants qui rendent notre avenir meilleur. C'est pourquoi nous offrons l'acc\u00e8s \u00e0 des <strong>bourses d\u00e9di\u00e9es aux professeurs d'espagnol<\/strong> au nom d'autres organisations \u00e9ducatives qui collaborent avec nous. Notre objectif est de promouvoir l'excellence professionnelle parmi les \u00e9ducateurs experts qui enseignent l'espagnol comme langue \u00e9trang\u00e8re, quelle que soit leur situation \u00e9conomique du moment. <\/span><\/p>\n\n\t\t<\/div>\n\t<\/div>    <\/div>\n<\/div><h5 class=\"clearfix qode-title-holder\">\n<span class=\"qode-tab-title\">\n\t    <span class=\"qode-tab-title-inner\">\n        Quels sont les crit\u00e8res d'attribution des bourses ?    <\/span>\n<\/span>\n<span class=\"qode-accordion-mark\">\n    <span class=\"qode-accordion-mark-icon\">\n        <span class=\"icon_plus\"><\/span>\n        <span class=\"icon_minus-06\"><\/span>\n    <\/span>\n<\/span>\n<\/h5>\n<div  class=\"qode-accordion-content\" >\n    <div class=\"qode-accordion-content-inner\">\n        \n\t<div class=\"wpb_text_column wpb_content_element\">\n\t\t<div class=\"wpb_wrapper\">\n\t\t\t<p style=\"text-align: left;\">Pour recevoir nos <strong>bourses d\u00e9di\u00e9es aux professeurs d'espagnol<\/strong> pour le programme de Cadix, tout ce dont vous avez besoin est d'\u00eatre un professeur d'espagnol certifi\u00e9.<\/p>\n<p style=\"text-align: left;\">Pour b\u00e9n\u00e9ficier d'un financement pour participer \u00e0 nos ateliers d'espagnol AP\u00ae, vous devez pr\u00e9voir de fournir (ou vous l'avez d\u00e9j\u00e0 fait) <em>des cours de pr\u00e9paration \u00e0 l'examen<\/em> Advanced Placement\u00ae.<\/p>\n\n\t\t<\/div>\n\t<\/div>    <\/div>\n<\/div><h5 class=\"clearfix qode-title-holder\">\n<span class=\"qode-tab-title\">\n\t    <span class=\"qode-tab-title-inner\">\n        Combien y a-t-il de types de soutien financier au total ? Que couvre chacun d'entre eux?    <\/span>\n<\/span>\n<span class=\"qode-accordion-mark\">\n    <span class=\"qode-accordion-mark-icon\">\n        <span class=\"icon_plus\"><\/span>\n        <span class=\"icon_minus-06\"><\/span>\n    <\/span>\n<\/span>\n<\/h5>\n<div  class=\"qode-accordion-content\" >\n    <div class=\"qode-accordion-content-inner\">\n        \n\t<div class=\"wpb_text_column wpb_content_element\">\n\t\t<div class=\"wpb_wrapper\">\n\t\t\t<p class=\"Normal1\" style=\"text-align: left;\"><span lang=\"EN-GB\">Il y a quatre types de soutien financier:<\/span><\/p>\n<p class=\"Normal1\" style=\"text-align: left;\"><span lang=\"EN-GB\">1.- Two scholarships available for teachers participating in the <strong><a href=\"https:\/\/centromundolengua.com\/product\/ap-spanish-language-and-culture-in-sevilla-spain\/\">AP\u00ae de Langue Espagnole <\/a><\/strong>: covers the costs of 30 hours of training, social and cultural activity program, 24 hour emergency support, class materials and College Board certification. Airfare, accommodation and meals to be covered by the scholarship holder.<\/span><\/p>\n<p class=\"Normal1\" style=\"text-align: left;\"><span lang=\"EN-GB\">2.- One scholarship available for teachers participating in the <a href=\"https:\/\/centromundolengua.com\/product\/ap-spanish-apsi-in-madrid-spain-language-and-culture\/\"><strong>AP\u00ae Spanish Language in Madrid<\/strong><\/a>: covers the costs of 30 hours of training, social and cultural activity program, 24 hour emergency support, class materials and College Board certification. Airfare, accommodation and meals to be covered by the scholarship holder.<\/span><\/p>\n<p class=\"Normal1\" style=\"text-align: left;\"><span lang=\"EN-GB\">3.- Une bourse est disponible pour les enseignants qui participent aux <a href=\"https:\/\/centromundolengua.com\/product\/spanish-teacher-courses\/\"><strong>cours de formation pour professeurs d'espagnol \u00e0 l'universit\u00e9 de Cadix<\/strong><\/a>: includes 50 hours (including individual study hours) of training, social and cultural activity program, 24 hour emergency support, class materials and certification from the University of Cadiz Airfare, accommodation and meals to be covered by the scholarship holder.<\/span><\/p>\n\n\t\t<\/div>\n\t<\/div>    <\/div>\n<\/div><h5 class=\"clearfix qode-title-holder\">\n<span class=\"qode-tab-title\">\n\t    <span class=\"qode-tab-title-inner\">\n        Comment puis-je postuler \u00e0 vos bourses pour les professeurs d'espagnol ?    <\/span>\n<\/span>\n<span class=\"qode-accordion-mark\">\n    <span class=\"qode-accordion-mark-icon\">\n        <span class=\"icon_plus\"><\/span>\n        <span class=\"icon_minus-06\"><\/span>\n    <\/span>\n<\/span>\n<\/h5>\n<div  class=\"qode-accordion-content\" >\n    <div class=\"qode-accordion-content-inner\">\n        \n\t<div class=\"wpb_text_column wpb_content_element\">\n\t\t<div class=\"wpb_wrapper\">\n\t\t\t<p style=\"text-align: left;\">Nous vous invitons \u00e0 contacter directement l'organisme d'enseignement responsable des bourses auxquelles vous avez droit. Votre organisme d'enseignement se chargera de la proc\u00e9dure de demande de bourse en votre nom.<\/p>\n<ul>\n<li style=\"text-align: left;\"><a href=\"https:\/\/www.aatsp.org\/page\/studyabroadscholarships\">AATSP American Association of Teachers of Spanish and Portuguese<\/a><\/li>\n<li style=\"text-align: left;\"><a href=\"https:\/\/www.actfl.org\/career-development\/scholarships-grants\">ACTFL American Council on the Teaching of Foreign Languages<\/a><\/li>\n<li><a href=\"https:\/\/www.bcatml.org\/teacher-study-grants.html\">BCATML British Columbia Association of Teachers of Modern Languages<\/a><\/li>\n<li><a href=\"https:\/\/www.csctfl.org\/awards-grants-scholarships\/travelstudy-scholarships\">CSCTFL The Central States Conference on the Teaching on Foreing Languages<\/a><\/li>\n<li style=\"text-align: left;\"><a href=\"https:\/\/www.scolt.org\/awards-and-scholarships\/\">SCOLT Southern Conference on Language Teaching<\/a><\/li>\n<li style=\"text-align: left;\"><a href=\"https:\/\/www.swcolt.org\/scholarships\">SWCOLT Southwest Conference on Language Teaching<\/a><\/li>\n<li><a href=\"https:\/\/clta.net\/centro-mundolengua-ap-travelstudy-grant\/\">CLTA California Language Teachers Association<\/a><\/li>\n<li><a href=\"https:\/\/pncfl.wordpress.com\/awards-and-grants-2\/\">PNCFL Pacific Northwest Council for Languages<\/a><\/li>\n<\/ul>\n\n\t\t<\/div>\n\t<\/div>    <\/div>\n<\/div><\/div><div class=\"vc_empty_space\"  style=\"height: 50px\" >\n\t<span class=\"vc_empty_space_inner\">\n\t\t<span class=\"empty_space_image\"  ><\/span>\n\t<\/span>\n<\/div>\n\t<div class=\"wpb_text_column wpb_content_element  vc_custom_1700092465689\">\n\t\t<div class=\"wpb_wrapper\">\n\t\t\t<p>AP\u00ae is a trademark registered by the College Board, which is not a ffiliated with, and does not endorse this website.<\/p>\n\n\t\t<\/div>\n\t<\/div><div class=\"vc_empty_space\"  style=\"height: 30px\" >\n\t<span class=\"vc_empty_space_inner\">\n\t\t<span class=\"empty_space_image\"  ><\/span>\n\t<\/span>\n<\/div><\/div><\/div><\/div><\/div><\/div><\/div>\n<\/div>","protected":false},"excerpt":{"rendered":"FAQs I am currently unable to cover the whole cost of my professional development course with Centro MundoLengua. Do you offer any scholarships for Spanish teachers? Centro MundoLengua is dedicated to the continuous training of teachers who make our future a brighter place. We therefore...","protected":false},"author":1,"featured_media":0,"parent":0,"menu_order":0,"comment_status":"closed","ping_status":"closed","template":"full_width.php","meta":{"_acf_changed":false,"content-type":"","footnotes":""},"class_list":["post-1828","page","type-page","status-publish","hentry"],"acf":[],"yoast_head":"<!-- This site is optimized with the Yoast SEO plugin v27.0 - https:\/\/yoast.com\/product\/yoast-seo-wordpress\/ -->\n<title>Scholarships for Spanish teachers to study abroad | Centro MundoLengua<\/title>\n<meta name=\"description\" content=\"Learn more about Centro MundoLengua&#039;s study abroad scholarships for Spanish teachers. Find all the information you need to apply!\" \/>\n<meta name=\"robots\" content=\"index, follow, max-snippet:-1, max-image-preview:large, max-video-preview:-1\" \/>\n<link rel=\"canonical\" href=\"https:\/\/centromundolengua.com\/fr\/bourses-pour-lesprofesseurs-despagnol\/\" \/>\n<meta property=\"og:locale\" content=\"fr_FR\" \/>\n<meta property=\"og:type\" content=\"article\" \/>\n<meta property=\"og:title\" content=\"Scholarships for Spanish teachers to study abroad | Centro MundoLengua\" \/>\n<meta property=\"og:description\" content=\"Learn more about Centro MundoLengua&#039;s study abroad scholarships for Spanish teachers. Find all the information you need to apply!\" \/>\n<meta property=\"og:url\" content=\"https:\/\/centromundolengua.com\/fr\/bourses-pour-lesprofesseurs-despagnol\/\" \/>\n<meta property=\"og:site_name\" content=\"Centro MundoLengua\" \/>\n<meta property=\"article:modified_time\" content=\"2026-02-09T16:55:34+00:00\" \/>\n<meta name=\"twitter:card\" content=\"summary_large_image\" \/>\n<meta name=\"twitter:label1\" content=\"Dur\u00e9e de lecture est.\" \/>\n\t<meta name=\"twitter:data1\" content=\"3 minutes\" \/>\n<script type=\"application\/ld+json\" class=\"yoast-schema-graph\">{\"@context\":\"https:\/\/schema.org\",\"@graph\":[{\"@type\":\"WebPage\",\"@id\":\"https:\/\/centromundolengua.com\/scholarships-for-spanish-teachers\/\",\"url\":\"https:\/\/centromundolengua.com\/scholarships-for-spanish-teachers\/\",\"name\":\"Scholarships for Spanish teachers to study abroad | Centro MundoLengua\",\"isPartOf\":{\"@id\":\"https:\/\/centromundolengua.com\/es\/#website\"},\"datePublished\":\"2022-10-05T18:20:45+00:00\",\"dateModified\":\"2026-02-09T16:55:34+00:00\",\"description\":\"Learn more about Centro MundoLengua's study abroad scholarships for Spanish teachers. Find all the information you need to apply!\",\"breadcrumb\":{\"@id\":\"https:\/\/centromundolengua.com\/scholarships-for-spanish-teachers\/#breadcrumb\"},\"inLanguage\":\"fr-FR\",\"potentialAction\":[{\"@type\":\"ReadAction\",\"target\":[\"https:\/\/centromundolengua.com\/scholarships-for-spanish-teachers\/\"]}]},{\"@type\":\"BreadcrumbList\",\"@id\":\"https:\/\/centromundolengua.com\/scholarships-for-spanish-teachers\/#breadcrumb\",\"itemListElement\":[{\"@type\":\"ListItem\",\"position\":1,\"name\":\"Home\",\"item\":\"https:\/\/centromundolengua.com\/\"},{\"@type\":\"ListItem\",\"position\":2,\"name\":\"Scholarships for Spanish teachers\"}]},{\"@type\":\"WebSite\",\"@id\":\"https:\/\/centromundolengua.com\/es\/#website\",\"url\":\"https:\/\/centromundolengua.com\/es\/\",\"name\":\"Centro MundoLengua\",\"description\":\"Language academy\",\"potentialAction\":[{\"@type\":\"SearchAction\",\"target\":{\"@type\":\"EntryPoint\",\"urlTemplate\":\"https:\/\/centromundolengua.com\/es\/?s={search_term_string}\"},\"query-input\":{\"@type\":\"PropertyValueSpecification\",\"valueRequired\":true,\"valueName\":\"search_term_string\"}}],\"inLanguage\":\"fr-FR\"}]}<\/script>\n<!-- \/ Yoast SEO plugin. -->","yoast_head_json":{"title":"Scholarships for Spanish teachers to study abroad | Centro MundoLengua","description":"Learn more about Centro MundoLengua's study abroad scholarships for Spanish teachers. Find all the information you need to apply!","robots":{"index":"index","follow":"follow","max-snippet":"max-snippet:-1","max-image-preview":"max-image-preview:large","max-video-preview":"max-video-preview:-1"},"canonical":"https:\/\/centromundolengua.com\/fr\/bourses-pour-lesprofesseurs-despagnol\/","og_locale":"fr_FR","og_type":"article","og_title":"Scholarships for Spanish teachers to study abroad | Centro MundoLengua","og_description":"Learn more about Centro MundoLengua's study abroad scholarships for Spanish teachers. Find all the information you need to apply!","og_url":"https:\/\/centromundolengua.com\/fr\/bourses-pour-lesprofesseurs-despagnol\/","og_site_name":"Centro MundoLengua","article_modified_time":"2026-02-09T16:55:34+00:00","twitter_card":"summary_large_image","twitter_misc":{"Dur\u00e9e de lecture est.":"3 minutes"},"schema":{"@context":"https:\/\/schema.org","@graph":[{"@type":"WebPage","@id":"https:\/\/centromundolengua.com\/scholarships-for-spanish-teachers\/","url":"https:\/\/centromundolengua.com\/scholarships-for-spanish-teachers\/","name":"Scholarships for Spanish teachers to study abroad | Centro MundoLengua","isPartOf":{"@id":"https:\/\/centromundolengua.com\/es\/#website"},"datePublished":"2022-10-05T18:20:45+00:00","dateModified":"2026-02-09T16:55:34+00:00","description":"Learn more about Centro MundoLengua's study abroad scholarships for Spanish teachers. Find all the information you need to apply!","breadcrumb":{"@id":"https:\/\/centromundolengua.com\/scholarships-for-spanish-teachers\/#breadcrumb"},"inLanguage":"fr-FR","potentialAction":[{"@type":"ReadAction","target":["https:\/\/centromundolengua.com\/scholarships-for-spanish-teachers\/"]}]},{"@type":"BreadcrumbList","@id":"https:\/\/centromundolengua.com\/scholarships-for-spanish-teachers\/#breadcrumb","itemListElement":[{"@type":"ListItem","position":1,"name":"Home","item":"https:\/\/centromundolengua.com\/"},{"@type":"ListItem","position":2,"name":"Scholarships for Spanish teachers"}]},{"@type":"WebSite","@id":"https:\/\/centromundolengua.com\/es\/#website","url":"https:\/\/centromundolengua.com\/es\/","name":"Centro MundoLengua","description":"Language academy","potentialAction":[{"@type":"SearchAction","target":{"@type":"EntryPoint","urlTemplate":"https:\/\/centromundolengua.com\/es\/?s={search_term_string}"},"query-input":{"@type":"PropertyValueSpecification","valueRequired":true,"valueName":"search_term_string"}}],"inLanguage":"fr-FR"}]}},"_links":{"self":[{"href":"https:\/\/centromundolengua.com\/fr\/wp-json\/wp\/v2\/pages\/1828","targetHints":{"allow":["GET"]}}],"collection":[{"href":"https:\/\/centromundolengua.com\/fr\/wp-json\/wp\/v2\/pages"}],"about":[{"href":"https:\/\/centromundolengua.com\/fr\/wp-json\/wp\/v2\/types\/page"}],"author":[{"embeddable":true,"href":"https:\/\/centromundolengua.com\/fr\/wp-json\/wp\/v2\/users\/1"}],"replies":[{"embeddable":true,"href":"https:\/\/centromundolengua.com\/fr\/wp-json\/wp\/v2\/comments?post=1828"}],"version-history":[{"count":1,"href":"https:\/\/centromundolengua.com\/fr\/wp-json\/wp\/v2\/pages\/1828\/revisions"}],"predecessor-version":[{"id":223300,"href":"https:\/\/centromundolengua.com\/fr\/wp-json\/wp\/v2\/pages\/1828\/revisions\/223300"}],"wp:attachment":[{"href":"https:\/\/centromundolengua.com\/fr\/wp-json\/wp\/v2\/media?parent=1828"}],"curies":[{"name":"wp","href":"https:\/\/api.w.org\/{rel}","templated":true}]}}