{"id":32933,"date":"2020-01-16T04:12:31","date_gmt":"2020-01-16T09:12:31","guid":{"rendered":"http:\/\/agenciajumpers.com\/centromundolengua\/?page_id=32933"},"modified":"2023-10-23T06:05:44","modified_gmt":"2023-10-23T10:05:44","slug":"our-study-abroad-locations","status":"publish","type":"page","link":"https:\/\/centromundolengua.com\/fr\/nos-lieux-detudes-a-letranger\/","title":{"rendered":"\u00c9tablissements"},"content":{"rendered":"<div class=\"wpb-content-wrapper\"><div class=\"vc_row wpb_row section vc_row-fluid  vc_custom_1579166423068 grid_section\" style=' padding-top:100px; padding-bottom:45px; text-align:left;'><div class=\"section_inner clearfix\"><div class='section_inner_margin clearfix'><div class=\"wpb_column vc_column_container vc_col-sm-12\"><div class=\"vc_column-inner\"><div class=\"wpb_wrapper\">\n\t<div class=\"wpb_text_column wpb_content_element\">\n\t\t<div class=\"wpb_wrapper\">\n\t\t\t<h2 style=\"text-align: center;\">D\u00e9couvrez tous nos lieux d'\u00e9tudes en Espagne !<\/h2>\n\n\t\t<\/div>\n\t<\/div><div class=\"separator  small center\" style=\"background-color: #aa0936;height: 3px;\"><\/div><\/div><\/div><\/div><\/div><\/div><\/div><div      class=\"vc_row wpb_row section vc_row-fluid  vc_custom_1579166431834 grid_section\" style=' text-align:center;'><div class=\"section_inner clearfix\"><div class='section_inner_margin clearfix'><div class=\"wpb_column vc_column_container vc_col-sm-6\"><div class=\"vc_column-inner\"><div class=\"wpb_wrapper\">\n\t<div class=\"wpb_text_column wpb_content_element\">\n\t\t<div class=\"wpb_wrapper\">\n\t\t\t<h3 style=\"text-align: center;\"><a href=\"https:\/\/centromundolengua.com\/fr\/etudier-a-seville\/\">\u00c9tudier \u00e0 S\u00e9ville<\/a><\/h3>\n\n\t\t<\/div>\n\t<\/div><div class=\"vc_empty_space\"  style=\"height: 15px\" >\n\t<span class=\"vc_empty_space_inner\">\n\t\t<span class=\"empty_space_image\"  ><\/span>\n\t<\/span>\n<\/div>\n\t<div class=\"wpb_single_image wpb_content_element vc_align_center\">\n\t\t<div class=\"wpb_wrapper\">\n\t\t\t\n\t\t\t<a href=\"https:\/\/centromundolengua.com\/fr\/etudier-a-seville\/\" target=\"_self\"><div class=\"vc_single_image-wrapper   vc_box_border_grey\"><img loading=\"lazy\" decoding=\"async\" width=\"1024\" height=\"682\" src=\"https:\/\/centromundolengua.com\/wp-content\/uploads\/2019\/12\/Study-in-seville-plaza-de-espana-1024x682.jpg\" class=\"vc_single_image-img attachment-large\" alt=\"Study abroad locations: study abroad in Sevilla, Spain\" title=\"Study abroad locations: study abroad in Sevilla, Spain\" srcset=\"https:\/\/centromundolengua.com\/wp-content\/uploads\/2019\/12\/Study-in-seville-plaza-de-espana-1024x682.jpg 1024w, https:\/\/centromundolengua.com\/wp-content\/uploads\/2019\/12\/Study-in-seville-plaza-de-espana-300x200.jpg 300w, https:\/\/centromundolengua.com\/wp-content\/uploads\/2019\/12\/Study-in-seville-plaza-de-espana-768x511.jpg 768w, https:\/\/centromundolengua.com\/wp-content\/uploads\/2019\/12\/Study-in-seville-plaza-de-espana-1536x1022.jpg 1536w, https:\/\/centromundolengua.com\/wp-content\/uploads\/2019\/12\/Study-in-seville-plaza-de-espana-700x466.jpg 700w, https:\/\/centromundolengua.com\/wp-content\/uploads\/2019\/12\/Study-in-seville-plaza-de-espana-600x399.jpg 600w, https:\/\/centromundolengua.com\/wp-content\/uploads\/2019\/12\/Study-in-seville-plaza-de-espana-64x43.jpg 64w, https:\/\/centromundolengua.com\/wp-content\/uploads\/2019\/12\/Study-in-seville-plaza-de-espana-90x60.jpg 90w, https:\/\/centromundolengua.com\/wp-content\/uploads\/2019\/12\/Study-in-seville-plaza-de-espana-135x90.jpg 135w, https:\/\/centromundolengua.com\/wp-content\/uploads\/2019\/12\/Study-in-seville-plaza-de-espana.jpg 1920w\" sizes=\"auto, (max-width: 1024px) 100vw, 1024px\" \/><\/div><\/a>\n\t\t<\/div>\n\t<\/div>\n<div class=\"vc_empty_space\"  style=\"height: 40px\" >\n\t<span class=\"vc_empty_space_inner\">\n\t\t<span class=\"empty_space_image\"  ><\/span>\n\t<\/span>\n<\/div><div class=\"vc_empty_space\"  style=\"height: 40px\" >\n\t<span class=\"vc_empty_space_inner\">\n\t\t<span class=\"empty_space_image\"  ><\/span>\n\t<\/span>\n<\/div>\n\t<div class=\"wpb_text_column wpb_content_element\">\n\t\t<div class=\"wpb_wrapper\">\n\t\t\t<h3 style=\"text-align: center;\"><a href=\"https:\/\/centromundolengua.com\/fr\/etudier-a-madrid\/\">\u00c9tudier \u00e0 Madrid<\/a><\/h3>\n\n\t\t<\/div>\n\t<\/div><div class=\"vc_empty_space\"  style=\"height: 15px\" >\n\t<span class=\"vc_empty_space_inner\">\n\t\t<span class=\"empty_space_image\"  ><\/span>\n\t<\/span>\n<\/div>\n\t<div class=\"wpb_single_image wpb_content_element vc_align_center\">\n\t\t<div class=\"wpb_wrapper\">\n\t\t\t\n\t\t\t<a href=\"https:\/\/centromundolengua.com\/fr\/etudier-a-madrid\/\" target=\"_self\"><div class=\"vc_single_image-wrapper   vc_box_border_grey\"><img loading=\"lazy\" decoding=\"async\" width=\"1024\" height=\"683\" src=\"https:\/\/centromundolengua.com\/wp-content\/uploads\/2019\/12\/Study-in-madrid-shopping-1024x683.jpg\" class=\"vc_single_image-img attachment-large\" alt=\"Study abroad locations: study abroad in Madrid, Spain\" title=\"Study abroad locations: study abroad in Madrid, Spain\" srcset=\"https:\/\/centromundolengua.com\/wp-content\/uploads\/2019\/12\/Study-in-madrid-shopping-1024x683.jpg 1024w, https:\/\/centromundolengua.com\/wp-content\/uploads\/2019\/12\/Study-in-madrid-shopping-300x200.jpg 300w, https:\/\/centromundolengua.com\/wp-content\/uploads\/2019\/12\/Study-in-madrid-shopping-768x512.jpg 768w, https:\/\/centromundolengua.com\/wp-content\/uploads\/2019\/12\/Study-in-madrid-shopping-1536x1024.jpg 1536w, https:\/\/centromundolengua.com\/wp-content\/uploads\/2019\/12\/Study-in-madrid-shopping-700x467.jpg 700w, https:\/\/centromundolengua.com\/wp-content\/uploads\/2019\/12\/Study-in-madrid-shopping-600x400.jpg 600w, https:\/\/centromundolengua.com\/wp-content\/uploads\/2019\/12\/Study-in-madrid-shopping-64x43.jpg 64w, https:\/\/centromundolengua.com\/wp-content\/uploads\/2019\/12\/Study-in-madrid-shopping-90x60.jpg 90w, https:\/\/centromundolengua.com\/wp-content\/uploads\/2019\/12\/Study-in-madrid-shopping-135x90.jpg 135w, https:\/\/centromundolengua.com\/wp-content\/uploads\/2019\/12\/Study-in-madrid-shopping.jpg 1920w\" sizes=\"auto, (max-width: 1024px) 100vw, 1024px\" \/><\/div><\/a>\n\t\t<\/div>\n\t<\/div>\n<\/div><\/div><\/div><div class=\"element-cadiz wpb_column vc_column_container vc_col-sm-6\"><div class=\"vc_column-inner\"><div class=\"wpb_wrapper\">\n\t<div class=\"wpb_text_column wpb_content_element\">\n\t\t<div class=\"wpb_wrapper\">\n\t\t\t<h3 style=\"text-align: center;\"><a href=\"https:\/\/centromundolengua.com\/fr\/etudier-a-cadix\/\">\u00c9tudier \u00e0 Cadix<\/a><\/h3>\n\n\t\t<\/div>\n\t<\/div><div class=\"vc_empty_space\"  style=\"height: 15px\" >\n\t<span class=\"vc_empty_space_inner\">\n\t\t<span class=\"empty_space_image\"  ><\/span>\n\t<\/span>\n<\/div>\n\t<div class=\"wpb_single_image wpb_content_element vc_align_center\">\n\t\t<div class=\"wpb_wrapper\">\n\t\t\t\n\t\t\t<a href=\"https:\/\/centromundolengua.com\/fr\/etudier-a-cadix\/\" target=\"_self\"><div class=\"vc_single_image-wrapper   vc_box_border_grey\"><img loading=\"lazy\" decoding=\"async\" width=\"1024\" height=\"683\" src=\"https:\/\/centromundolengua.com\/wp-content\/uploads\/2019\/12\/Study-in-cadiz-town-1024x683.jpg\" class=\"vc_single_image-img attachment-large\" alt=\"Study abroad locations : study abroad in Cadiz, Spain\" title=\"Study abroad locations : study abroad in Cadiz, Spain\" srcset=\"https:\/\/centromundolengua.com\/wp-content\/uploads\/2019\/12\/Study-in-cadiz-town-1024x683.jpg 1024w, https:\/\/centromundolengua.com\/wp-content\/uploads\/2019\/12\/Study-in-cadiz-town-300x200.jpg 300w, https:\/\/centromundolengua.com\/wp-content\/uploads\/2019\/12\/Study-in-cadiz-town-768x512.jpg 768w, https:\/\/centromundolengua.com\/wp-content\/uploads\/2019\/12\/Study-in-cadiz-town-1536x1024.jpg 1536w, https:\/\/centromundolengua.com\/wp-content\/uploads\/2019\/12\/Study-in-cadiz-town-700x467.jpg 700w, https:\/\/centromundolengua.com\/wp-content\/uploads\/2019\/12\/Study-in-cadiz-town-600x400.jpg 600w, https:\/\/centromundolengua.com\/wp-content\/uploads\/2019\/12\/Study-in-cadiz-town-64x43.jpg 64w, https:\/\/centromundolengua.com\/wp-content\/uploads\/2019\/12\/Study-in-cadiz-town-90x60.jpg 90w, https:\/\/centromundolengua.com\/wp-content\/uploads\/2019\/12\/Study-in-cadiz-town-135x90.jpg 135w, https:\/\/centromundolengua.com\/wp-content\/uploads\/2019\/12\/Study-in-cadiz-town.jpg 1920w\" sizes=\"auto, (max-width: 1024px) 100vw, 1024px\" \/><\/div><\/a>\n\t\t<\/div>\n\t<\/div>\n<div class=\"vc_empty_space\"  style=\"height: 40px\" >\n\t<span class=\"vc_empty_space_inner\">\n\t\t<span class=\"empty_space_image\"  ><\/span>\n\t<\/span>\n<\/div><div class=\"vc_empty_space\"  style=\"height: 40px\" >\n\t<span class=\"vc_empty_space_inner\">\n\t\t<span class=\"empty_space_image\"  ><\/span>\n\t<\/span>\n<\/div>\n\t<div class=\"wpb_text_column wpb_content_element\">\n\t\t<div class=\"wpb_wrapper\">\n\t\t\t<h3 style=\"text-align: center;\"><a href=\"https:\/\/centromundolengua.com\/fr\/les-autres-excursions\/\">Les autres excursions de nos \u00e9tudiants<\/a><\/h3>\n\n\t\t<\/div>\n\t<\/div><div class=\"vc_empty_space\"  style=\"height: 15px\" >\n\t<span class=\"vc_empty_space_inner\">\n\t\t<span class=\"empty_space_image\"  ><\/span>\n\t<\/span>\n<\/div>\n\t<div class=\"wpb_single_image wpb_content_element vc_align_center\">\n\t\t<div class=\"wpb_wrapper\">\n\t\t\t\n\t\t\t<a href=\"https:\/\/centromundolengua.com\/fr\/les-autres-excursions\/\" target=\"_self\"><div class=\"vc_single_image-wrapper   vc_box_border_grey\"><img loading=\"lazy\" decoding=\"async\" width=\"1024\" height=\"683\" src=\"https:\/\/centromundolengua.com\/wp-content\/uploads\/2021\/04\/Popular-student-excursions-1024x683.jpg\" class=\"vc_single_image-img attachment-large\" alt=\"Les autres excursions de nos \u00e9tudiants\" title=\"Les autres excursions de nos \u00e9tudiants\" srcset=\"https:\/\/centromundolengua.com\/wp-content\/uploads\/2021\/04\/Popular-student-excursions-1024x683.jpg 1024w, https:\/\/centromundolengua.com\/wp-content\/uploads\/2021\/04\/Popular-student-excursions-300x200.jpg 300w, https:\/\/centromundolengua.com\/wp-content\/uploads\/2021\/04\/Popular-student-excursions-768x512.jpg 768w, https:\/\/centromundolengua.com\/wp-content\/uploads\/2021\/04\/Popular-student-excursions-1536x1024.jpg 1536w, https:\/\/centromundolengua.com\/wp-content\/uploads\/2021\/04\/Popular-student-excursions.jpg 2048w, https:\/\/centromundolengua.com\/wp-content\/uploads\/2021\/04\/Popular-student-excursions-700x467.jpg 700w, https:\/\/centromundolengua.com\/wp-content\/uploads\/2021\/04\/Popular-student-excursions-600x400.jpg 600w, https:\/\/centromundolengua.com\/wp-content\/uploads\/2021\/04\/Popular-student-excursions-64x43.jpg 64w, https:\/\/centromundolengua.com\/wp-content\/uploads\/2021\/04\/Popular-student-excursions-90x60.jpg 90w, https:\/\/centromundolengua.com\/wp-content\/uploads\/2021\/04\/Popular-student-excursions-135x90.jpg 135w\" sizes=\"auto, (max-width: 1024px) 100vw, 1024px\" \/><\/div><\/a>\n\t\t<\/div>\n\t<\/div>\n<\/div><\/div><\/div><\/div><\/div><\/div>\n<\/div>","protected":false},"excerpt":{"rendered":"Discover all our study abroad locations in Spain! \u00c9tudier \u00e0 S\u00e9ville \u00c9tudier \u00e0 Madrid \u00c9tudier \u00e0 Cadix Les autres excursions de nos \u00e9tudiants","protected":false},"author":1,"featured_media":0,"parent":0,"menu_order":0,"comment_status":"closed","ping_status":"closed","template":"full_width.php","meta":{"_acf_changed":false,"content-type":"","footnotes":""},"class_list":["post-32933","page","type-page","status-publish","hentry"],"acf":[],"yoast_head":"<!-- This site is optimized with the Yoast SEO plugin v27.0 - https:\/\/yoast.com\/product\/yoast-seo-wordpress\/ -->\n<title>Study abroad locations in Spain | Centro MundoLengua<\/title>\n<meta name=\"description\" content=\"Not able to decide where to study abroad in Spain? Our study abroad locations guide will help you choose the right destination!\" \/>\n<meta name=\"robots\" content=\"index, follow, max-snippet:-1, max-image-preview:large, max-video-preview:-1\" \/>\n<link rel=\"canonical\" href=\"https:\/\/centromundolengua.com\/fr\/nos-lieux-detudes-a-letranger\/\" \/>\n<meta property=\"og:locale\" content=\"fr_FR\" \/>\n<meta property=\"og:type\" content=\"article\" \/>\n<meta property=\"og:title\" content=\"Study abroad locations in Spain | Centro MundoLengua\" \/>\n<meta property=\"og:description\" content=\"Not able to decide where to study abroad in Spain? Our study abroad locations guide will help you choose the right destination!\" \/>\n<meta property=\"og:url\" content=\"https:\/\/centromundolengua.com\/fr\/nos-lieux-detudes-a-letranger\/\" \/>\n<meta property=\"og:site_name\" content=\"Centro MundoLengua\" \/>\n<meta property=\"article:modified_time\" content=\"2023-10-23T10:05:44+00:00\" \/>\n<meta name=\"twitter:card\" content=\"summary_large_image\" \/>\n<meta name=\"twitter:label1\" content=\"Dur\u00e9e de lecture est.\" \/>\n\t<meta name=\"twitter:data1\" content=\"1 minute\" \/>\n<script type=\"application\/ld+json\" class=\"yoast-schema-graph\">{\"@context\":\"https:\/\/schema.org\",\"@graph\":[{\"@type\":\"WebPage\",\"@id\":\"https:\/\/centromundolengua.com\/our-study-abroad-locations\/\",\"url\":\"https:\/\/centromundolengua.com\/our-study-abroad-locations\/\",\"name\":\"Study abroad locations in Spain | Centro MundoLengua\",\"isPartOf\":{\"@id\":\"https:\/\/centromundolengua.com\/es\/#website\"},\"datePublished\":\"2020-01-16T09:12:31+00:00\",\"dateModified\":\"2023-10-23T10:05:44+00:00\",\"description\":\"Not able to decide where to study abroad in Spain? Our study abroad locations guide will help you choose the right destination!\",\"breadcrumb\":{\"@id\":\"https:\/\/centromundolengua.com\/our-study-abroad-locations\/#breadcrumb\"},\"inLanguage\":\"fr-FR\",\"potentialAction\":[{\"@type\":\"ReadAction\",\"target\":[\"https:\/\/centromundolengua.com\/our-study-abroad-locations\/\"]}]},{\"@type\":\"BreadcrumbList\",\"@id\":\"https:\/\/centromundolengua.com\/our-study-abroad-locations\/#breadcrumb\",\"itemListElement\":[{\"@type\":\"ListItem\",\"position\":1,\"name\":\"Home\",\"item\":\"https:\/\/centromundolengua.com\/\"},{\"@type\":\"ListItem\",\"position\":2,\"name\":\"Locations\"}]},{\"@type\":\"WebSite\",\"@id\":\"https:\/\/centromundolengua.com\/es\/#website\",\"url\":\"https:\/\/centromundolengua.com\/es\/\",\"name\":\"Centro MundoLengua\",\"description\":\"Language academy\",\"potentialAction\":[{\"@type\":\"SearchAction\",\"target\":{\"@type\":\"EntryPoint\",\"urlTemplate\":\"https:\/\/centromundolengua.com\/es\/?s={search_term_string}\"},\"query-input\":{\"@type\":\"PropertyValueSpecification\",\"valueRequired\":true,\"valueName\":\"search_term_string\"}}],\"inLanguage\":\"fr-FR\"}]}<\/script>\n<!-- \/ Yoast SEO plugin. -->","yoast_head_json":{"title":"Study abroad locations in Spain | Centro MundoLengua","description":"Not able to decide where to study abroad in Spain? Our study abroad locations guide will help you choose the right destination!","robots":{"index":"index","follow":"follow","max-snippet":"max-snippet:-1","max-image-preview":"max-image-preview:large","max-video-preview":"max-video-preview:-1"},"canonical":"https:\/\/centromundolengua.com\/fr\/nos-lieux-detudes-a-letranger\/","og_locale":"fr_FR","og_type":"article","og_title":"Study abroad locations in Spain | Centro MundoLengua","og_description":"Not able to decide where to study abroad in Spain? Our study abroad locations guide will help you choose the right destination!","og_url":"https:\/\/centromundolengua.com\/fr\/nos-lieux-detudes-a-letranger\/","og_site_name":"Centro MundoLengua","article_modified_time":"2023-10-23T10:05:44+00:00","twitter_card":"summary_large_image","twitter_misc":{"Dur\u00e9e de lecture est.":"1 minute"},"schema":{"@context":"https:\/\/schema.org","@graph":[{"@type":"WebPage","@id":"https:\/\/centromundolengua.com\/our-study-abroad-locations\/","url":"https:\/\/centromundolengua.com\/our-study-abroad-locations\/","name":"Study abroad locations in Spain | Centro MundoLengua","isPartOf":{"@id":"https:\/\/centromundolengua.com\/es\/#website"},"datePublished":"2020-01-16T09:12:31+00:00","dateModified":"2023-10-23T10:05:44+00:00","description":"Not able to decide where to study abroad in Spain? Our study abroad locations guide will help you choose the right destination!","breadcrumb":{"@id":"https:\/\/centromundolengua.com\/our-study-abroad-locations\/#breadcrumb"},"inLanguage":"fr-FR","potentialAction":[{"@type":"ReadAction","target":["https:\/\/centromundolengua.com\/our-study-abroad-locations\/"]}]},{"@type":"BreadcrumbList","@id":"https:\/\/centromundolengua.com\/our-study-abroad-locations\/#breadcrumb","itemListElement":[{"@type":"ListItem","position":1,"name":"Home","item":"https:\/\/centromundolengua.com\/"},{"@type":"ListItem","position":2,"name":"Locations"}]},{"@type":"WebSite","@id":"https:\/\/centromundolengua.com\/es\/#website","url":"https:\/\/centromundolengua.com\/es\/","name":"Centro MundoLengua","description":"Language academy","potentialAction":[{"@type":"SearchAction","target":{"@type":"EntryPoint","urlTemplate":"https:\/\/centromundolengua.com\/es\/?s={search_term_string}"},"query-input":{"@type":"PropertyValueSpecification","valueRequired":true,"valueName":"search_term_string"}}],"inLanguage":"fr-FR"}]}},"_links":{"self":[{"href":"https:\/\/centromundolengua.com\/fr\/wp-json\/wp\/v2\/pages\/32933","targetHints":{"allow":["GET"]}}],"collection":[{"href":"https:\/\/centromundolengua.com\/fr\/wp-json\/wp\/v2\/pages"}],"about":[{"href":"https:\/\/centromundolengua.com\/fr\/wp-json\/wp\/v2\/types\/page"}],"author":[{"embeddable":true,"href":"https:\/\/centromundolengua.com\/fr\/wp-json\/wp\/v2\/users\/1"}],"replies":[{"embeddable":true,"href":"https:\/\/centromundolengua.com\/fr\/wp-json\/wp\/v2\/comments?post=32933"}],"version-history":[{"count":0,"href":"https:\/\/centromundolengua.com\/fr\/wp-json\/wp\/v2\/pages\/32933\/revisions"}],"wp:attachment":[{"href":"https:\/\/centromundolengua.com\/fr\/wp-json\/wp\/v2\/media?parent=32933"}],"curies":[{"name":"wp","href":"https:\/\/api.w.org\/{rel}","templated":true}]}}