{"id":36589,"date":"2020-05-15T16:16:01","date_gmt":"2020-05-15T20:16:01","guid":{"rendered":"http:\/\/agenciajumpers.com\/centromundolengua\/?page_id=36589"},"modified":"2023-11-29T10:28:52","modified_gmt":"2023-11-29T15:28:52","slug":"study-abroad-faqs","status":"publish","type":"page","link":"https:\/\/centromundolengua.com\/fr\/faqs-etudier-a-l-etranger\/","title":{"rendered":"FAQs - \u00c9TUDIER \u00c0 L'\u00c9TRANGER"},"content":{"rendered":"<div class=\"wpb-content-wrapper\"><div class=\"vc_row wpb_row section vc_row-fluid\" style=' text-align:left;'><div class=\"full_section_inner clearfix\"><div class=\"wpb_column vc_column_container vc_col-sm-12 vc_hidden-xs\"><div class=\"vc_column-inner\"><div class=\"wpb_wrapper\"><div class=\"q_image_with_text_over\"><div class=\"shader\" ><\/div><img decoding=\"async\" itemprop=\"image\" src=\"https:\/\/centromundolengua.com\/wp-content\/uploads\/2021\/04\/Study-abroad-FAQs-1.jpg\" alt=\"Study abroad FAQs\" \/><div class=\"text\"><table><tr><td><h3 class=\"caption no_icon\" style=\"font-size: 30px;\">FAQs - \u00c9TUDIER \u00c0 L&#039;\u00c9TRANGER<\/h3><\/td><\/tr><\/table><table><tr><td><div class=\"desc\"><\/div><\/td><\/tr><\/table><\/div><\/div><\/div><\/div><\/div><\/div><\/div><div      class=\"vc_row wpb_row section vc_row-fluid\" style=' text-align:left;'><div class=\"full_section_inner clearfix\"><div class=\"wpb_column vc_column_container vc_col-sm-12 vc_hidden-lg vc_hidden-md vc_hidden-sm\"><div class=\"vc_column-inner\"><div class=\"wpb_wrapper\">\n\t<div class=\"wpb_text_column wpb_content_element\">\n\t\t<div class=\"wpb_wrapper\">\n\t\t\t<h3 style=\"text-align: center;\"><span style=\"color: #c30e2d;\">STUDY ABROAD FAQs<\/span><\/h3>\n\n\t\t<\/div>\n\t<\/div><div class=\"vc_empty_space\"  style=\"height: 32px\" >\n\t<span class=\"vc_empty_space_inner\">\n\t\t<span class=\"empty_space_image\"  ><\/span>\n\t<\/span>\n<\/div><\/div><\/div><\/div><\/div><\/div><div      class=\"vc_row wpb_row section vc_row-fluid\" style=' text-align:left;'><div class=\"full_section_inner clearfix\"><div class=\"wpb_column vc_column_container vc_col-sm-4\"><div class=\"vc_column-inner\"><div class=\"wpb_wrapper\"><div class=\"q_image_with_text_over\"><div class=\"shader\" ><\/div><img decoding=\"async\" itemprop=\"image\" src=\"https:\/\/centromundolengua.com\/wp-content\/uploads\/2020\/05\/High-school-spanish-course.jpg\" alt=\"Middle and high school study abroad FAQs\" \/><div class=\"text\"><table><tr><td><h3 class=\"caption no_icon\" style=\"color: #ffffff;\">\u00c9L\u00c8VES DE COLL\u00c8GE \/ LYC\u00c9E ET PARENTS<\/h3><\/td><\/tr><\/table><table><tr><td><div class=\"desc\"><\/p>\n<h4><a href=\"https:\/\/centromundolengua.com\/study-abroad-faqs\/middle-school-and-high-school-study-abroad\/\">\u00c9L\u00c8VES DE COLL\u00c8GE \/ LYC\u00c9E ET PARENTS<\/a><\/h4>\n<p><\/div><\/td><\/tr><\/table><\/div><\/div><\/div><\/div><\/div><div class=\"wpb_column vc_column_container vc_col-sm-4\"><div class=\"vc_column-inner\"><div class=\"wpb_wrapper\"><div class=\"q_image_with_text_over\"><div class=\"shader\" ><\/div><img decoding=\"async\" itemprop=\"image\" src=\"https:\/\/centromundolengua.com\/wp-content\/uploads\/2020\/05\/Spanish-course-students.jpg\" alt=\"College study abroad FAQs\" \/><div class=\"text\"><table><tr><td><h3 class=\"caption no_icon\" style=\"\">\u00c9TUDIANTS ET PARENTS<\/h3><\/td><\/tr><\/table><table><tr><td><div class=\"desc\"><\/p>\n<h4><a href=\"https:\/\/centromundolengua.com\/study-abroad-faqs\/college-and-university-study-abroad\/\">\u00c9TUDIANTS ET PARENTS<\/a><\/h4>\n<p><\/div><\/td><\/tr><\/table><\/div><\/div><\/div><\/div><\/div><div class=\"wpb_column vc_column_container vc_col-sm-4\"><div class=\"vc_column-inner\"><div class=\"wpb_wrapper\"><div class=\"q_image_with_text_over\"><div class=\"shader\" ><\/div><img decoding=\"async\" itemprop=\"image\" src=\"https:\/\/centromundolengua.com\/wp-content\/uploads\/2020\/05\/Spanish-course-college-students.jpg\" alt=\"Teacher\/advisor with student\" \/><div class=\"text\"><table><tr><td><h3 class=\"caption no_icon\" style=\"\">CONSEILLERS ET PROFESSEURS DE L'ENSEIGNEMENT SUP\u00c9RIEUR<\/h3><\/td><\/tr><\/table><table><tr><td><div class=\"desc\"><\/p>\n<h4><a href=\"https:\/\/centromundolengua.com\/study-abroad-faqs\/study-abroad-advisors-and-faculty-staff\/\">CONSEILLERS ET PROFESSEURS DE L'ENSEIGNEMENT SUP\u00c9RIEUR<\/a><\/h4>\n<p><\/div><\/td><\/tr><\/table><\/div><\/div><\/div><\/div><\/div><\/div><\/div><div      class=\"vc_row wpb_row section vc_row-fluid\" style=' text-align:left;'><div class=\"full_section_inner clearfix\"><div class=\"wpb_column vc_column_container vc_col-sm-4\"><div class=\"vc_column-inner\"><div class=\"wpb_wrapper\"><div class=\"q_image_with_text_over\"><div class=\"shader\" ><\/div><img decoding=\"async\" itemprop=\"image\" src=\"https:\/\/centromundolengua.com\/wp-content\/uploads\/2020\/05\/Spanish-course-adults.jpg\" alt=\"Adult study abroad FAQs\" \/><div class=\"text\"><table><tr><td><h3 class=\"caption no_icon translation-block\" style=\"color: #ffffff;\"><a href=\"https:\/\/centromundolengua.com\/study-abroad-faqs\/adult-study-abroad-programs-in-spain\/\" target=\"_self\">PROGRAMMES POUR<br>ADULTES INDIVIDUELS<\/a><\/h3><\/td><\/tr><\/table><table><tr><td><div class=\"desc\"><\/p>\n<h4 class=\" translation-block\"><a href=\"https:\/\/centromundolengua.com\/study-abroad-faqs\/adult-study-abroad-programs-in-spain\/\" target=\"_self\">PROGRAMMES POUR<br>ADULTES INDIVIDUELS<\/a><\/h4>\n<p><\/div><\/td><\/tr><\/table><\/div><\/div><\/div><\/div><\/div><div class=\"wpb_column vc_column_container vc_col-sm-4\"><div class=\"vc_column-inner\"><div class=\"wpb_wrapper\"><div class=\"q_image_with_text_over\"><div class=\"shader\" ><\/div><img decoding=\"async\" itemprop=\"image\" src=\"https:\/\/centromundolengua.com\/wp-content\/uploads\/2020\/05\/Spanish-teacher-course.jpg\" alt=\"Study abroad programs for Spanish teachers FAQs\" \/><div class=\"text\"><table><tr><td><h3 class=\"caption no_icon\" style=\"\">PROGRAMMES POUR PROFESSEURS D'ESPAGNOL<\/h3><\/td><\/tr><\/table><table><tr><td><div class=\"desc\"><\/p>\n<h4><a href=\"https:\/\/centromundolengua.com\/faqs\/programs-for-spanish-teachers\/\">PROGRAMMES POUR PROFESSEURS D'ESPAGNOL<\/a><\/h4>\n<p><\/div><\/td><\/tr><\/table><\/div><\/div><\/div><\/div><\/div><div class=\"wpb_column vc_column_container vc_col-sm-4\"><div class=\"vc_column-inner\"><div class=\"wpb_wrapper\"><div class=\"q_image_with_text_over\"><div class=\"shader\" ><\/div><img decoding=\"async\" itemprop=\"image\" src=\"https:\/\/centromundolengua.com\/wp-content\/uploads\/2020\/05\/Spanish-course-high-school.jpg\" alt=\"FAQs for school chaperones and educators\" \/><div class=\"text\"><table><tr><td><h3 class=\"caption no_icon\" style=\"\">ACCOMPAGNATEURS DE GROUPE ET \u00c9DUCATEURS<\/h3><\/td><\/tr><\/table><table><tr><td><div class=\"desc\"><\/p>\n<h4><a href=\"https:\/\/centromundolengua.com\/study-abroad-faqs\/school-chaperones-and-educators\/\">ACCOMPAGNATEURS DE GROUPE ET \u00c9DUCATEURS<\/a><\/h4>\n<p><\/div><\/td><\/tr><\/table><\/div><\/div><\/div><\/div><\/div><\/div><\/div>\n<\/div>","protected":false},"excerpt":{"rendered":"FAQs - \u00c9TUDIER \u00c0 L&#039;\u00c9TRANGER STUDY ABROAD FAQs MS\/HS STUDENTS AND PARENTS MS\/HS STUDENTS AND PARENTS COLLEGE STUDENTS AND PARENTS COLLEGE STUDENTS AND PARENTS COLLEGE ADVISORS AND FACULTY COLLEGE ADVISORS AND FACULTY PROGRAMS FOR INDIVIDUAL ADULTS PROGRAMS FOR INDIVIDUAL ADULTS PROGRAMS FOR SPANISH TEACHERS PROGRAMS...","protected":false},"author":1,"featured_media":40167,"parent":0,"menu_order":0,"comment_status":"closed","ping_status":"closed","template":"","meta":{"_acf_changed":false,"content-type":"","footnotes":""},"class_list":["post-36589","page","type-page","status-publish","has-post-thumbnail","hentry"],"acf":[],"yoast_head":"<!-- This site is optimized with the Yoast SEO plugin v27.0 - https:\/\/yoast.com\/product\/yoast-seo-wordpress\/ -->\n<title>Study abroad FAQs | Frequently asked questions | Centro MundoLengua<\/title>\n<meta name=\"description\" content=\"In our study abroad FAQs section, find the answers to the frequently asked questions about studying abroad in Spain with Centro MundoLengua!\" \/>\n<meta name=\"robots\" content=\"index, follow, max-snippet:-1, max-image-preview:large, max-video-preview:-1\" \/>\n<link rel=\"canonical\" href=\"https:\/\/centromundolengua.com\/fr\/faqs-etudier-a-l-etranger\/\" \/>\n<meta property=\"og:locale\" content=\"fr_FR\" \/>\n<meta property=\"og:type\" content=\"article\" \/>\n<meta property=\"og:title\" content=\"Study abroad FAQs | Frequently asked questions | Centro MundoLengua\" \/>\n<meta property=\"og:description\" content=\"In our study abroad FAQs section, find the answers to the frequently asked questions about studying abroad in Spain with Centro MundoLengua!\" \/>\n<meta property=\"og:url\" content=\"https:\/\/centromundolengua.com\/fr\/faqs-etudier-a-l-etranger\/\" \/>\n<meta property=\"og:site_name\" content=\"Centro MundoLengua\" \/>\n<meta property=\"article:modified_time\" content=\"2023-11-29T15:28:52+00:00\" \/>\n<meta property=\"og:image\" content=\"https:\/\/centromundolengua.com\/wp-content\/uploads\/2021\/04\/Study-abroad-FAQs.jpg\" \/>\n\t<meta property=\"og:image:width\" content=\"2000\" \/>\n\t<meta property=\"og:image:height\" content=\"1333\" \/>\n\t<meta property=\"og:image:type\" content=\"image\/jpeg\" \/>\n<meta name=\"twitter:card\" content=\"summary_large_image\" \/>\n<meta name=\"twitter:label1\" content=\"Dur\u00e9e de lecture est.\" \/>\n\t<meta name=\"twitter:data1\" content=\"1 minute\" \/>\n<script type=\"application\/ld+json\" class=\"yoast-schema-graph\">{\"@context\":\"https:\/\/schema.org\",\"@graph\":[{\"@type\":\"WebPage\",\"@id\":\"https:\/\/centromundolengua.com\/study-abroad-faqs\/\",\"url\":\"https:\/\/centromundolengua.com\/study-abroad-faqs\/\",\"name\":\"Study abroad FAQs | Frequently asked questions | Centro MundoLengua\",\"isPartOf\":{\"@id\":\"https:\/\/centromundolengua.com\/es\/#website\"},\"primaryImageOfPage\":{\"@id\":\"https:\/\/centromundolengua.com\/study-abroad-faqs\/#primaryimage\"},\"image\":{\"@id\":\"https:\/\/centromundolengua.com\/study-abroad-faqs\/#primaryimage\"},\"thumbnailUrl\":\"https:\/\/centromundolengua.com\/wp-content\/uploads\/2021\/04\/Study-abroad-FAQs.jpg\",\"datePublished\":\"2020-05-15T20:16:01+00:00\",\"dateModified\":\"2023-11-29T15:28:52+00:00\",\"description\":\"In our study abroad FAQs section, find the answers to the frequently asked questions about studying abroad in Spain with Centro MundoLengua!\",\"breadcrumb\":{\"@id\":\"https:\/\/centromundolengua.com\/study-abroad-faqs\/#breadcrumb\"},\"inLanguage\":\"fr-FR\",\"potentialAction\":[{\"@type\":\"ReadAction\",\"target\":[\"https:\/\/centromundolengua.com\/study-abroad-faqs\/\"]}]},{\"@type\":\"ImageObject\",\"inLanguage\":\"fr-FR\",\"@id\":\"https:\/\/centromundolengua.com\/study-abroad-faqs\/#primaryimage\",\"url\":\"https:\/\/centromundolengua.com\/wp-content\/uploads\/2021\/04\/Study-abroad-FAQs.jpg\",\"contentUrl\":\"https:\/\/centromundolengua.com\/wp-content\/uploads\/2021\/04\/Study-abroad-FAQs.jpg\",\"width\":2000,\"height\":1333,\"caption\":\"Study abroad FAQs\"},{\"@type\":\"BreadcrumbList\",\"@id\":\"https:\/\/centromundolengua.com\/study-abroad-faqs\/#breadcrumb\",\"itemListElement\":[{\"@type\":\"ListItem\",\"position\":1,\"name\":\"Home\",\"item\":\"https:\/\/centromundolengua.com\/\"},{\"@type\":\"ListItem\",\"position\":2,\"name\":\"STUDY ABROAD FAQS\"}]},{\"@type\":\"WebSite\",\"@id\":\"https:\/\/centromundolengua.com\/es\/#website\",\"url\":\"https:\/\/centromundolengua.com\/es\/\",\"name\":\"Centro MundoLengua\",\"description\":\"Language academy\",\"potentialAction\":[{\"@type\":\"SearchAction\",\"target\":{\"@type\":\"EntryPoint\",\"urlTemplate\":\"https:\/\/centromundolengua.com\/es\/?s={search_term_string}\"},\"query-input\":{\"@type\":\"PropertyValueSpecification\",\"valueRequired\":true,\"valueName\":\"search_term_string\"}}],\"inLanguage\":\"fr-FR\"}]}<\/script>\n<!-- \/ Yoast SEO plugin. -->","yoast_head_json":{"title":"Study abroad FAQs | Frequently asked questions | Centro MundoLengua","description":"In our study abroad FAQs section, find the answers to the frequently asked questions about studying abroad in Spain with Centro MundoLengua!","robots":{"index":"index","follow":"follow","max-snippet":"max-snippet:-1","max-image-preview":"max-image-preview:large","max-video-preview":"max-video-preview:-1"},"canonical":"https:\/\/centromundolengua.com\/fr\/faqs-etudier-a-l-etranger\/","og_locale":"fr_FR","og_type":"article","og_title":"Study abroad FAQs | Frequently asked questions | Centro MundoLengua","og_description":"In our study abroad FAQs section, find the answers to the frequently asked questions about studying abroad in Spain with Centro MundoLengua!","og_url":"https:\/\/centromundolengua.com\/fr\/faqs-etudier-a-l-etranger\/","og_site_name":"Centro MundoLengua","article_modified_time":"2023-11-29T15:28:52+00:00","og_image":[{"width":2000,"height":1333,"url":"https:\/\/centromundolengua.com\/wp-content\/uploads\/2021\/04\/Study-abroad-FAQs.jpg","type":"image\/jpeg"}],"twitter_card":"summary_large_image","twitter_misc":{"Dur\u00e9e de lecture est.":"1 minute"},"schema":{"@context":"https:\/\/schema.org","@graph":[{"@type":"WebPage","@id":"https:\/\/centromundolengua.com\/study-abroad-faqs\/","url":"https:\/\/centromundolengua.com\/study-abroad-faqs\/","name":"Study abroad FAQs | Frequently asked questions | Centro MundoLengua","isPartOf":{"@id":"https:\/\/centromundolengua.com\/es\/#website"},"primaryImageOfPage":{"@id":"https:\/\/centromundolengua.com\/study-abroad-faqs\/#primaryimage"},"image":{"@id":"https:\/\/centromundolengua.com\/study-abroad-faqs\/#primaryimage"},"thumbnailUrl":"https:\/\/centromundolengua.com\/wp-content\/uploads\/2021\/04\/Study-abroad-FAQs.jpg","datePublished":"2020-05-15T20:16:01+00:00","dateModified":"2023-11-29T15:28:52+00:00","description":"In our study abroad FAQs section, find the answers to the frequently asked questions about studying abroad in Spain with Centro MundoLengua!","breadcrumb":{"@id":"https:\/\/centromundolengua.com\/study-abroad-faqs\/#breadcrumb"},"inLanguage":"fr-FR","potentialAction":[{"@type":"ReadAction","target":["https:\/\/centromundolengua.com\/study-abroad-faqs\/"]}]},{"@type":"ImageObject","inLanguage":"fr-FR","@id":"https:\/\/centromundolengua.com\/study-abroad-faqs\/#primaryimage","url":"https:\/\/centromundolengua.com\/wp-content\/uploads\/2021\/04\/Study-abroad-FAQs.jpg","contentUrl":"https:\/\/centromundolengua.com\/wp-content\/uploads\/2021\/04\/Study-abroad-FAQs.jpg","width":2000,"height":1333,"caption":"Study abroad FAQs"},{"@type":"BreadcrumbList","@id":"https:\/\/centromundolengua.com\/study-abroad-faqs\/#breadcrumb","itemListElement":[{"@type":"ListItem","position":1,"name":"Home","item":"https:\/\/centromundolengua.com\/"},{"@type":"ListItem","position":2,"name":"STUDY ABROAD FAQS"}]},{"@type":"WebSite","@id":"https:\/\/centromundolengua.com\/es\/#website","url":"https:\/\/centromundolengua.com\/es\/","name":"Centro MundoLengua","description":"Language academy","potentialAction":[{"@type":"SearchAction","target":{"@type":"EntryPoint","urlTemplate":"https:\/\/centromundolengua.com\/es\/?s={search_term_string}"},"query-input":{"@type":"PropertyValueSpecification","valueRequired":true,"valueName":"search_term_string"}}],"inLanguage":"fr-FR"}]}},"_links":{"self":[{"href":"https:\/\/centromundolengua.com\/fr\/wp-json\/wp\/v2\/pages\/36589","targetHints":{"allow":["GET"]}}],"collection":[{"href":"https:\/\/centromundolengua.com\/fr\/wp-json\/wp\/v2\/pages"}],"about":[{"href":"https:\/\/centromundolengua.com\/fr\/wp-json\/wp\/v2\/types\/page"}],"author":[{"embeddable":true,"href":"https:\/\/centromundolengua.com\/fr\/wp-json\/wp\/v2\/users\/1"}],"replies":[{"embeddable":true,"href":"https:\/\/centromundolengua.com\/fr\/wp-json\/wp\/v2\/comments?post=36589"}],"version-history":[{"count":0,"href":"https:\/\/centromundolengua.com\/fr\/wp-json\/wp\/v2\/pages\/36589\/revisions"}],"wp:featuredmedia":[{"embeddable":true,"href":"https:\/\/centromundolengua.com\/fr\/wp-json\/wp\/v2\/media\/40167"}],"wp:attachment":[{"href":"https:\/\/centromundolengua.com\/fr\/wp-json\/wp\/v2\/media?parent=36589"}],"curies":[{"name":"wp","href":"https:\/\/api.w.org\/{rel}","templated":true}]}}