{"id":36268,"date":"2020-04-30T07:02:16","date_gmt":"2020-04-30T11:02:16","guid":{"rendered":"http:\/\/agenciajumpers.com\/centromundolengua\/?post_type=product&#038;p=36268"},"modified":"2026-05-05T03:36:51","modified_gmt":"2026-05-05T07:36:51","slug":"study-abroad-in-sevilla-spain-pablo-de-olavide-university","status":"publish","type":"product","link":"https:\/\/centromundolengua.com\/fr\/produit\/semestre-detudes-a-letranger-universite-pablo-de-olavide-de-seville\/","title":{"rendered":"\u00c9tudier \u00e0 l'\u00e9tranger \u2014 Universit\u00e9 Pablo de Olavide de S\u00e9ville"},"content":{"rendered":"","protected":false},"excerpt":{"rendered":"","protected":false},"featured_media":37802,"comment_status":"closed","ping_status":"closed","template":"","meta":{"_acf_changed":false,"content-type":""},"product_cat":[809],"product_tag":[],"class_list":["post-36268","product","type-product","status-publish","has-post-thumbnail","hentry","product_cat-semester-abroad-in-spain-college-and-university"],"acf":[],"yoast_head":"<!-- This site is optimized with the Yoast SEO plugin v27.0 - https:\/\/yoast.com\/product\/yoast-seo-wordpress\/ -->\n<title>Study abroad in Sevilla | Semester &amp; Summer Programs<\/title>\n<meta name=\"description\" content=\"Study abroad in Sevilla, Spain, and earn official credits! Courses available in all areas of study both in English and Spanish\" \/>\n<meta name=\"robots\" content=\"index, follow, max-snippet:-1, max-image-preview:large, max-video-preview:-1\" \/>\n<link rel=\"canonical\" href=\"https:\/\/centromundolengua.com\/fr\/produit\/semestre-detudes-a-letranger-universite-pablo-de-olavide-de-seville\/\" \/>\n<meta property=\"og:locale\" content=\"fr_FR\" \/>\n<meta property=\"og:type\" content=\"article\" \/>\n<meta property=\"og:title\" content=\"Study abroad in Sevilla | Semester &amp; Summer Programs\" \/>\n<meta property=\"og:description\" content=\"Study abroad in Sevilla, Spain, and earn official credits! Courses available in all areas of study both in English and Spanish\" \/>\n<meta property=\"og:url\" content=\"https:\/\/centromundolengua.com\/fr\/produit\/semestre-detudes-a-letranger-universite-pablo-de-olavide-de-seville\/\" \/>\n<meta property=\"og:site_name\" content=\"Centro MundoLengua\" \/>\n<meta property=\"article:modified_time\" content=\"2026-05-05T07:36:51+00:00\" \/>\n<meta property=\"og:image\" content=\"https:\/\/centromundolengua.com\/wp-content\/uploads\/2020\/04\/Study-abroad-in-Sevilla-University-Pablo-de-Olavide.jpg\" \/>\n\t<meta property=\"og:image:width\" content=\"2048\" \/>\n\t<meta property=\"og:image:height\" content=\"1366\" \/>\n\t<meta property=\"og:image:type\" content=\"image\/jpeg\" \/>\n<meta name=\"twitter:card\" content=\"summary_large_image\" \/>\n<meta name=\"twitter:image\" content=\"https:\/\/centromundolengua.com\/wp-content\/uploads\/2020\/04\/Study-abroad-in-Sevilla-University-Pablo-de-Olavide.jpg\" \/>\n<meta name=\"twitter:label1\" content=\"Dur\u00e9e de lecture est.\" \/>\n\t<meta name=\"twitter:data1\" content=\"1 minute\" \/>\n<script type=\"application\/ld+json\" class=\"yoast-schema-graph\">{\"@context\":\"https:\/\/schema.org\",\"@graph\":[{\"@type\":\"WebPage\",\"@id\":\"https:\/\/centromundolengua.com\/product\/study-abroad-in-sevilla-spain-pablo-de-olavide-university\/\",\"url\":\"https:\/\/centromundolengua.com\/product\/study-abroad-in-sevilla-spain-pablo-de-olavide-university\/\",\"name\":\"Study abroad in Sevilla | Semester & Summer Programs\",\"isPartOf\":{\"@id\":\"https:\/\/centromundolengua.com\/es\/#website\"},\"primaryImageOfPage\":{\"@id\":\"https:\/\/centromundolengua.com\/product\/study-abroad-in-sevilla-spain-pablo-de-olavide-university\/#primaryimage\"},\"image\":{\"@id\":\"https:\/\/centromundolengua.com\/product\/study-abroad-in-sevilla-spain-pablo-de-olavide-university\/#primaryimage\"},\"thumbnailUrl\":\"https:\/\/centromundolengua.com\/wp-content\/uploads\/2020\/04\/Study-abroad-program-spanish-university.jpg\",\"datePublished\":\"2020-04-30T11:02:16+00:00\",\"dateModified\":\"2026-05-05T07:36:51+00:00\",\"description\":\"Study abroad in Sevilla, Spain, and earn official credits! Courses available in all areas of study both in English and Spanish\",\"breadcrumb\":{\"@id\":\"https:\/\/centromundolengua.com\/product\/study-abroad-in-sevilla-spain-pablo-de-olavide-university\/#breadcrumb\"},\"inLanguage\":\"fr-FR\",\"potentialAction\":[{\"@type\":\"ReadAction\",\"target\":[\"https:\/\/centromundolengua.com\/product\/study-abroad-in-sevilla-spain-pablo-de-olavide-university\/\"]}]},{\"@type\":\"ImageObject\",\"inLanguage\":\"fr-FR\",\"@id\":\"https:\/\/centromundolengua.com\/product\/study-abroad-in-sevilla-spain-pablo-de-olavide-university\/#primaryimage\",\"url\":\"https:\/\/centromundolengua.com\/wp-content\/uploads\/2020\/04\/Study-abroad-program-spanish-university.jpg\",\"contentUrl\":\"https:\/\/centromundolengua.com\/wp-content\/uploads\/2020\/04\/Study-abroad-program-spanish-university.jpg\",\"width\":1000,\"height\":1000,\"caption\":\"Semester program for college students in Sevilla, Spain\"},{\"@type\":\"BreadcrumbList\",\"@id\":\"https:\/\/centromundolengua.com\/product\/study-abroad-in-sevilla-spain-pablo-de-olavide-university\/#breadcrumb\",\"itemListElement\":[{\"@type\":\"ListItem\",\"position\":1,\"name\":\"Home\",\"item\":\"https:\/\/centromundolengua.com\/\"},{\"@type\":\"ListItem\",\"position\":2,\"name\":\"Products\",\"item\":\"https:\/\/centromundolengua.com\/shop\/\"},{\"@type\":\"ListItem\",\"position\":3,\"name\":\"Study Abroad in Sevilla \u2014Pablo de Olavide University\"}]},{\"@type\":\"WebSite\",\"@id\":\"https:\/\/centromundolengua.com\/es\/#website\",\"url\":\"https:\/\/centromundolengua.com\/es\/\",\"name\":\"Centro MundoLengua\",\"description\":\"Language academy\",\"potentialAction\":[{\"@type\":\"SearchAction\",\"target\":{\"@type\":\"EntryPoint\",\"urlTemplate\":\"https:\/\/centromundolengua.com\/es\/?s={search_term_string}\"},\"query-input\":{\"@type\":\"PropertyValueSpecification\",\"valueRequired\":true,\"valueName\":\"search_term_string\"}}],\"inLanguage\":\"fr-FR\"}]}<\/script>\n<!-- \/ Yoast SEO plugin. -->","yoast_head_json":{"title":"Study abroad in Sevilla | Semester & Summer Programs","description":"Study abroad in Sevilla, Spain, and earn official credits! Courses available in all areas of study both in English and Spanish","robots":{"index":"index","follow":"follow","max-snippet":"max-snippet:-1","max-image-preview":"max-image-preview:large","max-video-preview":"max-video-preview:-1"},"canonical":"https:\/\/centromundolengua.com\/fr\/produit\/semestre-detudes-a-letranger-universite-pablo-de-olavide-de-seville\/","og_locale":"fr_FR","og_type":"article","og_title":"Study abroad in Sevilla | Semester & Summer Programs","og_description":"Study abroad in Sevilla, Spain, and earn official credits! Courses available in all areas of study both in English and Spanish","og_url":"https:\/\/centromundolengua.com\/fr\/produit\/semestre-detudes-a-letranger-universite-pablo-de-olavide-de-seville\/","og_site_name":"Centro MundoLengua","article_modified_time":"2026-05-05T07:36:51+00:00","og_image":[{"width":2048,"height":1366,"url":"https:\/\/centromundolengua.com\/wp-content\/uploads\/2020\/04\/Study-abroad-in-Sevilla-University-Pablo-de-Olavide.jpg","type":"image\/jpeg"}],"twitter_card":"summary_large_image","twitter_image":"https:\/\/centromundolengua.com\/wp-content\/uploads\/2020\/04\/Study-abroad-in-Sevilla-University-Pablo-de-Olavide.jpg","twitter_misc":{"Dur\u00e9e de lecture est.":"1 minute"},"schema":{"@context":"https:\/\/schema.org","@graph":[{"@type":"WebPage","@id":"https:\/\/centromundolengua.com\/product\/study-abroad-in-sevilla-spain-pablo-de-olavide-university\/","url":"https:\/\/centromundolengua.com\/product\/study-abroad-in-sevilla-spain-pablo-de-olavide-university\/","name":"Study abroad in Sevilla | Semester & Summer Programs","isPartOf":{"@id":"https:\/\/centromundolengua.com\/es\/#website"},"primaryImageOfPage":{"@id":"https:\/\/centromundolengua.com\/product\/study-abroad-in-sevilla-spain-pablo-de-olavide-university\/#primaryimage"},"image":{"@id":"https:\/\/centromundolengua.com\/product\/study-abroad-in-sevilla-spain-pablo-de-olavide-university\/#primaryimage"},"thumbnailUrl":"https:\/\/centromundolengua.com\/wp-content\/uploads\/2020\/04\/Study-abroad-program-spanish-university.jpg","datePublished":"2020-04-30T11:02:16+00:00","dateModified":"2026-05-05T07:36:51+00:00","description":"Study abroad in Sevilla, Spain, and earn official credits! Courses available in all areas of study both in English and Spanish","breadcrumb":{"@id":"https:\/\/centromundolengua.com\/product\/study-abroad-in-sevilla-spain-pablo-de-olavide-university\/#breadcrumb"},"inLanguage":"fr-FR","potentialAction":[{"@type":"ReadAction","target":["https:\/\/centromundolengua.com\/product\/study-abroad-in-sevilla-spain-pablo-de-olavide-university\/"]}]},{"@type":"ImageObject","inLanguage":"fr-FR","@id":"https:\/\/centromundolengua.com\/product\/study-abroad-in-sevilla-spain-pablo-de-olavide-university\/#primaryimage","url":"https:\/\/centromundolengua.com\/wp-content\/uploads\/2020\/04\/Study-abroad-program-spanish-university.jpg","contentUrl":"https:\/\/centromundolengua.com\/wp-content\/uploads\/2020\/04\/Study-abroad-program-spanish-university.jpg","width":1000,"height":1000,"caption":"Semester program for college students in Sevilla, Spain"},{"@type":"BreadcrumbList","@id":"https:\/\/centromundolengua.com\/product\/study-abroad-in-sevilla-spain-pablo-de-olavide-university\/#breadcrumb","itemListElement":[{"@type":"ListItem","position":1,"name":"Home","item":"https:\/\/centromundolengua.com\/"},{"@type":"ListItem","position":2,"name":"Products","item":"https:\/\/centromundolengua.com\/shop\/"},{"@type":"ListItem","position":3,"name":"Study Abroad in Sevilla \u2014Pablo de Olavide University"}]},{"@type":"WebSite","@id":"https:\/\/centromundolengua.com\/es\/#website","url":"https:\/\/centromundolengua.com\/es\/","name":"Centro MundoLengua","description":"Language academy","potentialAction":[{"@type":"SearchAction","target":{"@type":"EntryPoint","urlTemplate":"https:\/\/centromundolengua.com\/es\/?s={search_term_string}"},"query-input":{"@type":"PropertyValueSpecification","valueRequired":true,"valueName":"search_term_string"}}],"inLanguage":"fr-FR"}]}},"_links":{"self":[{"href":"https:\/\/centromundolengua.com\/fr\/wp-json\/wp\/v2\/product\/36268","targetHints":{"allow":["GET"]}}],"collection":[{"href":"https:\/\/centromundolengua.com\/fr\/wp-json\/wp\/v2\/product"}],"about":[{"href":"https:\/\/centromundolengua.com\/fr\/wp-json\/wp\/v2\/types\/product"}],"replies":[{"embeddable":true,"href":"https:\/\/centromundolengua.com\/fr\/wp-json\/wp\/v2\/comments?post=36268"}],"wp:featuredmedia":[{"embeddable":true,"href":"https:\/\/centromundolengua.com\/fr\/wp-json\/wp\/v2\/media\/37802"}],"wp:attachment":[{"href":"https:\/\/centromundolengua.com\/fr\/wp-json\/wp\/v2\/media?parent=36268"}],"wp:term":[{"taxonomy":"product_cat","embeddable":true,"href":"https:\/\/centromundolengua.com\/fr\/wp-json\/wp\/v2\/product_cat?post=36268"},{"taxonomy":"product_tag","embeddable":true,"href":"https:\/\/centromundolengua.com\/fr\/wp-json\/wp\/v2\/product_tag?post=36268"}],"curies":[{"name":"wp","href":"https:\/\/api.w.org\/{rel}","templated":true}]}}